{"id":19994,"date":"2024-11-12T06:19:20","date_gmt":"2024-11-12T06:19:20","guid":{"rendered":"https:\/\/www.nogometnionline.com\/?post_type=product&#038;p=19994"},"modified":"2025-03-11T02:24:45","modified_gmt":"2025-03-11T02:24:45","slug":"otroski-nogometni-dresi-kompleti-za-otroke-inter-milan-tretji-2024-25-alessandro-bastoni-95","status":"publish","type":"product","link":"https:\/\/www.nogometnizaotroke.com\/fr\/product\/otroski-nogometni-dresi-kompleti-za-otroke-inter-milan-tretji-2024-25-alessandro-bastoni-95\/","title":{"rendered":"Otro\u0161ki Nogometni Dresi Kompleti za otroke Inter Milan Tretji 2024-25 Alessandro Bastoni 95"},"content":{"rendered":"<p>Tretji komplet Inter Milan 24-25 dresi se zgleduje po tretjem kompletu ekipe Umbro 96-97.Tretji nogometni dresi Inter 2024-2025 ima edinstven in poseben dizajn z glavno barvo \u201cUniversity Gold\u201d v kombinaciji z zgornjim Swoosh in Interjevim grbom na sredini prsnega ko\u0161a.\u201dNotranji ponos\u201d na ovratniku slavi tudi Interjevo \u017eensko ekipo z letnico ustanovitve 1908 in letom 2018, v katerem je bilo ustanovljeno Inter Women.Tretji dres Inter Milan 24-25 ima dizajn z dvojnimi \u010drtami ob straneh z grafiko, ki jo je navdihnila milanska katedrala \u2013 arhitekturna znamenitost mesta Milano. Ta oblika spominja na tretji dres 96-97.<\/p>\n<p>Conseils pour les chaussettes : le T-shirt ne comprend pas de chaussettes par d\u00e9faut. Si vous souhaitez des chaussettes, s\u00e9lectionnez les options chaussettes pour les payer.<\/p>\n<p>Conseil d'impression : si le nom et le num\u00e9ro figurant dans l'image correspondent exactement \u00e0 ce que vous souhaitez, il n'est pas n\u00e9cessaire de les saisir \u00e0 nouveau. Si ce n'est pas le cas, entrez le nom et le num\u00e9ro que vous souhaitez.<\/p>\n<p>Conseil de lavage : il est recommand\u00e9 de laver les maillots de football \u00e0 la main. Si vous souhaitez utiliser une machine \u00e0 laver, n'oubliez pas de retourner le maillot avant de le laver. Remplissez la machine avec de l'eau froide et utilisez un cycle de lavage doux pour mieux prot\u00e9ger les couleurs.<\/p>","protected":false},"excerpt":{"rendered":"<p>Tretji komplet Inter Milan 24-25 dresi se zgleduje po tretjem kompletu ekipe Umbro 96-97.Tretji nogometni dresi Inter 2024-2025 ima edinstven in poseben dizajn z glavno barvo \u201cUniversity Gold\u201d v kombinaciji z zgornjim Swoosh in Interjevim grbom na sredini prsnega ko\u0161a.\u201dNotranji ponos\u201d na ovratniku slavi tudi Interjevo \u017eensko ekipo z letnico ustanovitve 1908 in letom 2018, [&hellip;]<\/p>","protected":false},"featured_media":19996,"comment_status":"open","ping_status":"closed","template":"","meta":[],"product_brand":[],"product_cat":[73,47],"product_tag":[1224,1228,153,480,479,1229,1227,148,197,147],"class_list":{"0":"post-19994","1":"product","2":"type-product","3":"status-publish","4":"has-post-thumbnail","6":"product_cat-otroski","7":"product_cat-nogometni-dresi-inter-milan","8":"product_tag-alessandro-bastoni-dresi","9":"product_tag-dresi-inter-milan-za-otroke","10":"product_tag-nogometni-dresi","11":"product_tag-nogometni-dresi-inter-milan-prodaja","12":"product_tag-nogometni-dresi-inter-milan-z-lastnim-tiskom","13":"product_tag-otroski-dresi-inter-milan-z-lastnim-imenom","14":"product_tag-otroski-nogometni-dresi-inter-milan","15":"product_tag-poceni-nogometni-dresi","16":"product_tag-poceni-nogometni-dresi-inter-milan-z-lastnim-imenom-online","17":"product_tag-slovenski-nogometni-dresi","19":"first","20":"instock","21":"shipping-taxable","22":"purchasable","23":"product-type-variable"},"_links":{"self":[{"href":"https:\/\/www.nogometnizaotroke.com\/fr\/wp-json\/wp\/v2\/product\/19994","targetHints":{"allow":["GET"]}}],"collection":[{"href":"https:\/\/www.nogometnizaotroke.com\/fr\/wp-json\/wp\/v2\/product"}],"about":[{"href":"https:\/\/www.nogometnizaotroke.com\/fr\/wp-json\/wp\/v2\/types\/product"}],"replies":[{"embeddable":true,"href":"https:\/\/www.nogometnizaotroke.com\/fr\/wp-json\/wp\/v2\/comments?post=19994"}],"wp:featuredmedia":[{"embeddable":true,"href":"https:\/\/www.nogometnizaotroke.com\/fr\/wp-json\/wp\/v2\/media\/19996"}],"wp:attachment":[{"href":"https:\/\/www.nogometnizaotroke.com\/fr\/wp-json\/wp\/v2\/media?parent=19994"}],"wp:term":[{"taxonomy":"product_brand","embeddable":true,"href":"https:\/\/www.nogometnizaotroke.com\/fr\/wp-json\/wp\/v2\/product_brand?post=19994"},{"taxonomy":"product_cat","embeddable":true,"href":"https:\/\/www.nogometnizaotroke.com\/fr\/wp-json\/wp\/v2\/product_cat?post=19994"},{"taxonomy":"product_tag","embeddable":true,"href":"https:\/\/www.nogometnizaotroke.com\/fr\/wp-json\/wp\/v2\/product_tag?post=19994"}],"curies":[{"name":"wp","href":"https:\/\/api.w.org\/{rel}","templated":true}]}}