{"id":19946,"date":"2024-11-12T05:29:11","date_gmt":"2024-11-12T05:29:11","guid":{"rendered":"https:\/\/www.nogometnionline.com\/?post_type=product&#038;p=19946"},"modified":"2024-12-19T09:30:49","modified_gmt":"2024-12-19T09:30:49","slug":"otroski-nogometni-dresi-kompleti-za-otroke-inter-milan-gostujoci-2024-25-z-lastnim-tiskom","status":"publish","type":"product","link":"https:\/\/www.nogometnizaotroke.com\/fr\/product\/otroski-nogometni-dresi-kompleti-za-otroke-inter-milan-gostujoci-2024-25-z-lastnim-tiskom\/","title":{"rendered":"Otro\u0161ki Nogometni Dresi Kompleti za otroke Inter Milan Gostujo\u010di 2024-25 z lastnim tiskom"},"content":{"rendered":"<p>Novi dizajn Inter Milan 2024\/25 Gostujo\u010di dresi prevladuje sve\u017ea bela podlaga, ki simbolizira utele\u0161enje milanskega sloga in elegance. To neokrnjeno platno je premi\u0161ljeno poudarjeno s subtilnimi sivimi toni, barvo, ki je globoko zakoreninjena v DNK Interja, ki krasi ramena, prsi in rokave.V sredi\u0161\u010du nogometni dresi 2024 2025 je identiteta milanskega Vinterja ponosno prikazana z vrnitvijo motiva ribarnice. Klubska zna\u010dka z monogramom in dve zvezdi, ki predstavljata zdaj \u017ee dvajset Sudetov, sta na vidnem mestu nad srcem in stalen opomnik na slavno zgodovino ekipe. Dodatek klasi\u010dnega ovratnika dizajnu srajce vzbuja ob\u010dutek nostalgije in obuja spomine na ne\u0161teto nepozabnih trenutkov v nogometni zgodovini.<\/p>\n<p>Conseils pour les chaussettes : le T-shirt ne comprend pas de chaussettes par d\u00e9faut. Si vous souhaitez des chaussettes, s\u00e9lectionnez les options chaussettes pour les payer.<\/p>\n<p>Conseil d'impression : si le nom et le num\u00e9ro figurant dans l'image correspondent exactement \u00e0 ce que vous souhaitez, il n'est pas n\u00e9cessaire de les saisir \u00e0 nouveau. Si ce n'est pas le cas, entrez le nom et le num\u00e9ro que vous souhaitez.<\/p>\n<p>Conseil de lavage : il est recommand\u00e9 de laver les maillots de football \u00e0 la main. Si vous souhaitez utiliser une machine \u00e0 laver, n'oubliez pas de retourner le maillot avant de le laver. Remplissez la machine avec de l'eau froide et utilisez un cycle de lavage doux pour mieux prot\u00e9ger les couleurs.<\/p>","protected":false},"excerpt":{"rendered":"<p>Novi dizajn Inter Milan 2024\/25 Gostujo\u010di dresi prevladuje sve\u017ea bela podlaga, ki simbolizira utele\u0161enje milanskega sloga in elegance. To neokrnjeno platno je premi\u0161ljeno poudarjeno s subtilnimi sivimi toni, barvo, ki je globoko zakoreninjena v DNK Interja, ki krasi ramena, prsi in rokave.V sredi\u0161\u010du nogometni dresi 2024 2025 je identiteta milanskega Vinterja ponosno prikazana z vrnitvijo [&hellip;]<\/p>","protected":false},"featured_media":19948,"comment_status":"open","ping_status":"closed","template":"","meta":[],"product_brand":[],"product_cat":[73,47],"product_tag":[1228,153,480,479,1229,1227,148,197,147],"class_list":{"0":"post-19946","1":"product","2":"type-product","3":"status-publish","4":"has-post-thumbnail","6":"product_cat-otroski","7":"product_cat-nogometni-dresi-inter-milan","8":"product_tag-dresi-inter-milan-za-otroke","9":"product_tag-nogometni-dresi","10":"product_tag-nogometni-dresi-inter-milan-prodaja","11":"product_tag-nogometni-dresi-inter-milan-z-lastnim-tiskom","12":"product_tag-otroski-dresi-inter-milan-z-lastnim-imenom","13":"product_tag-otroski-nogometni-dresi-inter-milan","14":"product_tag-poceni-nogometni-dresi","15":"product_tag-poceni-nogometni-dresi-inter-milan-z-lastnim-imenom-online","16":"product_tag-slovenski-nogometni-dresi","18":"first","19":"instock","20":"shipping-taxable","21":"purchasable","22":"product-type-variable"},"_links":{"self":[{"href":"https:\/\/www.nogometnizaotroke.com\/fr\/wp-json\/wp\/v2\/product\/19946","targetHints":{"allow":["GET"]}}],"collection":[{"href":"https:\/\/www.nogometnizaotroke.com\/fr\/wp-json\/wp\/v2\/product"}],"about":[{"href":"https:\/\/www.nogometnizaotroke.com\/fr\/wp-json\/wp\/v2\/types\/product"}],"replies":[{"embeddable":true,"href":"https:\/\/www.nogometnizaotroke.com\/fr\/wp-json\/wp\/v2\/comments?post=19946"}],"wp:featuredmedia":[{"embeddable":true,"href":"https:\/\/www.nogometnizaotroke.com\/fr\/wp-json\/wp\/v2\/media\/19948"}],"wp:attachment":[{"href":"https:\/\/www.nogometnizaotroke.com\/fr\/wp-json\/wp\/v2\/media?parent=19946"}],"wp:term":[{"taxonomy":"product_brand","embeddable":true,"href":"https:\/\/www.nogometnizaotroke.com\/fr\/wp-json\/wp\/v2\/product_brand?post=19946"},{"taxonomy":"product_cat","embeddable":true,"href":"https:\/\/www.nogometnizaotroke.com\/fr\/wp-json\/wp\/v2\/product_cat?post=19946"},{"taxonomy":"product_tag","embeddable":true,"href":"https:\/\/www.nogometnizaotroke.com\/fr\/wp-json\/wp\/v2\/product_tag?post=19946"}],"curies":[{"name":"wp","href":"https:\/\/api.w.org\/{rel}","templated":true}]}}