{"id":19928,"date":"2024-11-11T02:44:26","date_gmt":"2024-11-11T02:44:26","guid":{"rendered":"https:\/\/www.nogometnionline.com\/?post_type=product&#038;p=19928"},"modified":"2024-11-11T03:04:31","modified_gmt":"2024-11-11T03:04:31","slug":"poceni-moski-nogometni-dresi-ajax-tretji-2024-25-bela-z-lastnim-imenom-online","status":"publish","type":"product","link":"https:\/\/www.nogometnizaotroke.com\/fr\/product\/poceni-moski-nogometni-dresi-ajax-tretji-2024-25-bela-z-lastnim-imenom-online\/","title":{"rendered":"Poceni Mo\u0161ki Nogometni dresi Ajax Tretji 2024-25 bela z lastnim imenom online"},"content":{"rendered":"<p>Nova tretji nogometni dresi majica AFC Ajax 2024-25 je prete\u017eno \u201cClear Grey\u201d v kombinaciji s temno poudarjeno barvo.\u0160e en klju\u010dni oblikovni element novega dresa Ajax 24-25 za tretje gostovanje je seveda subtilen geometrijski vzorec na sprednji in zadnji strani. Na vzorcu so znameniti trije kri\u017ei amsterdamske zastave. Kri\u017e se v manj\u0161i obliki pojavlja tudi na zgornjem delu hrbta dresa, pod ovratnikom.Tretji dres Ajax 24-25 ima na sprednji strani geometrijski vzorec, ki ga navdihuje arhitekturni slog amsterdamske \u0161ole. Arhitekturni slog, ki ga lahko opazimo po vsem mestu in je, tako kot \u0161ola Ajax, za katerega je zna\u010dilna uporaba ekspresivnih in domiselnih oblik.<\/p>\n<p>Conseils pour les chaussettes : le T-shirt ne comprend pas de chaussettes par d\u00e9faut. Si vous souhaitez des chaussettes, s\u00e9lectionnez les options chaussettes pour les payer.<\/p>\n<p>Conseil d'impression : si le nom et le num\u00e9ro figurant dans l'image correspondent exactement \u00e0 ce que vous souhaitez, il n'est pas n\u00e9cessaire de les saisir \u00e0 nouveau. Si ce n'est pas le cas, entrez le nom et le num\u00e9ro que vous souhaitez.<\/p>\n<p>Conseil de lavage : il est recommand\u00e9 de laver les maillots de football \u00e0 la main. Si vous souhaitez utiliser une machine \u00e0 laver, n'oubliez pas de retourner le maillot avant de le laver. Remplissez la machine avec de l'eau froide et utilisez un cycle de lavage doux pour mieux prot\u00e9ger les couleurs.<\/p>","protected":false},"excerpt":{"rendered":"<p>Nova tretji nogometni dresi majica AFC Ajax 2024-25 je prete\u017eno \u201cClear Grey\u201d v kombinaciji s temno poudarjeno barvo.\u0160e en klju\u010dni oblikovni element novega dresa Ajax 24-25 za tretje gostovanje je seveda subtilen geometrijski vzorec na sprednji in zadnji strani. Na vzorcu so znameniti trije kri\u017ei amsterdamske zastave. Kri\u017e se v manj\u0161i obliki pojavlja tudi na [&hellip;]<\/p>","protected":false},"featured_media":19930,"comment_status":"open","ping_status":"closed","template":"","meta":[],"product_brand":[],"product_cat":[140,57],"product_tag":[1022,150,1023,153,1028,148,1027,147],"class_list":{"0":"post-19928","1":"product","2":"type-product","3":"status-publish","4":"has-post-thumbnail","6":"product_cat-moski","7":"product_cat-nogometni-dresi-ajax","8":"product_tag-moski-dresi-ajax-z-lastnim-imenom","9":"product_tag-moski-nogometni-dresi","10":"product_tag-moski-nogometni-dresi-ajax","11":"product_tag-nogometni-dresi","12":"product_tag-nogometni-dresi-ajax-z-lastnim-imenom","13":"product_tag-poceni-nogometni-dresi","14":"product_tag-poceni-nogometni-dresi-ajax","15":"product_tag-slovenski-nogometni-dresi","17":"first","18":"instock","19":"shipping-taxable","20":"purchasable","21":"product-type-variable"},"_links":{"self":[{"href":"https:\/\/www.nogometnizaotroke.com\/fr\/wp-json\/wp\/v2\/product\/19928","targetHints":{"allow":["GET"]}}],"collection":[{"href":"https:\/\/www.nogometnizaotroke.com\/fr\/wp-json\/wp\/v2\/product"}],"about":[{"href":"https:\/\/www.nogometnizaotroke.com\/fr\/wp-json\/wp\/v2\/types\/product"}],"replies":[{"embeddable":true,"href":"https:\/\/www.nogometnizaotroke.com\/fr\/wp-json\/wp\/v2\/comments?post=19928"}],"wp:featuredmedia":[{"embeddable":true,"href":"https:\/\/www.nogometnizaotroke.com\/fr\/wp-json\/wp\/v2\/media\/19930"}],"wp:attachment":[{"href":"https:\/\/www.nogometnizaotroke.com\/fr\/wp-json\/wp\/v2\/media?parent=19928"}],"wp:term":[{"taxonomy":"product_brand","embeddable":true,"href":"https:\/\/www.nogometnizaotroke.com\/fr\/wp-json\/wp\/v2\/product_brand?post=19928"},{"taxonomy":"product_cat","embeddable":true,"href":"https:\/\/www.nogometnizaotroke.com\/fr\/wp-json\/wp\/v2\/product_cat?post=19928"},{"taxonomy":"product_tag","embeddable":true,"href":"https:\/\/www.nogometnizaotroke.com\/fr\/wp-json\/wp\/v2\/product_tag?post=19928"}],"curies":[{"name":"wp","href":"https:\/\/api.w.org\/{rel}","templated":true}]}}