{"id":19664,"date":"2024-11-07T08:35:40","date_gmt":"2024-11-07T08:35:40","guid":{"rendered":"https:\/\/www.nogometnionline.com\/?post_type=product&#038;p=19664"},"modified":"2024-11-07T08:35:44","modified_gmt":"2024-11-07T08:35:44","slug":"moski-nogometni-dresi-za-ekipe-tottenham-hotspur-gostujoci-2024-25-yves-bissouma-8","status":"publish","type":"product","link":"https:\/\/www.nogometnizaotroke.com\/fr\/product\/moski-nogometni-dresi-za-ekipe-tottenham-hotspur-gostujoci-2024-25-yves-bissouma-8\/","title":{"rendered":"Hommes Tottenham Hotspur Away Soccer Jerseys 2024-25 Yves Bissouma 8"},"content":{"rendered":"<p>C'est un retour aux ann\u00e9es 1980. Reproduisant certains des meilleurs et des plus ironiques kits du d\u00e9but des ann\u00e9es 80, ce maillot away de Tottenham Hotspur 2024-2025 est un gagnant instantan\u00e9 avec une palette de couleurs et un mod\u00e8le de conception qui capture le glamour du style tout en le gardant discret. Le d\u00e9but des ann\u00e9es 80 a \u00e9t\u00e9 une p\u00e9riode o\u00f9 Tottenham a adopt\u00e9 le bleu vif comme couleur du club, souvent sur les deuxi\u00e8me et troisi\u00e8me maillots, et ces c\u00e9l\u00e8bres kits comprenaient le m\u00e9morable sponsor Bosporus fi\u00e8rement sur le devant - un qui est rest\u00e9 avec le club pendant plus d'une d\u00e9cennie. Deux FA Cups, un Community Shield et une Coupe d'Europe remport\u00e9e entre 80 et 85 r\u00e9sument une \u00e9poque couronn\u00e9e de succ\u00e8s et restent en bleu vif alors que les Spurs tentent de r\u00e9it\u00e9rer ce succ\u00e8s cette saison. Le kit away 2024\/25 de Tottenham Hotspur pr\u00e9sente un design \u00e9l\u00e9gant et contemporain avec une base marine profonde accentu\u00e9e par des d\u00e9tails audacieux et vibrants en bleu et en marron. Le maillot pr\u00e9sente un motif frappant de rayures diagonales qui ajoute une touche dynamique et contemporaine.<\/p>\n<p>Conseils pour les chaussettes : le T-shirt ne comprend pas de chaussettes par d\u00e9faut. Si vous souhaitez des chaussettes, s\u00e9lectionnez les options chaussettes pour les payer.<\/p>\n<p>Conseil d'impression : si le nom et le num\u00e9ro figurant dans l'image correspondent exactement \u00e0 ce que vous souhaitez, il n'est pas n\u00e9cessaire de les saisir \u00e0 nouveau. Si ce n'est pas le cas, entrez le nom et le num\u00e9ro que vous souhaitez.<\/p>\n<p>Conseil de lavage : il est recommand\u00e9 de laver les maillots de football \u00e0 la main. Si vous souhaitez utiliser une machine \u00e0 laver, n'oubliez pas de retourner le maillot avant de le laver. Remplissez la machine avec de l'eau froide et utilisez un cycle de lavage doux pour mieux prot\u00e9ger les couleurs.<\/p>","protected":false},"excerpt":{"rendered":"<p>Ta je vrnitev v 80. leta. Ta Nogometni dresi Tottenham Hotspur Gostujo\u010di 2024-2025, ki posnema nekatere izmed najbolj\u0161ih in najbolj ironi\u010dnih kompletov iz zgodnjih 80-ih, je takoj\u0161en zmagovalec z barvno paleto in oblikovno predlogo, ki ujame slogovni bli\u0161\u010d, hkrati pa ga ohranja nizko. Zgodnja 80. leta je obdobje, ko je Tottenham sprejel svetlo modro kot [&hellip;]<\/p>","protected":false},"featured_media":19666,"comment_status":"open","ping_status":"closed","template":"","meta":[],"product_brand":[],"product_cat":[140,42],"product_tag":[545,547,546,768,148,952,1418],"class_list":{"0":"post-19664","1":"product","2":"type-product","3":"status-publish","4":"has-post-thumbnail","6":"product_cat-moski","7":"product_cat-nogometni-dresi-tottenham-hotspur","8":"product_tag-nogometni-dresi-slovenija","9":"product_tag-nogometni-dresi-tottenham-hotspur-prodaja","10":"product_tag-nogometni-dresi-tottenham-hotspur-z-lastnim-tiskom","11":"product_tag-poceni-moski-nogometni-dresi","12":"product_tag-poceni-nogometni-dresi","13":"product_tag-poceni-nogometni-dresi-tottenham-hotspur","14":"product_tag-yves-bissouma-dresi","16":"first","17":"instock","18":"shipping-taxable","19":"purchasable","20":"product-type-variable"},"_links":{"self":[{"href":"https:\/\/www.nogometnizaotroke.com\/fr\/wp-json\/wp\/v2\/product\/19664","targetHints":{"allow":["GET"]}}],"collection":[{"href":"https:\/\/www.nogometnizaotroke.com\/fr\/wp-json\/wp\/v2\/product"}],"about":[{"href":"https:\/\/www.nogometnizaotroke.com\/fr\/wp-json\/wp\/v2\/types\/product"}],"replies":[{"embeddable":true,"href":"https:\/\/www.nogometnizaotroke.com\/fr\/wp-json\/wp\/v2\/comments?post=19664"}],"wp:featuredmedia":[{"embeddable":true,"href":"https:\/\/www.nogometnizaotroke.com\/fr\/wp-json\/wp\/v2\/media\/19666"}],"wp:attachment":[{"href":"https:\/\/www.nogometnizaotroke.com\/fr\/wp-json\/wp\/v2\/media?parent=19664"}],"wp:term":[{"taxonomy":"product_brand","embeddable":true,"href":"https:\/\/www.nogometnizaotroke.com\/fr\/wp-json\/wp\/v2\/product_brand?post=19664"},{"taxonomy":"product_cat","embeddable":true,"href":"https:\/\/www.nogometnizaotroke.com\/fr\/wp-json\/wp\/v2\/product_cat?post=19664"},{"taxonomy":"product_tag","embeddable":true,"href":"https:\/\/www.nogometnizaotroke.com\/fr\/wp-json\/wp\/v2\/product_tag?post=19664"}],"curies":[{"name":"wp","href":"https:\/\/api.w.org\/{rel}","templated":true}]}}