{"id":19266,"date":"2024-10-31T13:50:52","date_gmt":"2024-10-31T13:50:52","guid":{"rendered":"https:\/\/www.nogometnionline.com\/?post_type=product&#038;p=19266"},"modified":"2024-10-31T13:50:56","modified_gmt":"2024-10-31T13:50:56","slug":"moski-nogometni-dresi-kompleti-juventus-domaci-2024-25-paulo-dybala-10","status":"publish","type":"product","link":"https:\/\/www.nogometnizaotroke.com\/fr\/product\/moski-nogometni-dresi-kompleti-juventus-domaci-2024-25-paulo-dybala-10\/","title":{"rendered":"Mo\u0161ki Nogometni dresi kompleti Juventus Doma\u010di 2024-25 Paulo Dybala 10"},"content":{"rendered":"<p>Izstopajo\u010da zna\u010dilnost Juventus Doma\u010di 2024-25 nogometni dresi je grafika kraterja, ki spominja na zna\u010dilno pokrajino lunine povr\u0161ine. Ta edinstveni vzorec je brezhibno integriran v klasi\u010dni \u010drno-beli \u010drtasti dizajn, kar ustvarja dinami\u010dno medsebojno igro, ki pritegne poglede in razvnema domi\u0161ljijo.<\/p>\n<p>Z vklju\u010ditvijo tega lunarnega motiva daje Juventus mo\u010dno izjavo o pionirskem duhu kluba in njegovi predanosti premikanju meja tako na igri\u0161\u010du kot izven njega.Dres ima edinstveno strukturirano tkanino, natan\u010dno izdelano s 3D in\u017eenirsko metodo. Rezultat tega inovativnega pristopa je tros lojna konstrukcija, ki obla\u010dilu doda vizualno in otipljivo zanimivost. Teksturi rane podrobnosti natan\u010dno posnemajo valovito povr\u0161ino lune in zagotavljajo \u010dutno izku\u0161njo, ki presega zgolj estetiko.<\/p>\n<p>Conseils pour les chaussettes : le T-shirt ne comprend pas de chaussettes par d\u00e9faut. Si vous souhaitez des chaussettes, s\u00e9lectionnez les options chaussettes pour les payer.<\/p>\n<p>Conseil d'impression : si le nom et le num\u00e9ro figurant dans l'image correspondent exactement \u00e0 ce que vous souhaitez, il n'est pas n\u00e9cessaire de les saisir \u00e0 nouveau. Si ce n'est pas le cas, entrez le nom et le num\u00e9ro que vous souhaitez.<\/p>\n<p>Conseil de lavage : il est recommand\u00e9 de laver les maillots de football \u00e0 la main. Si vous souhaitez utiliser une machine \u00e0 laver, n'oubliez pas de retourner le maillot avant de le laver. Remplissez la machine avec de l'eau froide et utilisez un cycle de lavage doux pour mieux prot\u00e9ger les couleurs.<\/p>","protected":false},"excerpt":{"rendered":"<p>Izstopajo\u010da zna\u010dilnost Juventus Doma\u010di 2024-25 nogometni dresi je grafika kraterja, ki spominja na zna\u010dilno pokrajino lunine povr\u0161ine. Ta edinstveni vzorec je brezhibno integriran v klasi\u010dni \u010drno-beli \u010drtasti dizajn, kar ustvarja dinami\u010dno medsebojno igro, ki pritegne poglede in razvnema domi\u0161ljijo. Z vklju\u010ditvijo tega lunarnega motiva daje Juventus mo\u010dno izjavo o pionirskem duhu kluba in njegovi predanosti [&hellip;]<\/p>","protected":false},"featured_media":19268,"comment_status":"open","ping_status":"closed","template":"","meta":[],"product_brand":[],"product_cat":[140,36],"product_tag":[150,153,1095,1233,148,1094,198,373,147],"class_list":{"0":"post-19266","1":"product","2":"type-product","3":"status-publish","4":"has-post-thumbnail","6":"product_cat-moski","7":"product_cat-nogometni-dresi-juventus","8":"product_tag-moski-nogometni-dresi","9":"product_tag-nogometni-dresi","10":"product_tag-nogometni-dresi-juventus-z-lastnim-imenom","11":"product_tag-paulo-dybala-dresi","12":"product_tag-poceni-nogometni-dresi","13":"product_tag-poceni-nogometni-dresi-juventus","14":"product_tag-poceni-nogometni-dresi-juventus-z-lastnim-imenom-online","15":"product_tag-poceni-otroski-nogometni-dresi-juventus-z-lastnim-imenom","16":"product_tag-slovenski-nogometni-dresi","18":"first","19":"instock","20":"shipping-taxable","21":"purchasable","22":"product-type-variable"},"_links":{"self":[{"href":"https:\/\/www.nogometnizaotroke.com\/fr\/wp-json\/wp\/v2\/product\/19266","targetHints":{"allow":["GET"]}}],"collection":[{"href":"https:\/\/www.nogometnizaotroke.com\/fr\/wp-json\/wp\/v2\/product"}],"about":[{"href":"https:\/\/www.nogometnizaotroke.com\/fr\/wp-json\/wp\/v2\/types\/product"}],"replies":[{"embeddable":true,"href":"https:\/\/www.nogometnizaotroke.com\/fr\/wp-json\/wp\/v2\/comments?post=19266"}],"wp:featuredmedia":[{"embeddable":true,"href":"https:\/\/www.nogometnizaotroke.com\/fr\/wp-json\/wp\/v2\/media\/19268"}],"wp:attachment":[{"href":"https:\/\/www.nogometnizaotroke.com\/fr\/wp-json\/wp\/v2\/media?parent=19266"}],"wp:term":[{"taxonomy":"product_brand","embeddable":true,"href":"https:\/\/www.nogometnizaotroke.com\/fr\/wp-json\/wp\/v2\/product_brand?post=19266"},{"taxonomy":"product_cat","embeddable":true,"href":"https:\/\/www.nogometnizaotroke.com\/fr\/wp-json\/wp\/v2\/product_cat?post=19266"},{"taxonomy":"product_tag","embeddable":true,"href":"https:\/\/www.nogometnizaotroke.com\/fr\/wp-json\/wp\/v2\/product_tag?post=19266"}],"curies":[{"name":"wp","href":"https:\/\/api.w.org\/{rel}","templated":true}]}}