{"id":18722,"date":"2024-10-21T07:35:49","date_gmt":"2024-10-21T07:35:49","guid":{"rendered":"https:\/\/www.nogometnionline.com\/?post_type=product&#038;p=18722"},"modified":"2024-10-21T07:35:54","modified_gmt":"2024-10-21T07:35:54","slug":"otroski-nogometni-dresi-komplet-za-otroke-arsenal-gostujoci-2024-25-jakub-kiwior-15","status":"publish","type":"product","link":"https:\/\/www.nogometnizaotroke.com\/fr\/product\/otroski-nogometni-dresi-komplet-za-otroke-arsenal-gostujoci-2024-25-jakub-kiwior-15\/","title":{"rendered":"Jeu de maillots de football pour enfants Arsenal Away 2024-25 Jakub Kiwior 15"},"content":{"rendered":"<p>Le maillot ext\u00e9rieur d'Arsenal 2024-25 pr\u00e9sente une couleur de base noire combin\u00e9e \u00e0 du rouge et du vert en hommage aux anciens joueurs d'Arsenal David Rocastle et Ian Wright.Ces couleurs figuraient d\u00e9j\u00e0 sur le maillot en \u00e9dition limit\u00e9e, con\u00e7u pour c\u00e9l\u00e9brer l'amiti\u00e9 entre les l\u00e9gendes du club Wrighty et Rocky Rocastle (Ian Wright &amp; David Rocastle). Le nom de l'entra\u00eeneur, Honor Oak, est un clin d'\u0153il au quartier de Londres o\u00f9 les deux joueurs ont grandi.Le haut du maillot away d'Arsenal 2024-2025 est rouge, le logo est vert et le logo Emirates Fly Better est blanc. Le maillot ext\u00e9rieur d'Arsenal 2024-25 est orn\u00e9 d'un motif graphique blanc sur le haut, le devant et le bas du maillot.<\/p>\n<p>Conseils pour les chaussettes : le T-shirt ne comprend pas de chaussettes par d\u00e9faut. Si vous souhaitez des chaussettes, s\u00e9lectionnez les options chaussettes pour les payer.<\/p>\n<p>Conseil d'impression : si le nom et le num\u00e9ro figurant dans l'image correspondent exactement \u00e0 ce que vous souhaitez, il n'est pas n\u00e9cessaire de les saisir \u00e0 nouveau. Si ce n'est pas le cas, entrez le nom et le num\u00e9ro que vous souhaitez.<\/p>\n<p>Conseil de lavage : il est recommand\u00e9 de laver les maillots de football \u00e0 la main. Si vous souhaitez utiliser une machine \u00e0 laver, n'oubliez pas de retourner le maillot avant de le laver. Remplissez la machine avec de l'eau froide et utilisez un cycle de lavage doux pour mieux prot\u00e9ger les couleurs.<\/p>","protected":false},"excerpt":{"rendered":"<p>Gostujo\u010di dres Arsenal 2024-25 ima \u010drno osnovno barvo v kombinaciji z rde\u010do in zeleno kot poklon nekdanjima igralcema Arsenal Davidu Rocastlu in Ianu Wrightu.Te barve so \u017ee bile predstavljene na dresu iz omejene izdaje, ki je bil zasnovan za praznovanje prijateljstva med klubskima legendama Wrightyjem in Rockyjem Rocastlom (Ian Wright &amp; David Rocastle). Trenerjevo ime, [&hellip;]<\/p>","protected":false},"featured_media":18724,"comment_status":"open","ping_status":"closed","template":"","meta":[],"product_brand":[],"product_cat":[73,38],"product_tag":[996,1155,153,220,997,159,995,148,189,147],"class_list":{"0":"post-18722","1":"product","2":"type-product","3":"status-publish","4":"has-post-thumbnail","6":"product_cat-otroski","7":"product_cat-nogometni-dresi-arsenal","8":"product_tag-dresi-arsenal-za-otroke","9":"product_tag-jakub-kiwior-dresi","10":"product_tag-nogometni-dresi","11":"product_tag-nogometni-dresi-za-otroke","12":"product_tag-otroski-dresi-arsenal-z-lastnim-imenom","13":"product_tag-otroski-nogometni-dresi","14":"product_tag-otroski-nogometni-dresi-arsenal","15":"product_tag-poceni-nogometni-dresi","16":"product_tag-poceni-nogometni-dresi-arsenal-z-lastnim-imenom-online","17":"product_tag-slovenski-nogometni-dresi","19":"first","20":"instock","21":"shipping-taxable","22":"purchasable","23":"product-type-variable"},"_links":{"self":[{"href":"https:\/\/www.nogometnizaotroke.com\/fr\/wp-json\/wp\/v2\/product\/18722","targetHints":{"allow":["GET"]}}],"collection":[{"href":"https:\/\/www.nogometnizaotroke.com\/fr\/wp-json\/wp\/v2\/product"}],"about":[{"href":"https:\/\/www.nogometnizaotroke.com\/fr\/wp-json\/wp\/v2\/types\/product"}],"replies":[{"embeddable":true,"href":"https:\/\/www.nogometnizaotroke.com\/fr\/wp-json\/wp\/v2\/comments?post=18722"}],"wp:featuredmedia":[{"embeddable":true,"href":"https:\/\/www.nogometnizaotroke.com\/fr\/wp-json\/wp\/v2\/media\/18724"}],"wp:attachment":[{"href":"https:\/\/www.nogometnizaotroke.com\/fr\/wp-json\/wp\/v2\/media?parent=18722"}],"wp:term":[{"taxonomy":"product_brand","embeddable":true,"href":"https:\/\/www.nogometnizaotroke.com\/fr\/wp-json\/wp\/v2\/product_brand?post=18722"},{"taxonomy":"product_cat","embeddable":true,"href":"https:\/\/www.nogometnizaotroke.com\/fr\/wp-json\/wp\/v2\/product_cat?post=18722"},{"taxonomy":"product_tag","embeddable":true,"href":"https:\/\/www.nogometnizaotroke.com\/fr\/wp-json\/wp\/v2\/product_tag?post=18722"}],"curies":[{"name":"wp","href":"https:\/\/api.w.org\/{rel}","templated":true}]}}