{"id":18331,"date":"2024-10-12T08:59:05","date_gmt":"2024-10-12T08:59:05","guid":{"rendered":"https:\/\/www.nogometnionline.com\/?post_type=product&#038;p=18331"},"modified":"2024-10-12T08:59:10","modified_gmt":"2024-10-12T08:59:10","slug":"moski-nogometni-dresi-kompleti-chelsea-gostujoci-2024-2025-bela-robert-sanchez-1","status":"publish","type":"product","link":"https:\/\/www.nogometnizaotroke.com\/fr\/product\/moski-nogometni-dresi-kompleti-chelsea-gostujoci-2024-2025-bela-robert-sanchez-1\/","title":{"rendered":"Hommes Maillots de Football Kits Chelsea Away 2024-2025 white Robert Sanchez 1"},"content":{"rendered":"<p>Tema \u2018Blue Blame\u2019 iz tega doma\u010dega dresa FC Chelsea 24\/25 se raz\u0161iri na gostujo\u010do majico in poudarja skupno ambicioznost kluba, gore\u010do strast in odlo\u010denost za uspeh. Osupljiva oran\u017ena poudarjena barva simbolizira ogenj, ki predstavlja kolektivni zagon vseh, ki so povezani s Chelseajem, tako na igri\u0161\u010du kot izven njega. Slogan \u00bbTogether, We Burn Blue\u00ab povzema ta etos, ki odra\u017ea enotnost in intenzivnost, ki ju \u017eeli klub vnesti v novo sezono.Nadomestna majica Chelsea 2024\/25 ima tkano tkanino v \u201cguava ice\u201d, svetlej\u0161em odtenku oran\u017ene barve, ki uvaja \u010disto, mladostno in trendovsko estetiko. Ta izbira barve ne prina\u0161a le sve\u017eega videza, ampak tudi dopolnjuje bolj tradicionalne barve, povezane s Chelsea. Dizajn \u017eeli pritegniti tako igralce kot navija\u010de, saj ponuja sodoben, a brez\u010dasen videz, ki je usklajen s trenutnimi modnimi trendi.<\/p>\n<p>Conseils pour les chaussettes : le T-shirt ne comprend pas de chaussettes par d\u00e9faut. Si vous souhaitez des chaussettes, s\u00e9lectionnez les options chaussettes pour les payer.<\/p>\n<p>Conseil d'impression : si le nom et le num\u00e9ro figurant dans l'image correspondent exactement \u00e0 ce que vous souhaitez, il n'est pas n\u00e9cessaire de les saisir \u00e0 nouveau. Si ce n'est pas le cas, entrez le nom et le num\u00e9ro que vous souhaitez.<\/p>\n<p>Conseil de lavage : il est recommand\u00e9 de laver les maillots de football \u00e0 la main. Si vous souhaitez utiliser une machine \u00e0 laver, n'oubliez pas de retourner le maillot avant de le laver. Remplissez la machine avec de l'eau froide et utilisez un cycle de lavage doux pour mieux prot\u00e9ger les couleurs.<\/p>","protected":false},"excerpt":{"rendered":"<p>Tema \u2018Blue Blame\u2019 iz tega doma\u010dega dresa FC Chelsea 24\/25 se raz\u0161iri na gostujo\u010do majico in poudarja skupno ambicioznost kluba, gore\u010do strast in odlo\u010denost za uspeh. Osupljiva oran\u017ena poudarjena barva simbolizira ogenj, ki predstavlja kolektivni zagon vseh, ki so povezani s Chelseajem, tako na igri\u0161\u010du kot izven njega. Slogan \u00bbTogether, We Burn Blue\u00ab povzema ta [&hellip;]<\/p>","protected":false},"featured_media":18333,"comment_status":"open","ping_status":"closed","template":"","meta":[],"product_brand":[],"product_cat":[140,43],"product_tag":[281,150,282,1036,148,647,165,1406,147],"class_list":{"0":"post-18331","1":"product","2":"type-product","3":"status-publish","4":"has-post-thumbnail","6":"product_cat-moski","7":"product_cat-nogometni-dresi-chelsea","8":"product_tag-dresi-chelsea-za-otroke","9":"product_tag-moski-nogometni-dresi","10":"product_tag-otroski-dresi-chelsea-z-lastnim-imenom","11":"product_tag-otroski-nogometni-dresi-chelsea","12":"product_tag-poceni-nogometni-dresi","13":"product_tag-poceni-nogometni-dresi-otroski-z-lastnim-imenom-online","14":"product_tag-poceni-otroski-nogometni-dresi-chelsea-z-lastnim-imenom","15":"product_tag-robert-sanchez-dresi","16":"product_tag-slovenski-nogometni-dresi","18":"first","19":"instock","20":"shipping-taxable","21":"purchasable","22":"product-type-variable"},"_links":{"self":[{"href":"https:\/\/www.nogometnizaotroke.com\/fr\/wp-json\/wp\/v2\/product\/18331","targetHints":{"allow":["GET"]}}],"collection":[{"href":"https:\/\/www.nogometnizaotroke.com\/fr\/wp-json\/wp\/v2\/product"}],"about":[{"href":"https:\/\/www.nogometnizaotroke.com\/fr\/wp-json\/wp\/v2\/types\/product"}],"replies":[{"embeddable":true,"href":"https:\/\/www.nogometnizaotroke.com\/fr\/wp-json\/wp\/v2\/comments?post=18331"}],"wp:featuredmedia":[{"embeddable":true,"href":"https:\/\/www.nogometnizaotroke.com\/fr\/wp-json\/wp\/v2\/media\/18333"}],"wp:attachment":[{"href":"https:\/\/www.nogometnizaotroke.com\/fr\/wp-json\/wp\/v2\/media?parent=18331"}],"wp:term":[{"taxonomy":"product_brand","embeddable":true,"href":"https:\/\/www.nogometnizaotroke.com\/fr\/wp-json\/wp\/v2\/product_brand?post=18331"},{"taxonomy":"product_cat","embeddable":true,"href":"https:\/\/www.nogometnizaotroke.com\/fr\/wp-json\/wp\/v2\/product_cat?post=18331"},{"taxonomy":"product_tag","embeddable":true,"href":"https:\/\/www.nogometnizaotroke.com\/fr\/wp-json\/wp\/v2\/product_tag?post=18331"}],"curies":[{"name":"wp","href":"https:\/\/api.w.org\/{rel}","templated":true}]}}