{"id":18184,"date":"2024-10-10T07:57:22","date_gmt":"2024-10-10T07:57:22","guid":{"rendered":"https:\/\/www.nogometnionline.com\/?post_type=product&#038;p=18184"},"modified":"2024-10-10T07:57:28","modified_gmt":"2024-10-10T07:57:28","slug":"moski-nogometni-dresi-kompleti-manchester-city-domaci-2024-2025-kalvin-phillips-4","status":"publish","type":"product","link":"https:\/\/www.nogometnizaotroke.com\/fr\/product\/moski-nogometni-dresi-kompleti-manchester-city-domaci-2024-2025-kalvin-phillips-4\/","title":{"rendered":"Maillots de Football Hommes Manchester City Home Kits 2024-2025 Kalvin Phillips 4"},"content":{"rendered":"<p>Con\u00e7u en bleu ciel, ironiquement bas\u00e9 sur les couleurs de Man City, ce maillot pr\u00e9sente un nouveau design inspir\u00e9 par l'indicatif t\u00e9l\u00e9phonique \"0161\" qui couvre le centre ville de Manchester City. Le maillot bleu ciel est rehauss\u00e9 d'empi\u00e8cements bleu marine et d'un graphisme camouflage unique de style graffiti qui reprend les chiffres \"0161\" autour du col et des poignets des manches. L'insigne de Manchester City et le logo Puma sont brod\u00e9s sur le devant du maillot, et le logo du sponsor est \u00e9galement imprim\u00e9.<\/p>\n<p>Parfait pour tous les jeunes fans de Man City, ce maillot domicile est id\u00e9al pour montrer votre loyaut\u00e9 envers l'\u00e9quipe. Il est dot\u00e9 de manches courtes, d'un col c\u00f4tel\u00e9 et d'une coupe standard pour un confort optimal. Dans la jeunesse de Dean le footballeur, ce maillot est fabriqu\u00e9 \u00e0 partir d'au moins 95 % de polyester recycl\u00e9 %, comporte des canaux d'a\u00e9ration en maille et un agent de gestion de la transpiration Duracell distinctif pour garder les jeunes joueurs au frais et au sec.<\/p>\n<p>Conseils pour les chaussettes : le T-shirt ne comprend pas de chaussettes par d\u00e9faut. Si vous souhaitez des chaussettes, s\u00e9lectionnez les options chaussettes pour les payer.<\/p>\n<p>Conseil d'impression : si le nom et le num\u00e9ro figurant dans l'image correspondent exactement \u00e0 ce que vous souhaitez, il n'est pas n\u00e9cessaire de les saisir \u00e0 nouveau. Si ce n'est pas le cas, entrez le nom et le num\u00e9ro que vous souhaitez.<\/p>\n<p>Conseil de lavage : il est recommand\u00e9 de laver les maillots de football \u00e0 la main. Si vous souhaitez utiliser une machine \u00e0 laver, n'oubliez pas de retourner le maillot avant de le laver. Remplissez la machine avec de l'eau froide et utilisez un cycle de lavage doux pour mieux prot\u00e9ger les couleurs.<\/p>","protected":false},"excerpt":{"rendered":"<p>Ta majica, oblikovana v nebesno modri barvi po ironi\u010dni doma\u010di barvni shemi Man City, ima nov dizajn, ki ga je navdihnila klicna koda \u20180161\u2019, ki pokriva sredi\u0161\u010de Manchester City. Nebe\u0161ko moder dres je poudarjen z mornarskimi vstavki in edinstveno maskirno grafiko v slogu grafitov, ki uporablja \u0161tevilke \u20180161\u2019 okoli ovratnika in man\u0161et na rokavih. Na [&hellip;]<\/p>","protected":false},"featured_media":18186,"comment_status":"open","ping_status":"closed","template":"","meta":[],"product_brand":[],"product_cat":[140,44],"product_tag":[483,1397,883,938,150,153,1176,148,1175,147],"class_list":{"0":"post-18184","1":"product","2":"type-product","3":"status-publish","4":"has-post-thumbnail","6":"product_cat-moski","7":"product_cat-nogometni-dresi-manchester-city","8":"product_tag-dresi-manchester-city-za-otroke","9":"product_tag-kalvin-phillips-dresi","10":"product_tag-manchester-city-dresi-2024","11":"product_tag-manchester-city-z-lastnim-imenom-online","12":"product_tag-moski-nogometni-dresi","13":"product_tag-nogometni-dresi","14":"product_tag-nogometni-dresi-manchester-city-z-lastnim-imenom","15":"product_tag-poceni-nogometni-dresi","16":"product_tag-poceni-nogometni-dresi-manchester-city","17":"product_tag-slovenski-nogometni-dresi","19":"first","20":"instock","21":"shipping-taxable","22":"purchasable","23":"product-type-variable"},"_links":{"self":[{"href":"https:\/\/www.nogometnizaotroke.com\/fr\/wp-json\/wp\/v2\/product\/18184","targetHints":{"allow":["GET"]}}],"collection":[{"href":"https:\/\/www.nogometnizaotroke.com\/fr\/wp-json\/wp\/v2\/product"}],"about":[{"href":"https:\/\/www.nogometnizaotroke.com\/fr\/wp-json\/wp\/v2\/types\/product"}],"replies":[{"embeddable":true,"href":"https:\/\/www.nogometnizaotroke.com\/fr\/wp-json\/wp\/v2\/comments?post=18184"}],"wp:featuredmedia":[{"embeddable":true,"href":"https:\/\/www.nogometnizaotroke.com\/fr\/wp-json\/wp\/v2\/media\/18186"}],"wp:attachment":[{"href":"https:\/\/www.nogometnizaotroke.com\/fr\/wp-json\/wp\/v2\/media?parent=18184"}],"wp:term":[{"taxonomy":"product_brand","embeddable":true,"href":"https:\/\/www.nogometnizaotroke.com\/fr\/wp-json\/wp\/v2\/product_brand?post=18184"},{"taxonomy":"product_cat","embeddable":true,"href":"https:\/\/www.nogometnizaotroke.com\/fr\/wp-json\/wp\/v2\/product_cat?post=18184"},{"taxonomy":"product_tag","embeddable":true,"href":"https:\/\/www.nogometnizaotroke.com\/fr\/wp-json\/wp\/v2\/product_tag?post=18184"}],"curies":[{"name":"wp","href":"https:\/\/api.w.org\/{rel}","templated":true}]}}