{"id":18092,"date":"2024-10-09T08:18:53","date_gmt":"2024-10-09T08:18:53","guid":{"rendered":"https:\/\/www.nogometnionline.com\/?post_type=product&#038;p=18092"},"modified":"2024-10-09T08:18:58","modified_gmt":"2024-10-09T08:18:58","slug":"moski-nogometni-dresi-kompleti-manchester-city-gostujoci-2024-25-z-lastnim-tiskom","status":"publish","type":"product","link":"https:\/\/www.nogometnizaotroke.com\/fr\/product\/moski-nogometni-dresi-kompleti-manchester-city-gostujoci-2024-25-z-lastnim-tiskom\/","title":{"rendered":"Kits de Football Hommes Manchester City Away 2024-25 avec impression personnalis\u00e9e"},"content":{"rendered":"<p>Nova Gostujo\u010di oprema Manchester City 24-25 je poklon ekipi Manchester City v gosteh 98-99. Je mornarsko modre barve s fluo rumenimi \u010drtami, vmes pa so nebesno modre \u010drte.Na notranji strani ovratnika je posebna oznaka za 30. maj 1999. Na ta dan je Manchester City zmagal v finalu kon\u010dnice druge lige Football League 1999 in napredoval v drugo ligo. Ekipa je nosila znameniti \u010drtasti dres.<\/p>\n<p>Conseils pour les chaussettes : le T-shirt ne comprend pas de chaussettes par d\u00e9faut. Si vous souhaitez des chaussettes, s\u00e9lectionnez les options chaussettes pour les payer.<\/p>\n<p>Conseil d'impression : si le nom et le num\u00e9ro figurant dans l'image correspondent exactement \u00e0 ce que vous souhaitez, il n'est pas n\u00e9cessaire de les saisir \u00e0 nouveau. Si ce n'est pas le cas, entrez le nom et le num\u00e9ro que vous souhaitez.<\/p>\n<p>Conseil de lavage : il est recommand\u00e9 de laver les maillots de football \u00e0 la main. Si vous souhaitez utiliser une machine \u00e0 laver, n'oubliez pas de retourner le maillot avant de le laver. Remplissez la machine avec de l'eau froide et utilisez un cycle de lavage doux pour mieux prot\u00e9ger les couleurs.<\/p>","protected":false},"excerpt":{"rendered":"<p>Nova Gostujo\u010di oprema Manchester City 24-25 je poklon ekipi Manchester City v gosteh 98-99. Je mornarsko modre barve s fluo rumenimi \u010drtami, vmes pa so nebesno modre \u010drte.Na notranji strani ovratnika je posebna oznaka za 30. maj 1999. Na ta dan je Manchester City zmagal v finalu kon\u010dnice druge lige Football League 1999 in napredoval [&hellip;]<\/p>","protected":false},"featured_media":18094,"comment_status":"open","ping_status":"closed","template":"","meta":[],"product_brand":[],"product_cat":[140,44],"product_tag":[483,883,938,150,153,1176,148,1175,147],"class_list":{"0":"post-18092","1":"product","2":"type-product","3":"status-publish","4":"has-post-thumbnail","6":"product_cat-moski","7":"product_cat-nogometni-dresi-manchester-city","8":"product_tag-dresi-manchester-city-za-otroke","9":"product_tag-manchester-city-dresi-2024","10":"product_tag-manchester-city-z-lastnim-imenom-online","11":"product_tag-moski-nogometni-dresi","12":"product_tag-nogometni-dresi","13":"product_tag-nogometni-dresi-manchester-city-z-lastnim-imenom","14":"product_tag-poceni-nogometni-dresi","15":"product_tag-poceni-nogometni-dresi-manchester-city","16":"product_tag-slovenski-nogometni-dresi","18":"first","19":"instock","20":"shipping-taxable","21":"purchasable","22":"product-type-variable"},"_links":{"self":[{"href":"https:\/\/www.nogometnizaotroke.com\/fr\/wp-json\/wp\/v2\/product\/18092","targetHints":{"allow":["GET"]}}],"collection":[{"href":"https:\/\/www.nogometnizaotroke.com\/fr\/wp-json\/wp\/v2\/product"}],"about":[{"href":"https:\/\/www.nogometnizaotroke.com\/fr\/wp-json\/wp\/v2\/types\/product"}],"replies":[{"embeddable":true,"href":"https:\/\/www.nogometnizaotroke.com\/fr\/wp-json\/wp\/v2\/comments?post=18092"}],"wp:featuredmedia":[{"embeddable":true,"href":"https:\/\/www.nogometnizaotroke.com\/fr\/wp-json\/wp\/v2\/media\/18094"}],"wp:attachment":[{"href":"https:\/\/www.nogometnizaotroke.com\/fr\/wp-json\/wp\/v2\/media?parent=18092"}],"wp:term":[{"taxonomy":"product_brand","embeddable":true,"href":"https:\/\/www.nogometnizaotroke.com\/fr\/wp-json\/wp\/v2\/product_brand?post=18092"},{"taxonomy":"product_cat","embeddable":true,"href":"https:\/\/www.nogometnizaotroke.com\/fr\/wp-json\/wp\/v2\/product_cat?post=18092"},{"taxonomy":"product_tag","embeddable":true,"href":"https:\/\/www.nogometnizaotroke.com\/fr\/wp-json\/wp\/v2\/product_tag?post=18092"}],"curies":[{"name":"wp","href":"https:\/\/api.w.org\/{rel}","templated":true}]}}