{"id":17999,"date":"2024-10-06T02:40:53","date_gmt":"2024-10-06T02:40:53","guid":{"rendered":"https:\/\/www.nogometnionline.com\/?post_type=product&#038;p=17999"},"modified":"2025-05-23T04:22:09","modified_gmt":"2025-05-23T04:22:09","slug":"moski-nogometni-dresi-manchester-city-4th-2024-25-z-lastnim-tiskom","status":"publish","type":"product","link":"https:\/\/www.nogometnizaotroke.com\/fr\/product\/moski-nogometni-dresi-manchester-city-4th-2024-25-z-lastnim-tiskom\/","title":{"rendered":"Mo\u0161ki Nogometni dresi Manchester City 4th 2024-25 z lastnim tiskom"},"content":{"rendered":"<p>\u010cetrti dres Manchester City 24-25 ima dizajn in barvno kombinacijo, ki zagotovo ni za vsakogar. \u010cetrti dres Manchester Cityja 2024\u201325 zdru\u017euje svetlo rumeno osnovno barvo z mornarsko-turkiznimi logotipi in modro-rjavimi aplikacijami.\u010cetrti nogometni dres Manchester City 24-25 ima dizajn, ki ga je navdihnila kultna naslovnica albuma Definitely Maybe.<\/p>\n<p>Conseils pour les chaussettes : le T-shirt ne comprend pas de chaussettes par d\u00e9faut. Si vous souhaitez des chaussettes, s\u00e9lectionnez les options chaussettes pour les payer.<\/p>\n<p>Conseil d'impression : si le nom et le num\u00e9ro figurant dans l'image correspondent exactement \u00e0 ce que vous souhaitez, il n'est pas n\u00e9cessaire de les saisir \u00e0 nouveau. Si ce n'est pas le cas, entrez le nom et le num\u00e9ro que vous souhaitez.<\/p>\n<p>Conseil de lavage : il est recommand\u00e9 de laver les maillots de football \u00e0 la main. Si vous souhaitez utiliser une machine \u00e0 laver, n'oubliez pas de retourner le maillot avant de le laver. Remplissez la machine avec de l'eau froide et utilisez un cycle de lavage doux pour mieux prot\u00e9ger les couleurs.<\/p>","protected":false},"excerpt":{"rendered":"<p>\u010cetrti dres Manchester City 24-25 ima dizajn in barvno kombinacijo, ki zagotovo ni za vsakogar. \u010cetrti dres Manchester Cityja 2024\u201325 zdru\u017euje svetlo rumeno osnovno barvo z mornarsko-turkiznimi logotipi in modro-rjavimi aplikacijami.\u010cetrti nogometni dres Manchester City 24-25 ima dizajn, ki ga je navdihnila kultna naslovnica albuma Definitely Maybe. Nasveti za nogavice: Majica ne vsebuje nogavic privzeto. [&hellip;]<\/p>","protected":false},"featured_media":18001,"comment_status":"open","ping_status":"closed","template":"","meta":[],"product_brand":[],"product_cat":[140,44],"product_tag":[821,883,150,153,148,253,147],"class_list":{"0":"post-17999","1":"product","2":"type-product","3":"status-publish","4":"has-post-thumbnail","6":"product_cat-moski","7":"product_cat-nogometni-dresi-manchester-city","8":"product_tag-manchester-city-dres","9":"product_tag-manchester-city-dresi-2024","10":"product_tag-moski-nogometni-dresi","11":"product_tag-nogometni-dresi","12":"product_tag-poceni-nogometni-dresi","13":"product_tag-poceni-nogometni-dresi-manchester-city-z-lastnim-imenom-online","14":"product_tag-slovenski-nogometni-dresi","16":"first","17":"instock","18":"shipping-taxable","19":"purchasable","20":"product-type-variable"},"_links":{"self":[{"href":"https:\/\/www.nogometnizaotroke.com\/fr\/wp-json\/wp\/v2\/product\/17999","targetHints":{"allow":["GET"]}}],"collection":[{"href":"https:\/\/www.nogometnizaotroke.com\/fr\/wp-json\/wp\/v2\/product"}],"about":[{"href":"https:\/\/www.nogometnizaotroke.com\/fr\/wp-json\/wp\/v2\/types\/product"}],"replies":[{"embeddable":true,"href":"https:\/\/www.nogometnizaotroke.com\/fr\/wp-json\/wp\/v2\/comments?post=17999"}],"wp:featuredmedia":[{"embeddable":true,"href":"https:\/\/www.nogometnizaotroke.com\/fr\/wp-json\/wp\/v2\/media\/18001"}],"wp:attachment":[{"href":"https:\/\/www.nogometnizaotroke.com\/fr\/wp-json\/wp\/v2\/media?parent=17999"}],"wp:term":[{"taxonomy":"product_brand","embeddable":true,"href":"https:\/\/www.nogometnizaotroke.com\/fr\/wp-json\/wp\/v2\/product_brand?post=17999"},{"taxonomy":"product_cat","embeddable":true,"href":"https:\/\/www.nogometnizaotroke.com\/fr\/wp-json\/wp\/v2\/product_cat?post=17999"},{"taxonomy":"product_tag","embeddable":true,"href":"https:\/\/www.nogometnizaotroke.com\/fr\/wp-json\/wp\/v2\/product_tag?post=17999"}],"curies":[{"name":"wp","href":"https:\/\/api.w.org\/{rel}","templated":true}]}}