{"id":17896,"date":"2024-10-04T03:39:31","date_gmt":"2024-10-04T03:39:31","guid":{"rendered":"https:\/\/www.nogometnionline.com\/?post_type=product&#038;p=17896"},"modified":"2024-10-04T03:39:36","modified_gmt":"2024-10-04T03:39:36","slug":"otroski-nogometni-dresi-za-otroke-argentina-gostujoci-copa-america-2024-alexis-mac-allister-20","status":"publish","type":"product","link":"https:\/\/www.nogometnizaotroke.com\/fr\/product\/otroski-nogometni-dresi-za-otroke-argentina-gostujoci-copa-america-2024-alexis-mac-allister-20\/","title":{"rendered":"Kids Soccer Jerseys For Kids Argentina Away Copa America 2024 Alexis Mac Allister 20"},"content":{"rendered":"<p>Argentina dres 2024 za gostovanje na Copa America ima kraljevsko modro osnovo in barve argentinske zastave. Nebe\u0161ko modra izstopa, majica pa spominja na svetovno prvenstvo 2006 in stare argentinske drese, pri \u010demer je osnovna modra barva podobna tistim iz 90. let. Tako kot drugi leto\u0161nji kompleti je tudi plo\u0161\u010da, podobna solzivcu ob strani, videti kot vrh gostujo\u010dega dresa za prvake svetovnega pokala.<\/p>\n<p>Conseils pour les chaussettes : le T-shirt ne comprend pas de chaussettes par d\u00e9faut. Si vous souhaitez des chaussettes, s\u00e9lectionnez les options chaussettes pour les payer.<\/p>\n<p>Conseil d'impression : si le nom et le num\u00e9ro figurant dans l'image correspondent exactement \u00e0 ce que vous souhaitez, il n'est pas n\u00e9cessaire de les saisir \u00e0 nouveau. Si ce n'est pas le cas, entrez le nom et le num\u00e9ro que vous souhaitez.<\/p>\n<p>Conseil de lavage : il est recommand\u00e9 de laver les maillots de football \u00e0 la main. Si vous souhaitez utiliser une machine \u00e0 laver, n'oubliez pas de retourner le maillot avant de le laver. Remplissez la machine avec de l'eau froide et utilisez un cycle de lavage doux pour mieux prot\u00e9ger les couleurs.<\/p>","protected":false},"excerpt":{"rendered":"<p>Argentina dres 2024 za gostovanje na Copa America ima kraljevsko modro osnovo in barve argentinske zastave. Nebe\u0161ko modra izstopa, majica pa spominja na svetovno prvenstvo 2006 in stare argentinske drese, pri \u010demer je osnovna modra barva podobna tistim iz 90. let. Tako kot drugi leto\u0161nji kompleti je tudi plo\u0161\u010da, podobna solzivcu ob strani, videti kot [&hellip;]<\/p>","protected":false},"featured_media":17898,"comment_status":"open","ping_status":"closed","template":"","meta":[],"product_brand":[],"product_cat":[73,81],"product_tag":[1346,816,153,220,159,148,147],"class_list":{"0":"post-17896","1":"product","2":"type-product","3":"status-publish","4":"has-post-thumbnail","6":"product_cat-otroski","7":"product_cat-dresi-argentina-reprezentance","8":"product_tag-alexis-mac-allister-dresi","9":"product_tag-argentina-copa-america-2024-dresi","10":"product_tag-nogometni-dresi","11":"product_tag-nogometni-dresi-za-otroke","12":"product_tag-otroski-nogometni-dresi","13":"product_tag-poceni-nogometni-dresi","14":"product_tag-slovenski-nogometni-dresi","16":"first","17":"instock","18":"shipping-taxable","19":"purchasable","20":"product-type-variable"},"_links":{"self":[{"href":"https:\/\/www.nogometnizaotroke.com\/fr\/wp-json\/wp\/v2\/product\/17896","targetHints":{"allow":["GET"]}}],"collection":[{"href":"https:\/\/www.nogometnizaotroke.com\/fr\/wp-json\/wp\/v2\/product"}],"about":[{"href":"https:\/\/www.nogometnizaotroke.com\/fr\/wp-json\/wp\/v2\/types\/product"}],"replies":[{"embeddable":true,"href":"https:\/\/www.nogometnizaotroke.com\/fr\/wp-json\/wp\/v2\/comments?post=17896"}],"wp:featuredmedia":[{"embeddable":true,"href":"https:\/\/www.nogometnizaotroke.com\/fr\/wp-json\/wp\/v2\/media\/17898"}],"wp:attachment":[{"href":"https:\/\/www.nogometnizaotroke.com\/fr\/wp-json\/wp\/v2\/media?parent=17896"}],"wp:term":[{"taxonomy":"product_brand","embeddable":true,"href":"https:\/\/www.nogometnizaotroke.com\/fr\/wp-json\/wp\/v2\/product_brand?post=17896"},{"taxonomy":"product_cat","embeddable":true,"href":"https:\/\/www.nogometnizaotroke.com\/fr\/wp-json\/wp\/v2\/product_cat?post=17896"},{"taxonomy":"product_tag","embeddable":true,"href":"https:\/\/www.nogometnizaotroke.com\/fr\/wp-json\/wp\/v2\/product_tag?post=17896"}],"curies":[{"name":"wp","href":"https:\/\/api.w.org\/{rel}","templated":true}]}}