{"id":17865,"date":"2024-10-03T04:09:57","date_gmt":"2024-10-03T04:09:57","guid":{"rendered":"https:\/\/www.nogometnionline.com\/?post_type=product&#038;p=17865"},"modified":"2024-10-03T04:10:01","modified_gmt":"2024-10-03T04:10:01","slug":"moski-nogometni-dresi-komplet-argentina-gostujoci-copa-america-2024-lautaro-martinez-22","status":"publish","type":"product","link":"https:\/\/www.nogometnizaotroke.com\/fr\/product\/moski-nogometni-dresi-komplet-argentina-gostujoci-copa-america-2024-lautaro-martinez-22\/","title":{"rendered":"Jeu de Maillots de Football Hommes Argentine Away Copa America 2024 Lautaro Martinez 22"},"content":{"rendered":"<p>Gostujo\u010di dresi Argentina reprezentance 2024 zdru\u017euje kraljevsko modro osnovno barvo z barvami argentinske zastave, belo in nebesno modro. Tri proge so verjetno svetlo modre, grb AFA je nebesno moder in bel.Modra barva dresa za goste Argentina 2024 je podobna barvi kompletov za goste Argentine do poznih 90. let, preden je mornarsko modra postala obi\u010dajna izbira. Dru\u0161tvena zna\u010dka bo dvobarvna, nebe\u0161ko modra in bela.Zaradi \u010desar je gostujo\u010di dres Argentine 2024 edinstven, je detajl, ki obuja spomine na svetovno prvenstvo 2006 \u2013 ob strani je plo\u0161\u010da, podobna ekipnemu duhu, z nebesno modro in belo barvo argentinske zastave.Gostujo\u010di dres Argentine leta 2006 je nosil Messi, ko je debitiral na svetovnem prvenstvu, dres leta 2024 pa je jasen poklon temu dizajnu.<\/p>\n<p>Conseils pour les chaussettes : le T-shirt ne comprend pas de chaussettes par d\u00e9faut. Si vous souhaitez des chaussettes, s\u00e9lectionnez les options chaussettes pour les payer.<\/p>\n<p>Conseil d'impression : si le nom et le num\u00e9ro figurant dans l'image correspondent exactement \u00e0 ce que vous souhaitez, il n'est pas n\u00e9cessaire de les saisir \u00e0 nouveau. Si ce n'est pas le cas, entrez le nom et le num\u00e9ro que vous souhaitez.<\/p>\n<p>Conseil de lavage : il est recommand\u00e9 de laver les maillots de football \u00e0 la main. Si vous souhaitez utiliser une machine \u00e0 laver, n'oubliez pas de retourner le maillot avant de le laver. Remplissez la machine avec de l'eau froide et utilisez un cycle de lavage doux pour mieux prot\u00e9ger les couleurs.<\/p>","protected":false},"excerpt":{"rendered":"<p>Gostujo\u010di dresi Argentina reprezentance 2024 zdru\u017euje kraljevsko modro osnovno barvo z barvami argentinske zastave, belo in nebesno modro. Tri proge so verjetno svetlo modre, grb AFA je nebesno moder in bel.Modra barva dresa za goste Argentina 2024 je podobna barvi kompletov za goste Argentine do poznih 90. let, preden je mornarsko modra postala obi\u010dajna izbira. [&hellip;]<\/p>","protected":false},"featured_media":17867,"comment_status":"open","ping_status":"closed","template":"","meta":[],"product_brand":[],"product_cat":[140,81],"product_tag":[840,1226,150,153,545,148,147],"class_list":{"0":"post-17865","1":"product","2":"type-product","3":"status-publish","4":"has-post-thumbnail","6":"product_cat-moski","7":"product_cat-dresi-argentina-reprezentance","8":"product_tag-argentina-2024-25-dresi","9":"product_tag-lautaro-martinez-dresi","10":"product_tag-moski-nogometni-dresi","11":"product_tag-nogometni-dresi","12":"product_tag-nogometni-dresi-slovenija","13":"product_tag-poceni-nogometni-dresi","14":"product_tag-slovenski-nogometni-dresi","16":"first","17":"instock","18":"shipping-taxable","19":"purchasable","20":"product-type-variable"},"_links":{"self":[{"href":"https:\/\/www.nogometnizaotroke.com\/fr\/wp-json\/wp\/v2\/product\/17865","targetHints":{"allow":["GET"]}}],"collection":[{"href":"https:\/\/www.nogometnizaotroke.com\/fr\/wp-json\/wp\/v2\/product"}],"about":[{"href":"https:\/\/www.nogometnizaotroke.com\/fr\/wp-json\/wp\/v2\/types\/product"}],"replies":[{"embeddable":true,"href":"https:\/\/www.nogometnizaotroke.com\/fr\/wp-json\/wp\/v2\/comments?post=17865"}],"wp:featuredmedia":[{"embeddable":true,"href":"https:\/\/www.nogometnizaotroke.com\/fr\/wp-json\/wp\/v2\/media\/17867"}],"wp:attachment":[{"href":"https:\/\/www.nogometnizaotroke.com\/fr\/wp-json\/wp\/v2\/media?parent=17865"}],"wp:term":[{"taxonomy":"product_brand","embeddable":true,"href":"https:\/\/www.nogometnizaotroke.com\/fr\/wp-json\/wp\/v2\/product_brand?post=17865"},{"taxonomy":"product_cat","embeddable":true,"href":"https:\/\/www.nogometnizaotroke.com\/fr\/wp-json\/wp\/v2\/product_cat?post=17865"},{"taxonomy":"product_tag","embeddable":true,"href":"https:\/\/www.nogometnizaotroke.com\/fr\/wp-json\/wp\/v2\/product_tag?post=17865"}],"curies":[{"name":"wp","href":"https:\/\/api.w.org\/{rel}","templated":true}]}}