{"id":17781,"date":"2024-09-30T07:49:19","date_gmt":"2024-09-30T07:49:19","guid":{"rendered":"https:\/\/www.nogometnionline.com\/?post_type=product&#038;p=17781"},"modified":"2024-09-30T07:49:24","modified_gmt":"2024-09-30T07:49:24","slug":"poceni-moski-nogometni-dresi-argentina-domaci-copa-america-2024-emiliano-martinez-23","status":"publish","type":"product","link":"https:\/\/www.nogometnizaotroke.com\/fr\/product\/poceni-moski-nogometni-dresi-argentina-domaci-copa-america-2024-emiliano-martinez-23\/","title":{"rendered":"Cheap Men's Soccer Jerseys Argentine Home Copa America 2024 Emiliano Martinez 23"},"content":{"rendered":"<p>Doma\u010di dres Argentina 2024 ima tradicionalne bele in nebesno modre \u010drte v kombinaciji z zlatimi logotipi, aplikacijami in zlatimi napisi.Argentina je osvojila Copa Am\u00e9rica 2021 in svetovno prvenstvo 2022, zato so zlati elementi primeren poklon.Proge na dresu Argentine 2024 so klasi\u010dne, z modro \u010drto na sredini in belimi \u010drtami z logotipom AFA.Argentina uporablja nekoliko posodobljen logotip s tremi zvezdicami, pri \u010demer je tretja zvezdica nekoliko vi\u0161ja od obeh s prvih svetovnih prvenstev.<\/p>\n<p>Conseils pour les chaussettes : le T-shirt ne comprend pas de chaussettes par d\u00e9faut. Si vous souhaitez des chaussettes, s\u00e9lectionnez les options chaussettes pour les payer.<\/p>\n<p>Conseil d'impression : si le nom et le num\u00e9ro figurant dans l'image correspondent exactement \u00e0 ce que vous souhaitez, il n'est pas n\u00e9cessaire de les saisir \u00e0 nouveau. Si ce n'est pas le cas, entrez le nom et le num\u00e9ro que vous souhaitez.<\/p>\n<p>Conseil de lavage : il est recommand\u00e9 de laver les maillots de football \u00e0 la main. Si vous souhaitez utiliser une machine \u00e0 laver, n'oubliez pas de retourner le maillot avant de le laver. Remplissez la machine avec de l'eau froide et utilisez un cycle de lavage doux pour mieux prot\u00e9ger les couleurs.<\/p>","protected":false},"excerpt":{"rendered":"<p>Doma\u010di dres Argentina 2024 ima tradicionalne bele in nebesno modre \u010drte v kombinaciji z zlatimi logotipi, aplikacijami in zlatimi napisi.Argentina je osvojila Copa Am\u00e9rica 2021 in svetovno prvenstvo 2022, zato so zlati elementi primeren poklon.Proge na dresu Argentine 2024 so klasi\u010dne, z modro \u010drto na sredini in belimi \u010drtami z logotipom AFA.Argentina uporablja nekoliko posodobljen [&hellip;]<\/p>","protected":false},"featured_media":17783,"comment_status":"open","ping_status":"closed","template":"","meta":[],"product_brand":[],"product_cat":[140,81],"product_tag":[840,816,1392,150,153,545,148,147],"class_list":{"0":"post-17781","1":"product","2":"type-product","3":"status-publish","4":"has-post-thumbnail","6":"product_cat-moski","7":"product_cat-dresi-argentina-reprezentance","8":"product_tag-argentina-2024-25-dresi","9":"product_tag-argentina-copa-america-2024-dresi","10":"product_tag-emiliano-martinez-dresi","11":"product_tag-moski-nogometni-dresi","12":"product_tag-nogometni-dresi","13":"product_tag-nogometni-dresi-slovenija","14":"product_tag-poceni-nogometni-dresi","15":"product_tag-slovenski-nogometni-dresi","17":"first","18":"instock","19":"shipping-taxable","20":"purchasable","21":"product-type-variable"},"_links":{"self":[{"href":"https:\/\/www.nogometnizaotroke.com\/fr\/wp-json\/wp\/v2\/product\/17781","targetHints":{"allow":["GET"]}}],"collection":[{"href":"https:\/\/www.nogometnizaotroke.com\/fr\/wp-json\/wp\/v2\/product"}],"about":[{"href":"https:\/\/www.nogometnizaotroke.com\/fr\/wp-json\/wp\/v2\/types\/product"}],"replies":[{"embeddable":true,"href":"https:\/\/www.nogometnizaotroke.com\/fr\/wp-json\/wp\/v2\/comments?post=17781"}],"wp:featuredmedia":[{"embeddable":true,"href":"https:\/\/www.nogometnizaotroke.com\/fr\/wp-json\/wp\/v2\/media\/17783"}],"wp:attachment":[{"href":"https:\/\/www.nogometnizaotroke.com\/fr\/wp-json\/wp\/v2\/media?parent=17781"}],"wp:term":[{"taxonomy":"product_brand","embeddable":true,"href":"https:\/\/www.nogometnizaotroke.com\/fr\/wp-json\/wp\/v2\/product_brand?post=17781"},{"taxonomy":"product_cat","embeddable":true,"href":"https:\/\/www.nogometnizaotroke.com\/fr\/wp-json\/wp\/v2\/product_cat?post=17781"},{"taxonomy":"product_tag","embeddable":true,"href":"https:\/\/www.nogometnizaotroke.com\/fr\/wp-json\/wp\/v2\/product_tag?post=17781"}],"curies":[{"name":"wp","href":"https:\/\/api.w.org\/{rel}","templated":true}]}}