{"id":17650,"date":"2024-09-26T12:05:03","date_gmt":"2024-09-26T12:05:03","guid":{"rendered":"https:\/\/www.nogometnionline.com\/?post_type=product&#038;p=17650"},"modified":"2024-09-26T12:05:07","modified_gmt":"2024-09-26T12:05:07","slug":"zenski-nogometni-dresi-reprezentance-belgija-domaci-ep-2024-wout-faes-4","status":"publish","type":"product","link":"https:\/\/www.nogometnizaotroke.com\/fr\/product\/zenski-nogometni-dresi-reprezentance-belgija-domaci-ep-2024-wout-faes-4\/","title":{"rendered":"Maillots de Football Femme Belgique Equipe Nationale Home EP 2024 Wout Faes 4"},"content":{"rendered":"<p>Novi Belgija Doma\u010di Euro 2024 dresi uvaja veliko spremembo prej\u0161njih doma\u010dih dresov ekipe. Namesto \u017eivo rde\u010de je majica Belgije 2024 v glavnem vinsko rde\u010da. Uradno je barva novega doma\u010dega dresa Belgije 2024 \u201cTeam College Burgundy\u201d. To barvo je \u017ee uporabil za ekipe, kot sta N\u00fcrnberg in Atlanta United.Zdru\u017euje novo majico doma\u010dega nogometa Belgija 2024 z zlatimi logotipi, kar ustvarja eleganten videz.\u010crne\/zlate kratke hla\u010de in kostanjeve zlate nogavice dopolnjujejo doma\u010do opremo Belgije za Euro 2024.<\/p>\n<p>Conseils pour les chaussettes : le T-shirt ne comprend pas de chaussettes par d\u00e9faut. Si vous souhaitez des chaussettes, s\u00e9lectionnez les options chaussettes pour les payer.<\/p>\n<p>Conseil d'impression : si le nom et le num\u00e9ro figurant dans l'image correspondent exactement \u00e0 ce que vous souhaitez, il n'est pas n\u00e9cessaire de les saisir \u00e0 nouveau. Si ce n'est pas le cas, entrez le nom et le num\u00e9ro que vous souhaitez.<\/p>\n<p>Conseil de lavage : il est recommand\u00e9 de laver les maillots de football \u00e0 la main. Si vous souhaitez utiliser une machine \u00e0 laver, n'oubliez pas de retourner le maillot avant de le laver. Remplissez la machine avec de l'eau froide et utilisez un cycle de lavage doux pour mieux prot\u00e9ger les couleurs.<\/p>","protected":false},"excerpt":{"rendered":"<p>Novi Belgija Doma\u010di Euro 2024 dresi uvaja veliko spremembo prej\u0161njih doma\u010dih dresov ekipe. Namesto \u017eivo rde\u010de je majica Belgije 2024 v glavnem vinsko rde\u010da. Uradno je barva novega doma\u010dega dresa Belgije 2024 \u201cTeam College Burgundy\u201d. To barvo je \u017ee uporabil za ekipe, kot sta N\u00fcrnberg in Atlanta United.Zdru\u017euje novo majico doma\u010dega nogometa Belgija 2024 z [&hellip;]<\/p>","protected":false},"featured_media":17652,"comment_status":"open","ping_status":"closed","template":"","meta":[],"product_brand":[],"product_cat":[778,74,78],"product_tag":[785,1020,1369,153,148,147,1379,1371,1370,1368],"class_list":{"0":"post-17650","1":"product","2":"type-product","3":"status-publish","4":"has-post-thumbnail","6":"product_cat-euro-2024","7":"product_cat-zenski","8":"product_cat-dresi-belgija-reprezentance","9":"product_tag-anglija-euro-2024-dresi","10":"product_tag-anglija-nogometni-dresi","11":"product_tag-dresi-belgija-za-zenske","12":"product_tag-nogometni-dresi","13":"product_tag-poceni-nogometni-dresi","14":"product_tag-slovenski-nogometni-dresi","15":"product_tag-wout-faes-dresi","16":"product_tag-zenske-belgija-ep-2024-dresi-za-nogomet","17":"product_tag-zenske-dresi-belgija-z-lastnim-imenom","18":"product_tag-zenske-nogometni-dresi-belgija","20":"first","21":"instock","22":"shipping-taxable","23":"purchasable","24":"product-type-variable"},"_links":{"self":[{"href":"https:\/\/www.nogometnizaotroke.com\/fr\/wp-json\/wp\/v2\/product\/17650","targetHints":{"allow":["GET"]}}],"collection":[{"href":"https:\/\/www.nogometnizaotroke.com\/fr\/wp-json\/wp\/v2\/product"}],"about":[{"href":"https:\/\/www.nogometnizaotroke.com\/fr\/wp-json\/wp\/v2\/types\/product"}],"replies":[{"embeddable":true,"href":"https:\/\/www.nogometnizaotroke.com\/fr\/wp-json\/wp\/v2\/comments?post=17650"}],"wp:featuredmedia":[{"embeddable":true,"href":"https:\/\/www.nogometnizaotroke.com\/fr\/wp-json\/wp\/v2\/media\/17652"}],"wp:attachment":[{"href":"https:\/\/www.nogometnizaotroke.com\/fr\/wp-json\/wp\/v2\/media?parent=17650"}],"wp:term":[{"taxonomy":"product_brand","embeddable":true,"href":"https:\/\/www.nogometnizaotroke.com\/fr\/wp-json\/wp\/v2\/product_brand?post=17650"},{"taxonomy":"product_cat","embeddable":true,"href":"https:\/\/www.nogometnizaotroke.com\/fr\/wp-json\/wp\/v2\/product_cat?post=17650"},{"taxonomy":"product_tag","embeddable":true,"href":"https:\/\/www.nogometnizaotroke.com\/fr\/wp-json\/wp\/v2\/product_tag?post=17650"}],"curies":[{"name":"wp","href":"https:\/\/api.w.org\/{rel}","templated":true}]}}