{"id":17482,"date":"2024-09-23T12:46:18","date_gmt":"2024-09-23T12:46:18","guid":{"rendered":"https:\/\/www.nogometnionline.com\/?post_type=product&#038;p=17482"},"modified":"2024-09-23T13:58:31","modified_gmt":"2024-09-23T13:58:31","slug":"otroski-nogometni-dresi-kompleti-real-madrid-domaci-2024-25-eduardo-camavinga-6","status":"publish","type":"product","link":"https:\/\/www.nogometnizaotroke.com\/fr\/product\/otroski-nogometni-dresi-kompleti-real-madrid-domaci-2024-25-eduardo-camavinga-6\/","title":{"rendered":"Kids Soccer Jerseys Kits Real Madrid Home 2024-25 Eduardo Camavinga 6"},"content":{"rendered":"<p>Dres Real Madrid 2024\/25 Doma\u010di Kit se pona\u0161a s prete\u017eno belo osnovo s subtilnimi detajli, <a href=\"https:\/\/www.dresizaotroke.com\/\" target=\"_blank\" rel=\"noopener\">Maillots de football pour enfants<\/a> ki predstavlja naj\u010distej\u0161i dizajn doma\u010de opreme, ki je krasil stadion Santiago Bernab\u00e9u v zadnjem \u010dasu.Jasno bela majica je bila za\u0161\u010ditni znak kluba skozi celotno okra\u0161eno zgodovino, stil, ki ga obo\u017eujejo verniki Madrid in ga nosijo nekateri najve\u010dji igralci, ki so kdaj krasili nogometno igri\u0161\u010de. Zdaj, ko Real Madrid pozdravlja novo dobo razburljivih talentov, se dizajn 2024\/25 vra\u010da h koreninam kluba z minimalisti\u010dno estetiko, ki se poklanja trajni zapu\u0161\u010dini in naklonjenosti, ki jo imajo vsi tisti, ki so povezani s klubom.<\/p>\n<p>Conseils pour les chaussettes : le T-shirt ne comprend pas de chaussettes par d\u00e9faut. Si vous souhaitez des chaussettes, s\u00e9lectionnez les options chaussettes pour les payer.<\/p>\n<p>Conseil d'impression : si le nom et le num\u00e9ro figurant dans l'image correspondent exactement \u00e0 ce que vous souhaitez, il n'est pas n\u00e9cessaire de les saisir \u00e0 nouveau. Si ce n'est pas le cas, entrez le nom et le num\u00e9ro que vous souhaitez.<\/p>\n<p>Conseil de lavage : il est recommand\u00e9 de laver les maillots de football \u00e0 la main. Si vous souhaitez utiliser une machine \u00e0 laver, n'oubliez pas de retourner le maillot avant de le laver. Remplissez la machine avec de l'eau froide et utilisez un cycle de lavage doux pour mieux prot\u00e9ger les couleurs.<\/p>","protected":false},"excerpt":{"rendered":"<p>Dres Real Madrid 2024\/25 Doma\u010di Kit se pona\u0161a s prete\u017eno belo osnovo s subtilnimi detajli, nogometni dresi za otroke ki predstavlja naj\u010distej\u0161i dizajn doma\u010de opreme, ki je krasil stadion Santiago Bernab\u00e9u v zadnjem \u010dasu.Jasno bela majica je bila za\u0161\u010ditni znak kluba skozi celotno okra\u0161eno zgodovino, stil, ki ga obo\u017eujejo verniki Madrid in ga nosijo nekateri [&hellip;]<\/p>","protected":false},"featured_media":17484,"comment_status":"open","ping_status":"closed","template":"","meta":[],"product_brand":[],"product_cat":[73,33],"product_tag":[290,837,1141,464,1114,463,220,148,1113,751,147],"class_list":{"0":"post-17482","1":"product","2":"type-product","3":"status-publish","4":"has-post-thumbnail","6":"product_cat-otroski","7":"product_cat-nogometni-dresi-real-madrid","8":"product_tag-dresi-real-madrid-za-otroke","9":"product_tag-dresi-za-nogomet","10":"product_tag-eduardo-camavinga-dresi","11":"product_tag-nogometni-dresi-real-madrid-prodaja","12":"product_tag-nogometni-dresi-real-madrid-z-lastnim-imenom","13":"product_tag-nogometni-dresi-real-madrid-z-lastnim-tiskom","14":"product_tag-nogometni-dresi-za-otroke","15":"product_tag-poceni-nogometni-dresi","16":"product_tag-poceni-nogometni-dresi-real-madrid","17":"product_tag-real-madrid-dresi-2024","18":"product_tag-slovenski-nogometni-dresi","20":"first","21":"instock","22":"shipping-taxable","23":"purchasable","24":"product-type-variable"},"_links":{"self":[{"href":"https:\/\/www.nogometnizaotroke.com\/fr\/wp-json\/wp\/v2\/product\/17482","targetHints":{"allow":["GET"]}}],"collection":[{"href":"https:\/\/www.nogometnizaotroke.com\/fr\/wp-json\/wp\/v2\/product"}],"about":[{"href":"https:\/\/www.nogometnizaotroke.com\/fr\/wp-json\/wp\/v2\/types\/product"}],"replies":[{"embeddable":true,"href":"https:\/\/www.nogometnizaotroke.com\/fr\/wp-json\/wp\/v2\/comments?post=17482"}],"wp:featuredmedia":[{"embeddable":true,"href":"https:\/\/www.nogometnizaotroke.com\/fr\/wp-json\/wp\/v2\/media\/17484"}],"wp:attachment":[{"href":"https:\/\/www.nogometnizaotroke.com\/fr\/wp-json\/wp\/v2\/media?parent=17482"}],"wp:term":[{"taxonomy":"product_brand","embeddable":true,"href":"https:\/\/www.nogometnizaotroke.com\/fr\/wp-json\/wp\/v2\/product_brand?post=17482"},{"taxonomy":"product_cat","embeddable":true,"href":"https:\/\/www.nogometnizaotroke.com\/fr\/wp-json\/wp\/v2\/product_cat?post=17482"},{"taxonomy":"product_tag","embeddable":true,"href":"https:\/\/www.nogometnizaotroke.com\/fr\/wp-json\/wp\/v2\/product_tag?post=17482"}],"curies":[{"name":"wp","href":"https:\/\/api.w.org\/{rel}","templated":true}]}}