{"id":17357,"date":"2024-09-18T09:17:25","date_gmt":"2024-09-18T09:17:25","guid":{"rendered":"https:\/\/www.nogometnionline.com\/?post_type=product&#038;p=17357"},"modified":"2024-09-18T09:17:29","modified_gmt":"2024-09-18T09:17:29","slug":"poceni-nogometni-dresi-fc-bayern-munich-tretji-2024-25-kingsley-coman-11","status":"publish","type":"product","link":"https:\/\/www.nogometnizaotroke.com\/fr\/product\/poceni-nogometni-dresi-fc-bayern-munich-tretji-2024-25-kingsley-coman-11\/","title":{"rendered":"Cheap FC Bayern Munich Jerseys Third 2024-25 Kingsley Coman 11"},"content":{"rendered":"<p>FC Bayern Munich Tretji 2024-25\u00a0 dresi ima neprimerljiv slog, ki zdru\u017euje ironi\u010dne rde\u010de in bele barve kluba preko subtilne diamantne grafike. Poleg ironi\u010dnega trilistnima je na dresu vrnjena klasi\u010dna klubska zna\u010dka iz sedemdesetih let prej\u0161njega stoletja, ki slavi zlata leta v zgodovini kluba. Komplet dobi \u0161e zadnji dotik, ravno pleten polo ovratnik z oznako FCB na zadnji strani vratu.<\/p>\n<p>Conseils pour les chaussettes : le T-shirt ne comprend pas de chaussettes par d\u00e9faut. Si vous souhaitez des chaussettes, s\u00e9lectionnez les options chaussettes pour les payer.<\/p>\n<p>Conseil d'impression : si le nom et le num\u00e9ro figurant dans l'image correspondent exactement \u00e0 ce que vous souhaitez, il n'est pas n\u00e9cessaire de les saisir \u00e0 nouveau. Si ce n'est pas le cas, entrez le nom et le num\u00e9ro que vous souhaitez.<\/p>\n<p>Conseil de lavage : il est recommand\u00e9 de laver les maillots de football \u00e0 la main. Si vous souhaitez utiliser une machine \u00e0 laver, n'oubliez pas de retourner le maillot avant de le laver. Remplissez la machine avec de l'eau froide et utilisez un cycle de lavage doux pour mieux prot\u00e9ger les couleurs.<\/p>","protected":false},"excerpt":{"rendered":"<p>FC Bayern Munich Tretji 2024-25\u00a0 dresi ima neprimerljiv slog, ki zdru\u017euje ironi\u010dne rde\u010de in bele barve kluba preko subtilne diamantne grafike. Poleg ironi\u010dnega trilistnima je na dresu vrnjena klasi\u010dna klubska zna\u010dka iz sedemdesetih let prej\u0161njega stoletja, ki slavi zlata leta v zgodovini kluba. Komplet dobi \u0161e zadnji dotik, ravno pleten polo ovratnik z oznako FCB [&hellip;]<\/p>","protected":false},"featured_media":17359,"comment_status":"open","ping_status":"closed","template":"","meta":[],"product_brand":[],"product_cat":[140,40],"product_tag":[377,1355,150,1197,378,194,148,1196,374,147],"class_list":{"0":"post-17357","1":"product","2":"type-product","3":"status-publish","4":"has-post-thumbnail","6":"product_cat-moski","7":"product_cat-nogometni-dresi-bayern-munich","8":"product_tag-dresi-bayern-munich-za-moski","9":"product_tag-kingsley-coman-dresi","10":"product_tag-moski-nogometni-dresi","11":"product_tag-nogometni-dresi-bayern-munich-z-lastnim-imenom","12":"product_tag-nogometni-dresi-bayern-munich-za-moski-z-lastnim-tiskom","13":"product_tag-poceni-moski-nogometni-dresi-bayern-munich-z-lastnim-imenom","14":"product_tag-poceni-nogometni-dresi","15":"product_tag-poceni-nogometni-dresi-bayern-munich","16":"product_tag-poceni-nogometni-dresi-bayern-munich-z-lastnim-imenom-online","17":"product_tag-slovenski-nogometni-dresi","19":"first","20":"instock","21":"shipping-taxable","22":"purchasable","23":"product-type-variable"},"_links":{"self":[{"href":"https:\/\/www.nogometnizaotroke.com\/fr\/wp-json\/wp\/v2\/product\/17357","targetHints":{"allow":["GET"]}}],"collection":[{"href":"https:\/\/www.nogometnizaotroke.com\/fr\/wp-json\/wp\/v2\/product"}],"about":[{"href":"https:\/\/www.nogometnizaotroke.com\/fr\/wp-json\/wp\/v2\/types\/product"}],"replies":[{"embeddable":true,"href":"https:\/\/www.nogometnizaotroke.com\/fr\/wp-json\/wp\/v2\/comments?post=17357"}],"wp:featuredmedia":[{"embeddable":true,"href":"https:\/\/www.nogometnizaotroke.com\/fr\/wp-json\/wp\/v2\/media\/17359"}],"wp:attachment":[{"href":"https:\/\/www.nogometnizaotroke.com\/fr\/wp-json\/wp\/v2\/media?parent=17357"}],"wp:term":[{"taxonomy":"product_brand","embeddable":true,"href":"https:\/\/www.nogometnizaotroke.com\/fr\/wp-json\/wp\/v2\/product_brand?post=17357"},{"taxonomy":"product_cat","embeddable":true,"href":"https:\/\/www.nogometnizaotroke.com\/fr\/wp-json\/wp\/v2\/product_cat?post=17357"},{"taxonomy":"product_tag","embeddable":true,"href":"https:\/\/www.nogometnizaotroke.com\/fr\/wp-json\/wp\/v2\/product_tag?post=17357"}],"curies":[{"name":"wp","href":"https:\/\/api.w.org\/{rel}","templated":true}]}}