{"id":17337,"date":"2024-09-17T07:46:16","date_gmt":"2024-09-17T07:46:16","guid":{"rendered":"https:\/\/www.nogometnionline.com\/?post_type=product&#038;p=17337"},"modified":"2024-09-18T13:14:48","modified_gmt":"2024-09-18T13:14:48","slug":"otroski-nogometni-dresi-kompleti-za-otroke-liverpool-tretji-2024-2025","status":"publish","type":"product","link":"https:\/\/www.nogometnizaotroke.com\/fr\/product\/otroski-nogometni-dresi-kompleti-za-otroke-liverpool-tretji-2024-2025\/","title":{"rendered":"Kids Soccer Jerseys Kits for Kids Liverpool Third 2024-2025"},"content":{"rendered":"<p>La caract\u00e9ristique la plus frappante du troisi\u00e8me maillot du Liverpool FC 2024\/25 est le double Swoosh vertical distinctif qui s'\u00e9tend sur le maillot, le short et les chaussettes. Inspir\u00e9 de l'aile d'une d\u00e9esse grecque, cet \u00e9l\u00e9ment de design unique symbolise la vitesse, le mouvement, la force et la motivation. Les \u00e9quipes masculine et f\u00e9minine seront toutes deux \u00e9quip\u00e9es de ce d\u00e9tail innovant, qui souligne l'engagement du club en faveur de l'\u00e9galit\u00e9 des sexes dans le football.<br \/>\nOblikovanje nove majice LFC, ki je \u010drpa navdih iz \u017eivahne punk scene v Liverpoolu, je opisano kot &#8220;uporni\u0161ko.&#8221; Ima drzen vzorec, ki zdru\u017euje ikoni\u010dne barve kluba z elementi, ki \u010dastijo mestne neustra\u0161ne punk umetnice, ki so uvedle nov zvok, kjer Reka Mersey se sre\u010da z Irskim morjem. Vklju\u010ditev pti\u010djega perja Liver v vzorec dodatno povezuje dizajn z identiteto kluba.Prete\u017eno bela tretja garnitura Liverpool 24\/25 je poudarjena s \u010distimi platinastimi detajli, medtem ko prebliski klubske tradicionalne rde\u010de in krom rumene barve dopolnjujejo videz. \u010crne kratke hla\u010de in bele nogavice dopolnjujejo dres ter ustvarjajo skladen in vpadljiv ansambel. Osredoto\u010dil se je tudi na izbolj\u0161anje udobja in prileganja kompleta, kar zagotavlja optimalno zmogljivost za igralce.<\/p>\n<p>Conseils pour les chaussettes : le T-shirt ne comprend pas de chaussettes par d\u00e9faut. Si vous souhaitez des chaussettes, s\u00e9lectionnez les options chaussettes pour les payer.<\/p>\n<p>Conseil d'impression : si le nom et le num\u00e9ro figurant dans l'image correspondent exactement \u00e0 ce que vous souhaitez, il n'est pas n\u00e9cessaire de les saisir \u00e0 nouveau. Si ce n'est pas le cas, entrez le nom et le num\u00e9ro que vous souhaitez.<\/p>\n<p>Conseil de lavage : il est recommand\u00e9 de laver les maillots de football \u00e0 la main. Si vous souhaitez utiliser une machine \u00e0 laver, n'oubliez pas de retourner le maillot avant de le laver. Remplissez la machine avec de l'eau froide et utilisez un cycle de lavage doux pour mieux prot\u00e9ger les couleurs.<\/p>","protected":false},"excerpt":{"rendered":"<p>Najbolj presenetljiva zna\u010dilnost Liverpool FC 2024\/25 Tretji dresi je izrazit navpi\u010dni dvojni Swoosh, ki se razteza \u010dez dres, kratke hla\u010de in nogavice. Ta edinstven oblikovalski element, ki ga je navdihnilo krilo gr\u0161ke boginje, simbolizira hitrost, gibanje, mo\u010d in motivacijo. Tako mo\u0161ka kot \u017eenska ekipa bosta opremljeni s tem inovativnim detajlom, ki poudarja zavezanost kluba enakosti [&hellip;]<\/p>","protected":false},"featured_media":17339,"comment_status":"open","ping_status":"closed","template":"","meta":[],"product_brand":[],"product_cat":[73,39],"product_tag":[876,837,875,284,159,148,295,147],"class_list":{"0":"post-17337","1":"product","2":"type-product","3":"status-publish","4":"has-post-thumbnail","6":"product_cat-otroski","7":"product_cat-nogometni-dresi-liverpool","8":"product_tag-dresi-liverpool-za-otroski","9":"product_tag-dresi-za-nogomet","10":"product_tag-liverpool-dresi-2024","11":"product_tag-otroski-dresi-liverpool-z-lastnim-imenom","12":"product_tag-otroski-nogometni-dresi","13":"product_tag-poceni-nogometni-dresi","14":"product_tag-poceni-nogometni-dresi-liverpool-z-lastnim-imenom-online","15":"product_tag-slovenski-nogometni-dresi","17":"first","18":"instock","19":"shipping-taxable","20":"purchasable","21":"product-type-variable"},"_links":{"self":[{"href":"https:\/\/www.nogometnizaotroke.com\/fr\/wp-json\/wp\/v2\/product\/17337","targetHints":{"allow":["GET"]}}],"collection":[{"href":"https:\/\/www.nogometnizaotroke.com\/fr\/wp-json\/wp\/v2\/product"}],"about":[{"href":"https:\/\/www.nogometnizaotroke.com\/fr\/wp-json\/wp\/v2\/types\/product"}],"replies":[{"embeddable":true,"href":"https:\/\/www.nogometnizaotroke.com\/fr\/wp-json\/wp\/v2\/comments?post=17337"}],"wp:featuredmedia":[{"embeddable":true,"href":"https:\/\/www.nogometnizaotroke.com\/fr\/wp-json\/wp\/v2\/media\/17339"}],"wp:attachment":[{"href":"https:\/\/www.nogometnizaotroke.com\/fr\/wp-json\/wp\/v2\/media?parent=17337"}],"wp:term":[{"taxonomy":"product_brand","embeddable":true,"href":"https:\/\/www.nogometnizaotroke.com\/fr\/wp-json\/wp\/v2\/product_brand?post=17337"},{"taxonomy":"product_cat","embeddable":true,"href":"https:\/\/www.nogometnizaotroke.com\/fr\/wp-json\/wp\/v2\/product_cat?post=17337"},{"taxonomy":"product_tag","embeddable":true,"href":"https:\/\/www.nogometnizaotroke.com\/fr\/wp-json\/wp\/v2\/product_tag?post=17337"}],"curies":[{"name":"wp","href":"https:\/\/api.w.org\/{rel}","templated":true}]}}