{"id":17260,"date":"2024-09-15T07:07:18","date_gmt":"2024-09-15T07:07:18","guid":{"rendered":"https:\/\/www.nogometnionline.com\/?post_type=product&#038;p=17260"},"modified":"2024-09-15T07:07:23","modified_gmt":"2024-09-15T07:07:23","slug":"moski-nogometni-dresi-reprezentance-kolumbija-domaci-copa-america-2024-luis-diaz-7","status":"publish","type":"product","link":"https:\/\/www.nogometnizaotroke.com\/fr\/product\/moski-nogometni-dresi-reprezentance-kolumbija-domaci-copa-america-2024-luis-diaz-7\/","title":{"rendered":"\u00c9quipe nationale masculine Colombie Maillots Home Copa America 2024 Luis Diaz 7"},"content":{"rendered":"<p>Doma\u010da majica Kolumbija 2024 je poklon feniksovim krilom. Svetlo rumeno podno\u017eje gosti podrobne oran\u017ene obloge \u2013 zadevna krila \u2013 ki potujejo do hrbtne strani. Logotip je temno modre barve, ki se lepo ujema z modrimi kratkimi hla\u010dami za popoln komplet. Nov doma\u010di dres bodo nosili na prihajajo\u010dem Copa America 2024.<\/p>\n<p>Conseils pour les chaussettes : le T-shirt ne comprend pas de chaussettes par d\u00e9faut. Si vous souhaitez des chaussettes, s\u00e9lectionnez les options chaussettes pour les payer.<\/p>\n<p>Conseil d'impression : si le nom et le num\u00e9ro figurant dans l'image correspondent exactement \u00e0 ce que vous souhaitez, il n'est pas n\u00e9cessaire de les saisir \u00e0 nouveau. Si ce n'est pas le cas, entrez le nom et le num\u00e9ro que vous souhaitez.<\/p>\n<p>Conseil de lavage : il est recommand\u00e9 de laver les maillots de football \u00e0 la main. Si vous souhaitez utiliser une machine \u00e0 laver, n'oubliez pas de retourner le maillot avant de le laver. Remplissez la machine avec de l'eau froide et utilisez un cycle de lavage doux pour mieux prot\u00e9ger les couleurs.<\/p>","protected":false},"excerpt":{"rendered":"<p>Doma\u010da majica Kolumbija 2024 je poklon feniksovim krilom. Svetlo rumeno podno\u017eje gosti podrobne oran\u017ene obloge \u2013 zadevna krila \u2013 ki potujejo do hrbtne strani. Logotip je temno modre barve, ki se lepo ujema z modrimi kratkimi hla\u010dami za popoln komplet. Nov doma\u010di dres bodo nosili na prihajajo\u010dem Copa America 2024. Nasveti za nogavice: Majica ne [&hellip;]<\/p>","protected":false},"featured_media":17262,"comment_status":"open","ping_status":"closed","template":"","meta":[],"product_brand":[],"product_cat":[140,83],"product_tag":[847,848,1341,150,153,1338,1340,148,1337,1339,147],"class_list":{"0":"post-17260","1":"product","2":"type-product","3":"status-publish","4":"has-post-thumbnail","6":"product_cat-moski","7":"product_cat-dresi-kolumbija-reprezentance","8":"product_tag-copa-america-2024","9":"product_tag-kolumbija-copa-america-2024-dresi","10":"product_tag-luis-diaz-dresi","11":"product_tag-moski-nogometni-dresi","12":"product_tag-nogometni-dresi","13":"product_tag-nogometni-dresi-kolumbija-z-lastnim-imenom","14":"product_tag-otroske-nogometni-dresi-luis-diaz","15":"product_tag-poceni-nogometni-dresi","16":"product_tag-poceni-nogometni-dresi-kolumbija","17":"product_tag-poceni-nogometni-dresi-luis-diaz","18":"product_tag-slovenski-nogometni-dresi","20":"first","21":"instock","22":"shipping-taxable","23":"purchasable","24":"product-type-variable"},"_links":{"self":[{"href":"https:\/\/www.nogometnizaotroke.com\/fr\/wp-json\/wp\/v2\/product\/17260","targetHints":{"allow":["GET"]}}],"collection":[{"href":"https:\/\/www.nogometnizaotroke.com\/fr\/wp-json\/wp\/v2\/product"}],"about":[{"href":"https:\/\/www.nogometnizaotroke.com\/fr\/wp-json\/wp\/v2\/types\/product"}],"replies":[{"embeddable":true,"href":"https:\/\/www.nogometnizaotroke.com\/fr\/wp-json\/wp\/v2\/comments?post=17260"}],"wp:featuredmedia":[{"embeddable":true,"href":"https:\/\/www.nogometnizaotroke.com\/fr\/wp-json\/wp\/v2\/media\/17262"}],"wp:attachment":[{"href":"https:\/\/www.nogometnizaotroke.com\/fr\/wp-json\/wp\/v2\/media?parent=17260"}],"wp:term":[{"taxonomy":"product_brand","embeddable":true,"href":"https:\/\/www.nogometnizaotroke.com\/fr\/wp-json\/wp\/v2\/product_brand?post=17260"},{"taxonomy":"product_cat","embeddable":true,"href":"https:\/\/www.nogometnizaotroke.com\/fr\/wp-json\/wp\/v2\/product_cat?post=17260"},{"taxonomy":"product_tag","embeddable":true,"href":"https:\/\/www.nogometnizaotroke.com\/fr\/wp-json\/wp\/v2\/product_tag?post=17260"}],"curies":[{"name":"wp","href":"https:\/\/api.w.org\/{rel}","templated":true}]}}