{"id":17154,"date":"2024-09-11T06:59:59","date_gmt":"2024-09-11T06:59:59","guid":{"rendered":"https:\/\/www.nogometnionline.com\/?post_type=product&#038;p=17154"},"modified":"2024-09-14T14:40:37","modified_gmt":"2024-09-14T14:40:37","slug":"poceni-moski-nogometni-dresi-kompleti-ac-milan-domaci-2024-25-z-lastnim-tiskom","status":"publish","type":"product","link":"https:\/\/www.nogometnizaotroke.com\/fr\/product\/poceni-moski-nogometni-dresi-kompleti-ac-milan-domaci-2024-25-z-lastnim-tiskom\/","title":{"rendered":"Poceni Mo\u0161ki Nogometni Dresi kompleti AC Milan Doma\u010di 2024-25 z lastnim tiskom"},"content":{"rendered":"<p>Novi doma\u010di dres Milana 24-25 se vra\u010da h klasi\u010dnemu dizajnu, potem ko je bil dres prej\u0161nje sezone eksperimentalen. Vsebuje rde\u010de in \u010drne \u010drte kluba v kombinaciji z belimi logotipi.Znotraj rde\u010dih \u010drt je zelo subtilen dizajn, ki je verjetno povezan s 125-letnico kluba. Milano je bilo ustanovljeno leta 1899, pred 125 leti od danes.<\/p>\n<p>Conseils pour les chaussettes : le T-shirt ne comprend pas de chaussettes par d\u00e9faut. Si vous souhaitez des chaussettes, s\u00e9lectionnez les options chaussettes pour les payer.<\/p>\n<p>Conseil d'impression : si le nom et le num\u00e9ro figurant dans l'image correspondent exactement \u00e0 ce que vous souhaitez, il n'est pas n\u00e9cessaire de les saisir \u00e0 nouveau. Si ce n'est pas le cas, entrez le nom et le num\u00e9ro que vous souhaitez.<\/p>\n<p>Conseil de lavage : il est recommand\u00e9 de laver les maillots de football \u00e0 la main. Si vous souhaitez utiliser une machine \u00e0 laver, n'oubliez pas de retourner le maillot avant de le laver. Remplissez la machine avec de l'eau froide et utilisez un cycle de lavage doux pour mieux prot\u00e9ger les couleurs.<\/p>","protected":false},"excerpt":{"rendered":"<p>Novi doma\u010di dres Milana 24-25 se vra\u010da h klasi\u010dnemu dizajnu, potem ko je bil dres prej\u0161nje sezone eksperimentalen. Vsebuje rde\u010de in \u010drne \u010drte kluba v kombinaciji z belimi logotipi.Znotraj rde\u010dih \u010drt je zelo subtilen dizajn, ki je verjetno povezan s 125-letnico kluba. Milano je bilo ustanovljeno leta 1899, pred 125 leti od danes. Nasveti za [&hellip;]<\/p>","protected":false},"featured_media":17159,"comment_status":"open","ping_status":"closed","template":"","meta":[],"product_brand":[],"product_cat":[140,46],"product_tag":[1205,220,1003,159,1001,148,1204,147],"class_list":{"0":"post-17154","1":"product","2":"type-product","3":"status-publish","4":"has-post-thumbnail","6":"product_cat-moski","7":"product_cat-nogometni-dresi-ac-milan","8":"product_tag-nogometni-dresi-ac-milan-z-lastnim-imenom","9":"product_tag-nogometni-dresi-za-otroke","10":"product_tag-otroski-dresi-ac-milan-z-lastnim-imenom","11":"product_tag-otroski-nogometni-dresi","12":"product_tag-otroski-nogometni-dresi-ac-milan","13":"product_tag-poceni-nogometni-dresi","14":"product_tag-poceni-nogometni-dresi-ac-milan","15":"product_tag-slovenski-nogometni-dresi","17":"first","18":"instock","19":"featured","20":"shipping-taxable","21":"purchasable","22":"product-type-variable"},"_links":{"self":[{"href":"https:\/\/www.nogometnizaotroke.com\/fr\/wp-json\/wp\/v2\/product\/17154","targetHints":{"allow":["GET"]}}],"collection":[{"href":"https:\/\/www.nogometnizaotroke.com\/fr\/wp-json\/wp\/v2\/product"}],"about":[{"href":"https:\/\/www.nogometnizaotroke.com\/fr\/wp-json\/wp\/v2\/types\/product"}],"replies":[{"embeddable":true,"href":"https:\/\/www.nogometnizaotroke.com\/fr\/wp-json\/wp\/v2\/comments?post=17154"}],"wp:featuredmedia":[{"embeddable":true,"href":"https:\/\/www.nogometnizaotroke.com\/fr\/wp-json\/wp\/v2\/media\/17159"}],"wp:attachment":[{"href":"https:\/\/www.nogometnizaotroke.com\/fr\/wp-json\/wp\/v2\/media?parent=17154"}],"wp:term":[{"taxonomy":"product_brand","embeddable":true,"href":"https:\/\/www.nogometnizaotroke.com\/fr\/wp-json\/wp\/v2\/product_brand?post=17154"},{"taxonomy":"product_cat","embeddable":true,"href":"https:\/\/www.nogometnizaotroke.com\/fr\/wp-json\/wp\/v2\/product_cat?post=17154"},{"taxonomy":"product_tag","embeddable":true,"href":"https:\/\/www.nogometnizaotroke.com\/fr\/wp-json\/wp\/v2\/product_tag?post=17154"}],"curies":[{"name":"wp","href":"https:\/\/api.w.org\/{rel}","templated":true}]}}