{"id":16965,"date":"2024-09-09T02:17:39","date_gmt":"2024-09-09T02:17:39","guid":{"rendered":"https:\/\/www.nogometnionline.com\/?post_type=product&#038;p=16965"},"modified":"2024-09-09T02:17:44","modified_gmt":"2024-09-09T02:17:44","slug":"moski-nogometni-dresi-bayer-04-leverkusen-gostujoci-2024-2025-z-imenom","status":"publish","type":"product","link":"https:\/\/www.nogometnizaotroke.com\/fr\/product\/moski-nogometni-dresi-bayer-04-leverkusen-gostujoci-2024-2025-z-imenom\/","title":{"rendered":"Mo\u0161ki Nogometni dresi Bayer 04 Leverkusen Gostujo\u010di 2024-2025 z imenom"},"content":{"rendered":"<p>Gostujo\u010di dres Bayer 04 Leverkusen 2024\/25 ima belo osnovo z zna\u010dilnim sivim cik-cak \u010drtastim vzorcem, ki poteka navpi\u010dno \u010dez majico. Bakreni poudarki dodajo pridih prefinjenosti, z emblemom Bayer 04 in izvezenim logotipom Castore, ki se pojavljata v tem odtenku na prsih.Imena in \u0161tevilke igralcev na hrbtni strani so prav tako upodobljene v svetle\u010dem bakrenem odtenku. \u00bbWerkself\u00ab, vzdevek ekipe, je vklju\u010den v vratni izrez z bakrenimi \u010drkami. Logotip glavnega sponzorja Barmenia je prikazan v \u010drni barvi na prsih, medtem ko zlati tisk prvakov Bundeslige na desnem rokavu slu\u017ei kot opomnik na nedavno zmagoslavje kluba.<\/p>\n<p>Conseils pour les chaussettes : le T-shirt ne comprend pas de chaussettes par d\u00e9faut. Si vous souhaitez des chaussettes, s\u00e9lectionnez les options chaussettes pour les payer.<\/p>\n<p>Conseil d'impression : si le nom et le num\u00e9ro figurant dans l'image correspondent exactement \u00e0 ce que vous souhaitez, il n'est pas n\u00e9cessaire de les saisir \u00e0 nouveau. Si ce n'est pas le cas, entrez le nom et le num\u00e9ro que vous souhaitez.<\/p>\n<p>Conseil de lavage : il est recommand\u00e9 de laver les maillots de football \u00e0 la main. Si vous souhaitez utiliser une machine \u00e0 laver, n'oubliez pas de retourner le maillot avant de le laver. Remplissez la machine avec de l'eau froide et utilisez un cycle de lavage doux pour mieux prot\u00e9ger les couleurs.<\/p>","protected":false},"excerpt":{"rendered":"<p>Gostujo\u010di dres Bayer 04 Leverkusen 2024\/25 ima belo osnovo z zna\u010dilnim sivim cik-cak \u010drtastim vzorcem, ki poteka navpi\u010dno \u010dez majico. Bakreni poudarki dodajo pridih prefinjenosti, z emblemom Bayer 04 in izvezenim logotipom Castore, ki se pojavljata v tem odtenku na prsih.Imena in \u0161tevilke igralcev na hrbtni strani so prav tako upodobljene v svetle\u010dem bakrenem odtenku. [&hellip;]<\/p>","protected":false},"featured_media":16967,"comment_status":"open","ping_status":"closed","template":"","meta":[],"product_brand":[],"product_cat":[888,140],"product_tag":[890,150,217,153,891,148,889,147],"class_list":{"0":"post-16965","1":"product","2":"type-product","3":"status-publish","4":"has-post-thumbnail","6":"product_cat-nogometni-dresi-bayer-leverkusen","7":"product_cat-moski","8":"product_tag-bayer-leverkusen-dresi-z-lastnim-imenom","9":"product_tag-moski-nogometni-dresi","10":"product_tag-najcenejsi-nogometni-dresi","11":"product_tag-nogometni-dresi","12":"product_tag-poceni-bayer-leverkusen-dresi","13":"product_tag-poceni-nogometni-dresi","14":"product_tag-poceni-nogometni-dresi-bayer-leverkusen-z-lastnim-imenom-online","15":"product_tag-slovenski-nogometni-dresi","17":"first","18":"instock","19":"shipping-taxable","20":"purchasable","21":"product-type-variable"},"_links":{"self":[{"href":"https:\/\/www.nogometnizaotroke.com\/fr\/wp-json\/wp\/v2\/product\/16965","targetHints":{"allow":["GET"]}}],"collection":[{"href":"https:\/\/www.nogometnizaotroke.com\/fr\/wp-json\/wp\/v2\/product"}],"about":[{"href":"https:\/\/www.nogometnizaotroke.com\/fr\/wp-json\/wp\/v2\/types\/product"}],"replies":[{"embeddable":true,"href":"https:\/\/www.nogometnizaotroke.com\/fr\/wp-json\/wp\/v2\/comments?post=16965"}],"wp:featuredmedia":[{"embeddable":true,"href":"https:\/\/www.nogometnizaotroke.com\/fr\/wp-json\/wp\/v2\/media\/16967"}],"wp:attachment":[{"href":"https:\/\/www.nogometnizaotroke.com\/fr\/wp-json\/wp\/v2\/media?parent=16965"}],"wp:term":[{"taxonomy":"product_brand","embeddable":true,"href":"https:\/\/www.nogometnizaotroke.com\/fr\/wp-json\/wp\/v2\/product_brand?post=16965"},{"taxonomy":"product_cat","embeddable":true,"href":"https:\/\/www.nogometnizaotroke.com\/fr\/wp-json\/wp\/v2\/product_cat?post=16965"},{"taxonomy":"product_tag","embeddable":true,"href":"https:\/\/www.nogometnizaotroke.com\/fr\/wp-json\/wp\/v2\/product_tag?post=16965"}],"curies":[{"name":"wp","href":"https:\/\/api.w.org\/{rel}","templated":true}]}}