{"id":16944,"date":"2024-09-08T07:06:50","date_gmt":"2024-09-08T07:06:50","guid":{"rendered":"https:\/\/www.nogometnionline.com\/?post_type=product&#038;p=16944"},"modified":"2024-09-08T07:06:55","modified_gmt":"2024-09-08T07:06:55","slug":"otroski-nogometni-dresi-kompleti-za-otroke-porto-domaci-2024-25","status":"publish","type":"product","link":"https:\/\/www.nogometnizaotroke.com\/fr\/product\/otroski-nogometni-dresi-kompleti-za-otroke-porto-domaci-2024-25\/","title":{"rendered":"Otro\u0161ki Nogometni Dresi Kompleti za otroke Porto Doma\u010di 2024-25"},"content":{"rendered":"<p>Doma\u010di dresi FC Porto 24\/25 je poklon bogati zgodovini kluba in strastnim navija\u010dem. Modre \u010drte imajo u\u010dinek zmajevega dima, ki predstavlja intenzivnost in strast navija\u010dev FC Porto, medtem ko oran\u017eni detajli na majici, kratkih hla\u010dah in nogavicah dodajo pridih \u017eivahnosti in modernosti.<\/p>\n<p>Conseils pour les chaussettes : le T-shirt ne comprend pas de chaussettes par d\u00e9faut. Si vous souhaitez des chaussettes, s\u00e9lectionnez les options chaussettes pour les payer.<\/p>\n<p>Conseil d'impression : si le nom et le num\u00e9ro figurant dans l'image correspondent exactement \u00e0 ce que vous souhaitez, il n'est pas n\u00e9cessaire de les saisir \u00e0 nouveau. Si ce n'est pas le cas, entrez le nom et le num\u00e9ro que vous souhaitez.<\/p>\n<p>Conseil de lavage : il est recommand\u00e9 de laver les maillots de football \u00e0 la main. Si vous souhaitez utiliser une machine \u00e0 laver, n'oubliez pas de retourner le maillot avant de le laver. Remplissez la machine avec de l'eau froide et utilisez un cycle de lavage doux pour mieux prot\u00e9ger les couleurs.<\/p>","protected":false},"excerpt":{"rendered":"<p>Doma\u010di dresi FC Porto 24\/25 je poklon bogati zgodovini kluba in strastnim navija\u010dem. Modre \u010drte imajo u\u010dinek zmajevega dima, ki predstavlja intenzivnost in strast navija\u010dev FC Porto, medtem ko oran\u017eni detajli na majici, kratkih hla\u010dah in nogavicah dodajo pridih \u017eivahnosti in modernosti. Nasveti za nogavice: Majica ne vsebuje nogavic privzeto. \u010ce \u017eelite nogavice, izberite mo\u017enosti [&hellip;]<\/p>","protected":false},"featured_media":16946,"comment_status":"open","ping_status":"closed","template":"","meta":[],"product_brand":[],"product_cat":[73,71],"product_tag":[1306,153,220,1307,159,1308,148,147],"class_list":{"0":"post-16944","1":"product","2":"type-product","3":"status-publish","4":"has-post-thumbnail","6":"product_cat-otroski","7":"product_cat-nogometni-dresi-porto","8":"product_tag-dresi-porto-za-otroke","9":"product_tag-nogometni-dresi","10":"product_tag-nogometni-dresi-za-otroke","11":"product_tag-otroski-dresi-porto-z-lastnim-imenom","12":"product_tag-otroski-nogometni-dresi","13":"product_tag-otroski-nogometni-dresi-porto","14":"product_tag-poceni-nogometni-dresi","15":"product_tag-slovenski-nogometni-dresi","17":"first","18":"instock","19":"shipping-taxable","20":"purchasable","21":"product-type-variable"},"_links":{"self":[{"href":"https:\/\/www.nogometnizaotroke.com\/fr\/wp-json\/wp\/v2\/product\/16944","targetHints":{"allow":["GET"]}}],"collection":[{"href":"https:\/\/www.nogometnizaotroke.com\/fr\/wp-json\/wp\/v2\/product"}],"about":[{"href":"https:\/\/www.nogometnizaotroke.com\/fr\/wp-json\/wp\/v2\/types\/product"}],"replies":[{"embeddable":true,"href":"https:\/\/www.nogometnizaotroke.com\/fr\/wp-json\/wp\/v2\/comments?post=16944"}],"wp:featuredmedia":[{"embeddable":true,"href":"https:\/\/www.nogometnizaotroke.com\/fr\/wp-json\/wp\/v2\/media\/16946"}],"wp:attachment":[{"href":"https:\/\/www.nogometnizaotroke.com\/fr\/wp-json\/wp\/v2\/media?parent=16944"}],"wp:term":[{"taxonomy":"product_brand","embeddable":true,"href":"https:\/\/www.nogometnizaotroke.com\/fr\/wp-json\/wp\/v2\/product_brand?post=16944"},{"taxonomy":"product_cat","embeddable":true,"href":"https:\/\/www.nogometnizaotroke.com\/fr\/wp-json\/wp\/v2\/product_cat?post=16944"},{"taxonomy":"product_tag","embeddable":true,"href":"https:\/\/www.nogometnizaotroke.com\/fr\/wp-json\/wp\/v2\/product_tag?post=16944"}],"curies":[{"name":"wp","href":"https:\/\/api.w.org\/{rel}","templated":true}]}}