{"id":16812,"date":"2024-09-05T02:08:57","date_gmt":"2024-09-05T02:08:57","guid":{"rendered":"https:\/\/www.nogometnionline.com\/?post_type=product&#038;p=16812"},"modified":"2024-09-05T02:09:02","modified_gmt":"2024-09-05T02:09:02","slug":"moski-nogometni-dresi-kompleti-barcelona-domaci-2024-25-lamine-yamal-27","status":"publish","type":"product","link":"https:\/\/www.nogometnizaotroke.com\/fr\/product\/moski-nogometni-dresi-kompleti-barcelona-domaci-2024-25-lamine-yamal-27\/","title":{"rendered":"Mo\u0161ki Nogometni dresi kompleti Barcelona Doma\u010di 2024-25 Lamine Yamal 27"},"content":{"rendered":"<p>Doma\u010di dres FC Barcelona 2024-25 ima zelo obetavno barvno kombinacijo in dizajn. Doma\u010di dres Barcelone 2024-25 zdru\u017euje kraljevsko modro, mornarsko modro in rde\u010do z zlatimi logotipi.Kar zadeva obliko, ima komplet za dom Barcelona 24-25 videz pol in pol v modri in bordo barvi. Logotipa Swoosh in Spotify sta zlata, medtem ko je grb v standardnih barvah. Man\u0161ete ovratnika in rokavov so mornarsko modre.Barvna kombinacija in dizajn obujata spomine na dres Barcelone ob 100. stoletnici.<\/p>\n<p>Conseils pour les chaussettes : le T-shirt ne comprend pas de chaussettes par d\u00e9faut. Si vous souhaitez des chaussettes, s\u00e9lectionnez les options chaussettes pour les payer.<\/p>\n<p>Conseil d'impression : si le nom et le num\u00e9ro figurant dans l'image correspondent exactement \u00e0 ce que vous souhaitez, il n'est pas n\u00e9cessaire de les saisir \u00e0 nouveau. Si ce n'est pas le cas, entrez le nom et le num\u00e9ro que vous souhaitez.<\/p>\n<p>Conseil de lavage : il est recommand\u00e9 de laver les maillots de football \u00e0 la main. Si vous souhaitez utiliser une machine \u00e0 laver, n'oubliez pas de retourner le maillot avant de le laver. Remplissez la machine avec de l'eau froide et utilisez un cycle de lavage doux pour mieux prot\u00e9ger les couleurs.<\/p>","protected":false},"excerpt":{"rendered":"<p>Doma\u010di dres FC Barcelona 2024-25 ima zelo obetavno barvno kombinacijo in dizajn. Doma\u010di dres Barcelone 2024-25 zdru\u017euje kraljevsko modro, mornarsko modro in rde\u010do z zlatimi logotipi.Kar zadeva obliko, ima komplet za dom Barcelona 24-25 videz pol in pol v modri in bordo barvi. Logotipa Swoosh in Spotify sta zlata, medtem ko je grb v standardnih [&hellip;]<\/p>","protected":false},"featured_media":16814,"comment_status":"open","ping_status":"closed","template":"","meta":[],"product_brand":[],"product_cat":[140,34],"product_tag":[843,932,150,153,1053,148,1052,161,1288,147],"class_list":{"0":"post-16812","1":"product","2":"type-product","3":"status-publish","4":"has-post-thumbnail","6":"product_cat-moski","7":"product_cat-nogometni-dresi-barcelona","8":"product_tag-2024-25-nogometni-dresi","9":"product_tag-lamine-yamal-dresi","10":"product_tag-moski-nogometni-dresi","11":"product_tag-nogometni-dresi","12":"product_tag-nogometni-dresi-barcelona-z-lastnim-imenom","13":"product_tag-poceni-nogometni-dresi","14":"product_tag-poceni-nogometni-dresi-barcelona","15":"product_tag-poceni-nogometni-dresi-barcelona-z-lastnim-imenom-online","16":"product_tag-poceni-nogometni-dresi-lamine-yamal","17":"product_tag-slovenski-nogometni-dresi","19":"first","20":"instock","21":"shipping-taxable","22":"purchasable","23":"product-type-variable"},"_links":{"self":[{"href":"https:\/\/www.nogometnizaotroke.com\/fr\/wp-json\/wp\/v2\/product\/16812","targetHints":{"allow":["GET"]}}],"collection":[{"href":"https:\/\/www.nogometnizaotroke.com\/fr\/wp-json\/wp\/v2\/product"}],"about":[{"href":"https:\/\/www.nogometnizaotroke.com\/fr\/wp-json\/wp\/v2\/types\/product"}],"replies":[{"embeddable":true,"href":"https:\/\/www.nogometnizaotroke.com\/fr\/wp-json\/wp\/v2\/comments?post=16812"}],"wp:featuredmedia":[{"embeddable":true,"href":"https:\/\/www.nogometnizaotroke.com\/fr\/wp-json\/wp\/v2\/media\/16814"}],"wp:attachment":[{"href":"https:\/\/www.nogometnizaotroke.com\/fr\/wp-json\/wp\/v2\/media?parent=16812"}],"wp:term":[{"taxonomy":"product_brand","embeddable":true,"href":"https:\/\/www.nogometnizaotroke.com\/fr\/wp-json\/wp\/v2\/product_brand?post=16812"},{"taxonomy":"product_cat","embeddable":true,"href":"https:\/\/www.nogometnizaotroke.com\/fr\/wp-json\/wp\/v2\/product_cat?post=16812"},{"taxonomy":"product_tag","embeddable":true,"href":"https:\/\/www.nogometnizaotroke.com\/fr\/wp-json\/wp\/v2\/product_tag?post=16812"}],"curies":[{"name":"wp","href":"https:\/\/api.w.org\/{rel}","templated":true}]}}