{"id":16730,"date":"2024-09-03T12:27:00","date_gmt":"2024-09-03T12:27:00","guid":{"rendered":"https:\/\/www.nogometnionline.com\/?post_type=product&#038;p=16730"},"modified":"2024-09-03T12:27:04","modified_gmt":"2024-09-03T12:27:04","slug":"poceni-nogometni-dresi-feyenoord-domaci-2024-2025-santiago-gimenez-29","status":"publish","type":"product","link":"https:\/\/www.nogometnizaotroke.com\/fr\/product\/poceni-nogometni-dresi-feyenoord-domaci-2024-2025-santiago-gimenez-29\/","title":{"rendered":"Poceni Nogometni dresi Feyenoord Doma\u010di 2024-2025 Santiago Gimenez 29"},"content":{"rendered":"<p>Nogometna majica dresi Feyenoord Doma\u010di 2024-2025\u00a0 je oblikovana pol in pol z rde\u010do na desni in belo na levi. Rokavi so kontrastnih barv z belo na desni in rde\u010do na levi strani.Okrogel ovratnik in man\u0161ete so \u010drne barve.<\/p>\n<p>Conseils pour les chaussettes : le T-shirt ne comprend pas de chaussettes par d\u00e9faut. Si vous souhaitez des chaussettes, s\u00e9lectionnez les options chaussettes pour les payer.<\/p>\n<p>Conseil d'impression : si le nom et le num\u00e9ro figurant dans l'image correspondent exactement \u00e0 ce que vous souhaitez, il n'est pas n\u00e9cessaire de les saisir \u00e0 nouveau. Si ce n'est pas le cas, entrez le nom et le num\u00e9ro que vous souhaitez.<\/p>\n<p>Conseil de lavage : il est recommand\u00e9 de laver les maillots de football \u00e0 la main. Si vous souhaitez utiliser une machine \u00e0 laver, n'oubliez pas de retourner le maillot avant de le laver. Remplissez la machine avec de l'eau froide et utilisez un cycle de lavage doux pour mieux prot\u00e9ger les couleurs.<\/p>","protected":false},"excerpt":{"rendered":"<p>Nogometna majica dresi Feyenoord Doma\u010di 2024-2025\u00a0 je oblikovana pol in pol z rde\u010do na desni in belo na levi. Rokavi so kontrastnih barv z belo na desni in rde\u010do na levi strani.Okrogel ovratnik in man\u0161ete so \u010drne barve. Nasveti za nogavice: Majica ne vsebuje nogavic privzeto. \u010ce \u017eelite nogavice, izberite mo\u017enosti nogavic, da jih pla\u010date. [&hellip;]<\/p>","protected":false},"featured_media":16732,"comment_status":"open","ping_status":"closed","template":"","meta":[],"product_brand":[],"product_cat":[140,61],"product_tag":[150,217,153,1271,148,1272,1273,147],"class_list":{"0":"post-16730","1":"product","2":"type-product","3":"status-publish","4":"has-post-thumbnail","6":"product_cat-moski","7":"product_cat-nogometni-dresi-feyenoord","8":"product_tag-moski-nogometni-dresi","9":"product_tag-najcenejsi-nogometni-dresi","10":"product_tag-nogometni-dresi","11":"product_tag-nogometni-dresi-feyenoord-z-lastnim-imenom","12":"product_tag-poceni-nogometni-dresi","13":"product_tag-poceni-nogometni-dresi-feyenoord","14":"product_tag-poceni-nogometni-dresi-feyenoord-z-lastnim-imenom-online","15":"product_tag-slovenski-nogometni-dresi","17":"first","18":"instock","19":"shipping-taxable","20":"purchasable","21":"product-type-variable"},"_links":{"self":[{"href":"https:\/\/www.nogometnizaotroke.com\/fr\/wp-json\/wp\/v2\/product\/16730","targetHints":{"allow":["GET"]}}],"collection":[{"href":"https:\/\/www.nogometnizaotroke.com\/fr\/wp-json\/wp\/v2\/product"}],"about":[{"href":"https:\/\/www.nogometnizaotroke.com\/fr\/wp-json\/wp\/v2\/types\/product"}],"replies":[{"embeddable":true,"href":"https:\/\/www.nogometnizaotroke.com\/fr\/wp-json\/wp\/v2\/comments?post=16730"}],"wp:featuredmedia":[{"embeddable":true,"href":"https:\/\/www.nogometnizaotroke.com\/fr\/wp-json\/wp\/v2\/media\/16732"}],"wp:attachment":[{"href":"https:\/\/www.nogometnizaotroke.com\/fr\/wp-json\/wp\/v2\/media?parent=16730"}],"wp:term":[{"taxonomy":"product_brand","embeddable":true,"href":"https:\/\/www.nogometnizaotroke.com\/fr\/wp-json\/wp\/v2\/product_brand?post=16730"},{"taxonomy":"product_cat","embeddable":true,"href":"https:\/\/www.nogometnizaotroke.com\/fr\/wp-json\/wp\/v2\/product_cat?post=16730"},{"taxonomy":"product_tag","embeddable":true,"href":"https:\/\/www.nogometnizaotroke.com\/fr\/wp-json\/wp\/v2\/product_tag?post=16730"}],"curies":[{"name":"wp","href":"https:\/\/api.w.org\/{rel}","templated":true}]}}