{"id":16600,"date":"2024-08-31T05:05:21","date_gmt":"2024-08-31T05:05:21","guid":{"rendered":"https:\/\/www.nogometnionline.com\/?post_type=product&#038;p=16600"},"modified":"2024-08-31T05:05:25","modified_gmt":"2024-08-31T05:05:25","slug":"moski-nogometni-dresi-west-ham-united-domaci-2024-25-z-lastnim-imenom-online","status":"publish","type":"product","link":"https:\/\/www.nogometnizaotroke.com\/fr\/product\/moski-nogometni-dresi-west-ham-united-domaci-2024-25-z-lastnim-imenom-online\/","title":{"rendered":"Mo\u0161ki Nogometni dresi West Ham United Doma\u010di 2024-25 z lastnim imenom online"},"content":{"rendered":"<p>Novi dres Umbro West Ham 24-25 je popolna sprememba klubskega dresa Bubble 23-24 in je hkrati eleganten in klasi\u010den.Dizajn doma\u010dega dresa West Ham 24-25 se zgleduje po \u0161estdesetih letih prej\u0161njega stoletja, ko je klub osvojil pokal pokalnih zmagovalcev.Kot obi\u010dajno ima dres Ambro West Ham United 24-25 bordo osnovne barve z nebe\u0161ko modrimi rokavi. Tako ovratnik kot man\u0161ete imajo \u010dudovite vinsko rde\u010de, nebesno modre in bele \u010drte.Doma\u010da majica Umbro West Ham United FC 24-25 ima nov logotip Umbro v beli in nebesno modri barvi na desni strani prsi, medtem ko je zna\u010dka West Ham prikazana na levi strani prsi v prebarvani nebesno modri\/prozorni\/beli razli\u010dici.<\/p>\n<p>Conseils pour les chaussettes : le T-shirt ne comprend pas de chaussettes par d\u00e9faut. Si vous souhaitez des chaussettes, s\u00e9lectionnez les options chaussettes pour les payer.<\/p>\n<p>Conseil d'impression : si le nom et le num\u00e9ro figurant dans l'image correspondent exactement \u00e0 ce que vous souhaitez, il n'est pas n\u00e9cessaire de les saisir \u00e0 nouveau. Si ce n'est pas le cas, entrez le nom et le num\u00e9ro que vous souhaitez.<\/p>\n<p>Conseil de lavage : il est recommand\u00e9 de laver les maillots de football \u00e0 la main. Si vous souhaitez utiliser une machine \u00e0 laver, n'oubliez pas de retourner le maillot avant de le laver. Remplissez la machine avec de l'eau froide et utilisez un cycle de lavage doux pour mieux prot\u00e9ger les couleurs.<\/p>","protected":false},"excerpt":{"rendered":"<p>Novi dres Umbro West Ham 24-25 je popolna sprememba klubskega dresa Bubble 23-24 in je hkrati eleganten in klasi\u010den.Dizajn doma\u010dega dresa West Ham 24-25 se zgleduje po \u0161estdesetih letih prej\u0161njega stoletja, ko je klub osvojil pokal pokalnih zmagovalcev.Kot obi\u010dajno ima dres Ambro West Ham United 24-25 bordo osnovne barve z nebe\u0161ko modrimi rokavi. Tako ovratnik [&hellip;]<\/p>","protected":false},"featured_media":16602,"comment_status":"open","ping_status":"closed","template":"","meta":[],"product_brand":[],"product_cat":[140,53],"product_tag":[150,153,1239,220,148,1238,147],"class_list":{"0":"post-16600","1":"product","2":"type-product","3":"status-publish","4":"has-post-thumbnail","6":"product_cat-moski","7":"product_cat-nogometni-dresi-west-ham-united","8":"product_tag-moski-nogometni-dresi","9":"product_tag-nogometni-dresi","10":"product_tag-nogometni-dresi-west-ham-united-z-lastnim-imenom","11":"product_tag-nogometni-dresi-za-otroke","12":"product_tag-poceni-nogometni-dresi","13":"product_tag-poceni-nogometni-dresi-west-ham-united","14":"product_tag-slovenski-nogometni-dresi","16":"first","17":"instock","18":"shipping-taxable","19":"purchasable","20":"product-type-variable"},"_links":{"self":[{"href":"https:\/\/www.nogometnizaotroke.com\/fr\/wp-json\/wp\/v2\/product\/16600","targetHints":{"allow":["GET"]}}],"collection":[{"href":"https:\/\/www.nogometnizaotroke.com\/fr\/wp-json\/wp\/v2\/product"}],"about":[{"href":"https:\/\/www.nogometnizaotroke.com\/fr\/wp-json\/wp\/v2\/types\/product"}],"replies":[{"embeddable":true,"href":"https:\/\/www.nogometnizaotroke.com\/fr\/wp-json\/wp\/v2\/comments?post=16600"}],"wp:featuredmedia":[{"embeddable":true,"href":"https:\/\/www.nogometnizaotroke.com\/fr\/wp-json\/wp\/v2\/media\/16602"}],"wp:attachment":[{"href":"https:\/\/www.nogometnizaotroke.com\/fr\/wp-json\/wp\/v2\/media?parent=16600"}],"wp:term":[{"taxonomy":"product_brand","embeddable":true,"href":"https:\/\/www.nogometnizaotroke.com\/fr\/wp-json\/wp\/v2\/product_brand?post=16600"},{"taxonomy":"product_cat","embeddable":true,"href":"https:\/\/www.nogometnizaotroke.com\/fr\/wp-json\/wp\/v2\/product_cat?post=16600"},{"taxonomy":"product_tag","embeddable":true,"href":"https:\/\/www.nogometnizaotroke.com\/fr\/wp-json\/wp\/v2\/product_tag?post=16600"}],"curies":[{"name":"wp","href":"https:\/\/api.w.org\/{rel}","templated":true}]}}