{"id":16552,"date":"2024-08-29T04:35:34","date_gmt":"2024-08-29T04:35:34","guid":{"rendered":"https:\/\/www.nogometnionline.com\/?post_type=product&#038;p=16552"},"modified":"2024-08-29T04:35:38","modified_gmt":"2024-08-29T04:35:38","slug":"poceni-moski-nogometni-dresi-as-roma-domaci-2024-25-tammy-abraham-9","status":"publish","type":"product","link":"https:\/\/www.nogometnizaotroke.com\/fr\/product\/poceni-moski-nogometni-dresi-as-roma-domaci-2024-25-tammy-abraham-9\/","title":{"rendered":"Poceni Mo\u0161ki Nogometni dresi AS Roma Doma\u010di 2024-25 Tammy Abraham 9"},"content":{"rendered":"<p>Le design du maillot rend hommage \u00e0 l'ADN de la Roma avec de fines bandes dor\u00e9es superpos\u00e9es sur une base rouge fonc\u00e9, cr\u00e9ant un contraste subtil. La nuance plus profonde du rouge ajoute de la dimension \u00e0 l'ensemble et \u00e9quilibre la tradition avec une esth\u00e9tique moderne. L'\u00e9cusson de l'AS Roma, situ\u00e9 au-dessus du c\u0153ur, est du m\u00eame rouge fonc\u00e9 que le maillot, symbolisant le lien entre le club et ses fans. Les trois bandes dor\u00e9es distinctives ornent les \u00e9paules et soulignent la qualit\u00e9 sup\u00e9rieure du kit.<br \/>\nPozornost do detajlov je o\u010ditna povsod, z besedilom \u00bbA.S. Roma\u00ab na hrbtni strani ovratnika, ki odra\u017ea slog, uporabljen na sezonskih vstopnicah 1933\/34. Ta subtilen pridih naj bi slu\u017eil kot opomin na dolgoletno dedi\u0161\u010dino kluba in generacije navija\u010dev, ki so podpirali Romo.<\/p>\n<p>Conseils pour les chaussettes : le T-shirt ne comprend pas de chaussettes par d\u00e9faut. Si vous souhaitez des chaussettes, s\u00e9lectionnez les options chaussettes pour les payer.<\/p>\n<p>Conseil d'impression : si le nom et le num\u00e9ro figurant dans l'image correspondent exactement \u00e0 ce que vous souhaitez, il n'est pas n\u00e9cessaire de les saisir \u00e0 nouveau. Si ce n'est pas le cas, entrez le nom et le num\u00e9ro que vous souhaitez.<\/p>\n<p>Conseil de lavage : il est recommand\u00e9 de laver les maillots de football \u00e0 la main. Si vous souhaitez utiliser une machine \u00e0 laver, n'oubliez pas de retourner le maillot avant de le laver. Remplissez la machine avec de l'eau froide et utilisez un cycle de lavage doux pour mieux prot\u00e9ger les couleurs.<\/p>","protected":false},"excerpt":{"rendered":"<p>Dizajn srajce je poklon DNK Roma s tankimi zlatimi \u010drtami, prekritimi s temno rde\u010do podlago, ki ustvarjajo prefinjen kontrast. Globlji odtenek rde\u010de dodaja dimenzijo celotnemu videzu in uravnove\u0161a tradicijo s sodobno estetiko.Grb AS Roma, ki se nahaja nad srcem, ima enako temno rde\u010do barvo kot dres, kar simbolizira povezavo med klubom in njegovimi navija\u010di. Prepoznavne [&hellip;]<\/p>","protected":false},"featured_media":16554,"comment_status":"open","ping_status":"closed","template":"","meta":[],"product_brand":[],"product_cat":[140,48],"product_tag":[754,150,153,1231,220,148,1230,147,1234],"class_list":{"0":"post-16552","1":"product","2":"type-product","3":"status-publish","4":"has-post-thumbnail","6":"product_cat-moski","7":"product_cat-nogometni-dresi-as-roma","8":"product_tag-as-roma-dresi-2024","9":"product_tag-moski-nogometni-dresi","10":"product_tag-nogometni-dresi","11":"product_tag-nogometni-dresi-as-roma-z-lastnim-imenom","12":"product_tag-nogometni-dresi-za-otroke","13":"product_tag-poceni-nogometni-dresi","14":"product_tag-poceni-nogometni-dresi-as-roma","15":"product_tag-slovenski-nogometni-dresi","16":"product_tag-tammy-abraham-dresi","18":"first","19":"instock","20":"shipping-taxable","21":"purchasable","22":"product-type-variable"},"_links":{"self":[{"href":"https:\/\/www.nogometnizaotroke.com\/fr\/wp-json\/wp\/v2\/product\/16552","targetHints":{"allow":["GET"]}}],"collection":[{"href":"https:\/\/www.nogometnizaotroke.com\/fr\/wp-json\/wp\/v2\/product"}],"about":[{"href":"https:\/\/www.nogometnizaotroke.com\/fr\/wp-json\/wp\/v2\/types\/product"}],"replies":[{"embeddable":true,"href":"https:\/\/www.nogometnizaotroke.com\/fr\/wp-json\/wp\/v2\/comments?post=16552"}],"wp:featuredmedia":[{"embeddable":true,"href":"https:\/\/www.nogometnizaotroke.com\/fr\/wp-json\/wp\/v2\/media\/16554"}],"wp:attachment":[{"href":"https:\/\/www.nogometnizaotroke.com\/fr\/wp-json\/wp\/v2\/media?parent=16552"}],"wp:term":[{"taxonomy":"product_brand","embeddable":true,"href":"https:\/\/www.nogometnizaotroke.com\/fr\/wp-json\/wp\/v2\/product_brand?post=16552"},{"taxonomy":"product_cat","embeddable":true,"href":"https:\/\/www.nogometnizaotroke.com\/fr\/wp-json\/wp\/v2\/product_cat?post=16552"},{"taxonomy":"product_tag","embeddable":true,"href":"https:\/\/www.nogometnizaotroke.com\/fr\/wp-json\/wp\/v2\/product_tag?post=16552"}],"curies":[{"name":"wp","href":"https:\/\/api.w.org\/{rel}","templated":true}]}}