{"id":16530,"date":"2024-08-28T04:31:50","date_gmt":"2024-08-28T04:31:50","guid":{"rendered":"https:\/\/www.nogometnionline.com\/?post_type=product&#038;p=16530"},"modified":"2024-08-28T04:31:54","modified_gmt":"2024-08-28T04:31:54","slug":"otroski-nogometni-dresi-kompleti-za-otroke-inter-milan-modra-domaci-2024-2025","status":"publish","type":"product","link":"https:\/\/www.nogometnizaotroke.com\/fr\/product\/otroski-nogometni-dresi-kompleti-za-otroke-inter-milan-modra-domaci-2024-2025\/","title":{"rendered":"Otro\u0161ki Nogometni Dresi Kompleti za otroke Inter Milan modra Doma\u010di 2024 2025"},"content":{"rendered":"<p>Nova zasnova dresov Inter Milan se poklanja Inter bogati dedi\u0161\u010dini, hkrati pa pogumno sprejema prihodnost, vklju\u010duje pa ironi\u010dno troboj no zna\u010dko in prvi\u010d doslej za\u017eeleno drugo zvezdico. Ta zvezda simbolizira izjemen dose\u017eek kluba, ko je v prej\u0161nji sezoni osvojil svoj dvajseti naslov v Serie A, podvig, ki je navdihnil celotno kampanjo za blan\u0161iranje.Razkritje doma\u010de opreme Inter Milan 24\/25 je osredoto\u010deno na temo ustvarjalnega procesa, ki vle\u010de vzporednice med zvezdami, ki krasijo majico, in razli\u010dnimi umetni\u0161kimi interpretacijami zvezd, ki so jih o\u017eiveli izku\u0161eni rokodelci. Od zapletenih skulptur do osupljivih Tatijev, glavni videoposnetek, ki spremlja blan\u0161iranje, prikazuje razli\u010dne na\u010dine, na katere je bil motiv zvezde prenovljen, s poudarkom na povezanosti kluba z \u017eivahno ustvarjalno skupnostjo Milana.<\/p>\n<p>V skladu s tradicijo ima novi Inter doma\u010di dres klasi\u010dne \u010drne in modre \u010drte, ki so \u017ee dolgo povezane z milanskim Inter. Vendar so te \u010drte dobile sodoben pridih z dinami\u010dno interpretacijo, ki sega od srajce do kratkih hla\u010d. Ta spoj klasi\u010dnih elementov s sodobnim dizajnom odra\u017ea etos Inter Milan in samega mesta \u2013 subjektov, ki spo\u0161tujejo svojo zgodovino in hkrati nenehno premikajo meje inovacij. Komplet je izdelan z vrhunsko tehnologijo Dri-FIT ADV, ki zagotavlja, da igralci med intenzivnimi tekmami ostanejo hladni, udobni in suhi.<\/p>\n<p>Conseils pour les chaussettes : le T-shirt ne comprend pas de chaussettes par d\u00e9faut. Si vous souhaitez des chaussettes, s\u00e9lectionnez les options chaussettes pour les payer.<\/p>\n<p>Conseil d'impression : si le nom et le num\u00e9ro figurant dans l'image correspondent exactement \u00e0 ce que vous souhaitez, il n'est pas n\u00e9cessaire de les saisir \u00e0 nouveau. Si ce n'est pas le cas, entrez le nom et le num\u00e9ro que vous souhaitez.<\/p>\n<p>Conseil de lavage : il est recommand\u00e9 de laver les maillots de football \u00e0 la main. Si vous souhaitez utiliser une machine \u00e0 laver, n'oubliez pas de retourner le maillot avant de le laver. Remplissez la machine avec de l'eau froide et utilisez un cycle de lavage doux pour mieux prot\u00e9ger les couleurs.<\/p>","protected":false},"excerpt":{"rendered":"<p>Nova zasnova dresov Inter Milan se poklanja Inter bogati dedi\u0161\u010dini, hkrati pa pogumno sprejema prihodnost, vklju\u010duje pa ironi\u010dno troboj no zna\u010dko in prvi\u010d doslej za\u017eeleno drugo zvezdico. Ta zvezda simbolizira izjemen dose\u017eek kluba, ko je v prej\u0161nji sezoni osvojil svoj dvajseti naslov v Serie A, podvig, ki je navdihnil celotno kampanjo za blan\u0161iranje.Razkritje doma\u010de opreme [&hellip;]<\/p>","protected":false},"featured_media":16532,"comment_status":"open","ping_status":"closed","template":"","meta":[],"product_brand":[],"product_cat":[73,47],"product_tag":[1228,153,480,479,1229,1227,148,197,147],"class_list":{"0":"post-16530","1":"product","2":"type-product","3":"status-publish","4":"has-post-thumbnail","6":"product_cat-otroski","7":"product_cat-nogometni-dresi-inter-milan","8":"product_tag-dresi-inter-milan-za-otroke","9":"product_tag-nogometni-dresi","10":"product_tag-nogometni-dresi-inter-milan-prodaja","11":"product_tag-nogometni-dresi-inter-milan-z-lastnim-tiskom","12":"product_tag-otroski-dresi-inter-milan-z-lastnim-imenom","13":"product_tag-otroski-nogometni-dresi-inter-milan","14":"product_tag-poceni-nogometni-dresi","15":"product_tag-poceni-nogometni-dresi-inter-milan-z-lastnim-imenom-online","16":"product_tag-slovenski-nogometni-dresi","18":"first","19":"instock","20":"shipping-taxable","21":"purchasable","22":"product-type-variable"},"_links":{"self":[{"href":"https:\/\/www.nogometnizaotroke.com\/fr\/wp-json\/wp\/v2\/product\/16530","targetHints":{"allow":["GET"]}}],"collection":[{"href":"https:\/\/www.nogometnizaotroke.com\/fr\/wp-json\/wp\/v2\/product"}],"about":[{"href":"https:\/\/www.nogometnizaotroke.com\/fr\/wp-json\/wp\/v2\/types\/product"}],"replies":[{"embeddable":true,"href":"https:\/\/www.nogometnizaotroke.com\/fr\/wp-json\/wp\/v2\/comments?post=16530"}],"wp:featuredmedia":[{"embeddable":true,"href":"https:\/\/www.nogometnizaotroke.com\/fr\/wp-json\/wp\/v2\/media\/16532"}],"wp:attachment":[{"href":"https:\/\/www.nogometnizaotroke.com\/fr\/wp-json\/wp\/v2\/media?parent=16530"}],"wp:term":[{"taxonomy":"product_brand","embeddable":true,"href":"https:\/\/www.nogometnizaotroke.com\/fr\/wp-json\/wp\/v2\/product_brand?post=16530"},{"taxonomy":"product_cat","embeddable":true,"href":"https:\/\/www.nogometnizaotroke.com\/fr\/wp-json\/wp\/v2\/product_cat?post=16530"},{"taxonomy":"product_tag","embeddable":true,"href":"https:\/\/www.nogometnizaotroke.com\/fr\/wp-json\/wp\/v2\/product_tag?post=16530"}],"curies":[{"name":"wp","href":"https:\/\/api.w.org\/{rel}","templated":true}]}}