{"id":16418,"date":"2024-08-25T13:29:25","date_gmt":"2024-08-25T13:29:25","guid":{"rendered":"https:\/\/www.nogometnionline.com\/?post_type=product&#038;p=16418"},"modified":"2024-08-25T13:29:29","modified_gmt":"2024-08-25T13:29:29","slug":"otroski-nogometni-dresi-kompleti-za-otroke-ac-milan-gostujoci-2024-25-z-lastnim-tiskom","status":"publish","type":"product","link":"https:\/\/www.nogometnizaotroke.com\/fr\/product\/otroski-nogometni-dresi-kompleti-za-otroke-ac-milan-gostujoci-2024-25-z-lastnim-tiskom\/","title":{"rendered":"Otro\u0161ki Nogometni Dresi Kompleti za otroke AC Milan Gostujo\u010di 2024-25 z lastnim tiskom"},"content":{"rendered":"<p>Bela majica za goste je oblikovana v klasi\u010dni barvi za AC Milan s popolnoma novim videzom za sezono 24\/25. Beli dres ima subtilno grafiko z navpi\u010dnimi \u010drtami. Rde\u010da in \u010drna obroba sedi okoli ovratnika in man\u0161et rokavov, \u010drni logotipi pa dopolnjujejo dizajn. Na voljo sta silikonsko natisnjena zna\u010dka AC Milan in dva toplotno nanesena sponzorska logotipa.<\/p>\n<p>To je gostujo\u010da majica s kratkimi rokavi in \u200b\u200brebrastim polo ovratnikom, popolna za dneve tekem AC Milan in vsak dan. Ta dres, ki je na voljo v velikostih za odrasle S-2XL, je standardno oblikovan za optimalno udobje na igri\u0161\u010du in izven njega. Ta majica je izdelana iz lahkega poliestra in je zra\u010dna ter vklju\u010duje prepoznavno tehnologijo za odvajanje znoja Duracell, ki vas ohranja hladne in suhe.<\/p>\n<p>Conseils pour les chaussettes : le T-shirt ne comprend pas de chaussettes par d\u00e9faut. Si vous souhaitez des chaussettes, s\u00e9lectionnez les options chaussettes pour les payer.<\/p>\n<p>Conseil d'impression : si le nom et le num\u00e9ro figurant dans l'image correspondent exactement \u00e0 ce que vous souhaitez, il n'est pas n\u00e9cessaire de les saisir \u00e0 nouveau. Si ce n'est pas le cas, entrez le nom et le num\u00e9ro que vous souhaitez.<\/p>\n<p>Conseil de lavage : il est recommand\u00e9 de laver les maillots de football \u00e0 la main. Si vous souhaitez utiliser une machine \u00e0 laver, n'oubliez pas de retourner le maillot avant de le laver. Remplissez la machine avec de l'eau froide et utilisez un cycle de lavage doux pour mieux prot\u00e9ger les couleurs.<\/p>","protected":false},"excerpt":{"rendered":"<p>Bela majica za goste je oblikovana v klasi\u010dni barvi za AC Milan s popolnoma novim videzom za sezono 24\/25. Beli dres ima subtilno grafiko z navpi\u010dnimi \u010drtami. Rde\u010da in \u010drna obroba sedi okoli ovratnika in man\u0161et rokavov, \u010drni logotipi pa dopolnjujejo dizajn. Na voljo sta silikonsko natisnjena zna\u010dka AC Milan in dva toplotno nanesena sponzorska [&hellip;]<\/p>","protected":false},"featured_media":16420,"comment_status":"open","ping_status":"closed","template":"","meta":[],"product_brand":[],"product_cat":[73,46],"product_tag":[1002,1205,220,1003,159,1001,148,1204,147],"class_list":{"0":"post-16418","1":"product","2":"type-product","3":"status-publish","4":"has-post-thumbnail","6":"product_cat-otroski","7":"product_cat-nogometni-dresi-ac-milan","8":"product_tag-dresi-ac-milan-za-otroke","9":"product_tag-nogometni-dresi-ac-milan-z-lastnim-imenom","10":"product_tag-nogometni-dresi-za-otroke","11":"product_tag-otroski-dresi-ac-milan-z-lastnim-imenom","12":"product_tag-otroski-nogometni-dresi","13":"product_tag-otroski-nogometni-dresi-ac-milan","14":"product_tag-poceni-nogometni-dresi","15":"product_tag-poceni-nogometni-dresi-ac-milan","16":"product_tag-slovenski-nogometni-dresi","18":"first","19":"instock","20":"shipping-taxable","21":"purchasable","22":"product-type-variable"},"_links":{"self":[{"href":"https:\/\/www.nogometnizaotroke.com\/fr\/wp-json\/wp\/v2\/product\/16418","targetHints":{"allow":["GET"]}}],"collection":[{"href":"https:\/\/www.nogometnizaotroke.com\/fr\/wp-json\/wp\/v2\/product"}],"about":[{"href":"https:\/\/www.nogometnizaotroke.com\/fr\/wp-json\/wp\/v2\/types\/product"}],"replies":[{"embeddable":true,"href":"https:\/\/www.nogometnizaotroke.com\/fr\/wp-json\/wp\/v2\/comments?post=16418"}],"wp:featuredmedia":[{"embeddable":true,"href":"https:\/\/www.nogometnizaotroke.com\/fr\/wp-json\/wp\/v2\/media\/16420"}],"wp:attachment":[{"href":"https:\/\/www.nogometnizaotroke.com\/fr\/wp-json\/wp\/v2\/media?parent=16418"}],"wp:term":[{"taxonomy":"product_brand","embeddable":true,"href":"https:\/\/www.nogometnizaotroke.com\/fr\/wp-json\/wp\/v2\/product_brand?post=16418"},{"taxonomy":"product_cat","embeddable":true,"href":"https:\/\/www.nogometnizaotroke.com\/fr\/wp-json\/wp\/v2\/product_cat?post=16418"},{"taxonomy":"product_tag","embeddable":true,"href":"https:\/\/www.nogometnizaotroke.com\/fr\/wp-json\/wp\/v2\/product_tag?post=16418"}],"curies":[{"name":"wp","href":"https:\/\/api.w.org\/{rel}","templated":true}]}}