{"id":16329,"date":"2024-08-24T14:02:01","date_gmt":"2024-08-24T14:02:01","guid":{"rendered":"https:\/\/www.nogometnionline.com\/?post_type=product&#038;p=16329"},"modified":"2024-08-24T14:02:06","modified_gmt":"2024-08-24T14:02:06","slug":"poceni-nogometni-dresi-fc-bayern-munich-gostujoci-2024-25-z-lastnim-tiskom","status":"publish","type":"product","link":"https:\/\/www.nogometnizaotroke.com\/fr\/product\/poceni-nogometni-dresi-fc-bayern-munich-gostujoci-2024-25-z-lastnim-tiskom\/","title":{"rendered":"Poceni Nogometni dresi FC Bayern Munich Gostujo\u010di 2024-25 z lastnim tiskom"},"content":{"rendered":"<p>Les maillots ext\u00e9rieurs du Bayern Munich 2024-25 s'inspirent de la statue \"Bavaria\", qui incarne la force du pays d'origine du club et se trouve au centre de la Theresienwiese \u00e0 Munich. Le maillot comporte des volutes bleues et vertes sur un \u00e9l\u00e9gant fond noir, refl\u00e9tant les tons de couleur visibles sur la surface de la statue ; les d\u00e9tails sont peints en bronze, marqu\u00e9s comme des \u00e9clats de \"Bavaria\" avec le c\u00e9l\u00e8bre \"Mia San Mia\" sur le revers sup\u00e9rieur.<\/p>\n<p>Conseils pour les chaussettes : le T-shirt ne comprend pas de chaussettes par d\u00e9faut. Si vous souhaitez des chaussettes, s\u00e9lectionnez les options chaussettes pour les payer.<\/p>\n<p>Conseil d'impression : si le nom et le num\u00e9ro figurant dans l'image correspondent exactement \u00e0 ce que vous souhaitez, il n'est pas n\u00e9cessaire de les saisir \u00e0 nouveau. Si ce n'est pas le cas, entrez le nom et le num\u00e9ro que vous souhaitez.<\/p>\n<p>Conseil de lavage : il est recommand\u00e9 de laver les maillots de football \u00e0 la main. Si vous souhaitez utiliser une machine \u00e0 laver, n'oubliez pas de retourner le maillot avant de le laver. Remplissez la machine avec de l'eau froide et utilisez un cycle de lavage doux pour mieux prot\u00e9ger les couleurs.<\/p>","protected":false},"excerpt":{"rendered":"<p>Gostujo\u010di dresi Bayern Munich 2024\u201325 je navdihnil kip \u2018Bavarske\u2019, ki pooseblja mo\u010d domovine kluba in stoji v sredi\u0161\u010du Theresienwiese v M\u00fcnchnu. Jersey vklju\u010duje modre in zelene vijuge na elegantni \u010drni podlagi, ki odseva barvne odtenke, vidne na povr\u0161ini kipa; podrobnosti uporabljajo bronasto barvo, ozna\u010deno kot Glimmers of \u2018Bavaria\u2019 z znamenitim \u2018Mia San Mia\u2019 na zgornji [&hellip;]<\/p>","protected":false},"featured_media":16321,"comment_status":"open","ping_status":"closed","template":"","meta":[],"product_brand":[],"product_cat":[140,40],"product_tag":[377,150,1197,378,194,148,1196,374,147],"class_list":{"0":"post-16329","1":"product","2":"type-product","3":"status-publish","4":"has-post-thumbnail","6":"product_cat-moski","7":"product_cat-nogometni-dresi-bayern-munich","8":"product_tag-dresi-bayern-munich-za-moski","9":"product_tag-moski-nogometni-dresi","10":"product_tag-nogometni-dresi-bayern-munich-z-lastnim-imenom","11":"product_tag-nogometni-dresi-bayern-munich-za-moski-z-lastnim-tiskom","12":"product_tag-poceni-moski-nogometni-dresi-bayern-munich-z-lastnim-imenom","13":"product_tag-poceni-nogometni-dresi","14":"product_tag-poceni-nogometni-dresi-bayern-munich","15":"product_tag-poceni-nogometni-dresi-bayern-munich-z-lastnim-imenom-online","16":"product_tag-slovenski-nogometni-dresi","18":"first","19":"instock","20":"shipping-taxable","21":"purchasable","22":"product-type-variable"},"_links":{"self":[{"href":"https:\/\/www.nogometnizaotroke.com\/fr\/wp-json\/wp\/v2\/product\/16329","targetHints":{"allow":["GET"]}}],"collection":[{"href":"https:\/\/www.nogometnizaotroke.com\/fr\/wp-json\/wp\/v2\/product"}],"about":[{"href":"https:\/\/www.nogometnizaotroke.com\/fr\/wp-json\/wp\/v2\/types\/product"}],"replies":[{"embeddable":true,"href":"https:\/\/www.nogometnizaotroke.com\/fr\/wp-json\/wp\/v2\/comments?post=16329"}],"wp:featuredmedia":[{"embeddable":true,"href":"https:\/\/www.nogometnizaotroke.com\/fr\/wp-json\/wp\/v2\/media\/16321"}],"wp:attachment":[{"href":"https:\/\/www.nogometnizaotroke.com\/fr\/wp-json\/wp\/v2\/media?parent=16329"}],"wp:term":[{"taxonomy":"product_brand","embeddable":true,"href":"https:\/\/www.nogometnizaotroke.com\/fr\/wp-json\/wp\/v2\/product_brand?post=16329"},{"taxonomy":"product_cat","embeddable":true,"href":"https:\/\/www.nogometnizaotroke.com\/fr\/wp-json\/wp\/v2\/product_cat?post=16329"},{"taxonomy":"product_tag","embeddable":true,"href":"https:\/\/www.nogometnizaotroke.com\/fr\/wp-json\/wp\/v2\/product_tag?post=16329"}],"curies":[{"name":"wp","href":"https:\/\/api.w.org\/{rel}","templated":true}]}}