{"id":15915,"date":"2024-08-16T08:39:21","date_gmt":"2024-08-16T08:39:21","guid":{"rendered":"https:\/\/www.nogometnionline.com\/?post_type=product&#038;p=15915"},"modified":"2024-08-16T08:39:26","modified_gmt":"2024-08-16T08:39:26","slug":"moski-nogometni-dresi-kompleti-manchester-united-domaci-2024-25-facundo-pellistri-28","status":"publish","type":"product","link":"https:\/\/www.nogometnizaotroke.com\/fr\/product\/moski-nogometni-dresi-kompleti-manchester-united-domaci-2024-25-facundo-pellistri-28\/","title":{"rendered":"Mo\u0161ki Nogometni dresi kompleti Manchester United Doma\u010di 2024-25 Facundo Pellistri 28"},"content":{"rendered":"<p>Majica za doma\u010di nogomet Manchester United FC 24-25 zdru\u017euje dva odtenka rde\u010de v gradientnem dizajnu. Ni prvi\u010d, da dres Manchester United zdru\u017euje dva odtenka rde\u010de. Nazadnje je bilo tako v sezoni 2016\/17.Prefinjena, a najbolj posebna zna\u010dilnost doma\u010dega dresa Manchester United 24-25 je prefinjen gradientni dizajn rde\u010de-na-rde\u010de.Kar zadeva predlogo, doma\u010di dres Manchester United 24-25 temelji na novi predlogi Miro 24.<\/p>\n<p>Conseils pour les chaussettes : le T-shirt ne comprend pas de chaussettes par d\u00e9faut. Si vous souhaitez des chaussettes, s\u00e9lectionnez les options chaussettes pour les payer.<\/p>\n<p>Conseil d'impression : si le nom et le num\u00e9ro figurant dans l'image correspondent exactement \u00e0 ce que vous souhaitez, il n'est pas n\u00e9cessaire de les saisir \u00e0 nouveau. Si ce n'est pas le cas, entrez le nom et le num\u00e9ro que vous souhaitez.<\/p>\n<p>Conseil de lavage : il est recommand\u00e9 de laver les maillots de football \u00e0 la main. Si vous souhaitez utiliser une machine \u00e0 laver, n'oubliez pas de retourner le maillot avant de le laver. Remplissez la machine avec de l'eau froide et utilisez un cycle de lavage doux pour mieux prot\u00e9ger les couleurs.<\/p>","protected":false},"excerpt":{"rendered":"<p>Majica za doma\u010di nogomet Manchester United FC 24-25 zdru\u017euje dva odtenka rde\u010de v gradientnem dizajnu. Ni prvi\u010d, da dres Manchester United zdru\u017euje dva odtenka rde\u010de. Nazadnje je bilo tako v sezoni 2016\/17.Prefinjena, a najbolj posebna zna\u010dilnost doma\u010dega dresa Manchester United 24-25 je prefinjen gradientni dizajn rde\u010de-na-rde\u010de.Kar zadeva predlogo, doma\u010di dres Manchester United 24-25 temelji na [&hellip;]<\/p>","protected":false},"featured_media":15917,"comment_status":"open","ping_status":"closed","template":"","meta":[],"product_brand":[],"product_cat":[140,35],"product_tag":[611,1167,1083,835,148,1082,147],"class_list":{"0":"post-15915","1":"product","2":"type-product","3":"status-publish","4":"has-post-thumbnail","6":"product_cat-moski","7":"product_cat-nogometni-dresi-manchester-united","8":"product_tag-dresi-manchester-united-za-moski","9":"product_tag-facundo-pellistri-dresi","10":"product_tag-nogometni-dresi-manchester-united-z-lastnim-imenom","11":"product_tag-poceni-moski-nogometni-dresi-manchester-united-z-lastnim-imenom","12":"product_tag-poceni-nogometni-dresi","13":"product_tag-poceni-nogometni-dresi-manchester-united","14":"product_tag-slovenski-nogometni-dresi","16":"first","17":"instock","18":"shipping-taxable","19":"purchasable","20":"product-type-variable"},"_links":{"self":[{"href":"https:\/\/www.nogometnizaotroke.com\/fr\/wp-json\/wp\/v2\/product\/15915","targetHints":{"allow":["GET"]}}],"collection":[{"href":"https:\/\/www.nogometnizaotroke.com\/fr\/wp-json\/wp\/v2\/product"}],"about":[{"href":"https:\/\/www.nogometnizaotroke.com\/fr\/wp-json\/wp\/v2\/types\/product"}],"replies":[{"embeddable":true,"href":"https:\/\/www.nogometnizaotroke.com\/fr\/wp-json\/wp\/v2\/comments?post=15915"}],"wp:featuredmedia":[{"embeddable":true,"href":"https:\/\/www.nogometnizaotroke.com\/fr\/wp-json\/wp\/v2\/media\/15917"}],"wp:attachment":[{"href":"https:\/\/www.nogometnizaotroke.com\/fr\/wp-json\/wp\/v2\/media?parent=15915"}],"wp:term":[{"taxonomy":"product_brand","embeddable":true,"href":"https:\/\/www.nogometnizaotroke.com\/fr\/wp-json\/wp\/v2\/product_brand?post=15915"},{"taxonomy":"product_cat","embeddable":true,"href":"https:\/\/www.nogometnizaotroke.com\/fr\/wp-json\/wp\/v2\/product_cat?post=15915"},{"taxonomy":"product_tag","embeddable":true,"href":"https:\/\/www.nogometnizaotroke.com\/fr\/wp-json\/wp\/v2\/product_tag?post=15915"}],"curies":[{"name":"wp","href":"https:\/\/api.w.org\/{rel}","templated":true}]}}