{"id":15851,"date":"2024-08-15T08:48:38","date_gmt":"2024-08-15T08:48:38","guid":{"rendered":"https:\/\/www.nogometnionline.com\/?post_type=product&#038;p=15851"},"modified":"2024-08-15T08:48:42","modified_gmt":"2024-08-15T08:48:42","slug":"poceni-moski-nogometni-dresi-arsenal-domaci-2024-25-takehiro-tomiyasu-18","status":"publish","type":"product","link":"https:\/\/www.nogometnizaotroke.com\/fr\/product\/poceni-moski-nogometni-dresi-arsenal-domaci-2024-25-takehiro-tomiyasu-18\/","title":{"rendered":"Cheap Men's Soccer Jerseys Arsenal Home 2024-25 Takehiro Tomiyasu 18"},"content":{"rendered":"<p>Le maillot domicile d'Arsenal 2024-2025 combine la couleur rouge classique du club avec des logos blancs et des \u00e9l\u00e9ments de design bleu fonc\u00e9.Le design du maillot domicile d'Arsenal 2024-25 est assez simple. Il s'appuie sur le nouveau mod\u00e8le 2024-25, qui comporte les marques lat\u00e9rales distinctives, qui dans ce cas sont bleues.<\/p>\n<p>Conseils pour les chaussettes : le T-shirt ne comprend pas de chaussettes par d\u00e9faut. Si vous souhaitez des chaussettes, s\u00e9lectionnez les options chaussettes pour les payer.<\/p>\n<p>Conseil d'impression : si le nom et le num\u00e9ro figurant dans l'image correspondent exactement \u00e0 ce que vous souhaitez, il n'est pas n\u00e9cessaire de les saisir \u00e0 nouveau. Si ce n'est pas le cas, entrez le nom et le num\u00e9ro que vous souhaitez.<\/p>\n<p>Conseil de lavage : il est recommand\u00e9 de laver les maillots de football \u00e0 la main. Si vous souhaitez utiliser une machine \u00e0 laver, n'oubliez pas de retourner le maillot avant de le laver. Remplissez la machine avec de l'eau froide et utilisez un cycle de lavage doux pour mieux prot\u00e9ger les couleurs.<\/p>","protected":false},"excerpt":{"rendered":"<p>Arsenal Doma\u010di dresi 2024-2025 zdru\u017euje klasi\u010dno rde\u010do glavno barvo kluba z belimi logotipi in temno modrimi elementi dizajna.Oblikovno je doma\u010di dres Arsenal 2024-25 precej preprost. Gradi na novi predlogi 2024-25, ki ima zna\u010dilne stranske oznake, ki so v tem primeru modre. Nasveti za nogavice: Majica ne vsebuje nogavic privzeto. \u010ce \u017eelite nogavice, izberite mo\u017enosti nogavic, [&hellip;]<\/p>","protected":false},"featured_media":15853,"comment_status":"open","ping_status":"closed","template":"","meta":[],"product_brand":[],"product_cat":[140,38],"product_tag":[152,150,153,1049,148,1048,189,147,1154],"class_list":{"0":"post-15851","1":"product","2":"type-product","3":"status-publish","4":"has-post-thumbnail","6":"product_cat-moski","7":"product_cat-nogometni-dresi-arsenal","8":"product_tag-moski-nogometni-dres","9":"product_tag-moski-nogometni-dresi","10":"product_tag-nogometni-dresi","11":"product_tag-nogometni-dresi-arsenal-z-lastnim-imenom","12":"product_tag-poceni-nogometni-dresi","13":"product_tag-poceni-nogometni-dresi-arsenal","14":"product_tag-poceni-nogometni-dresi-arsenal-z-lastnim-imenom-online","15":"product_tag-slovenski-nogometni-dresi","16":"product_tag-takehiro-tomiyasu-dresi","18":"first","19":"instock","20":"shipping-taxable","21":"purchasable","22":"product-type-variable"},"_links":{"self":[{"href":"https:\/\/www.nogometnizaotroke.com\/fr\/wp-json\/wp\/v2\/product\/15851","targetHints":{"allow":["GET"]}}],"collection":[{"href":"https:\/\/www.nogometnizaotroke.com\/fr\/wp-json\/wp\/v2\/product"}],"about":[{"href":"https:\/\/www.nogometnizaotroke.com\/fr\/wp-json\/wp\/v2\/types\/product"}],"replies":[{"embeddable":true,"href":"https:\/\/www.nogometnizaotroke.com\/fr\/wp-json\/wp\/v2\/comments?post=15851"}],"wp:featuredmedia":[{"embeddable":true,"href":"https:\/\/www.nogometnizaotroke.com\/fr\/wp-json\/wp\/v2\/media\/15853"}],"wp:attachment":[{"href":"https:\/\/www.nogometnizaotroke.com\/fr\/wp-json\/wp\/v2\/media?parent=15851"}],"wp:term":[{"taxonomy":"product_brand","embeddable":true,"href":"https:\/\/www.nogometnizaotroke.com\/fr\/wp-json\/wp\/v2\/product_brand?post=15851"},{"taxonomy":"product_cat","embeddable":true,"href":"https:\/\/www.nogometnizaotroke.com\/fr\/wp-json\/wp\/v2\/product_cat?post=15851"},{"taxonomy":"product_tag","embeddable":true,"href":"https:\/\/www.nogometnizaotroke.com\/fr\/wp-json\/wp\/v2\/product_tag?post=15851"}],"curies":[{"name":"wp","href":"https:\/\/api.w.org\/{rel}","templated":true}]}}