{"id":15499,"date":"2024-08-11T09:06:29","date_gmt":"2024-08-11T09:06:29","guid":{"rendered":"https:\/\/www.nogometnionline.com\/?post_type=product&#038;p=15499"},"modified":"2024-08-11T09:06:34","modified_gmt":"2024-08-11T09:06:34","slug":"moski-nogometni-dresi-brazilija-gostujoci-copa-america-2024-vinicius-junior-7","status":"publish","type":"product","link":"https:\/\/www.nogometnizaotroke.com\/fr\/product\/moski-nogometni-dresi-brazilija-gostujoci-copa-america-2024-vinicius-junior-7\/","title":{"rendered":"Maillots de foot hommes Br\u00e9sil Away Copa America 2024 Vinicius Junior 7"},"content":{"rendered":"<p>Le Br\u00e9sil accueillant la Copa Am\u00e9rica 2024, il pr\u00e9sente un imprim\u00e9 inspir\u00e9 de la nature et des textiles locaux. Pour la premi\u00e8re fois depuis 2004, l'\u00e9cusson de la CBF se trouve au centre du maillot. Le dos du maillot pr\u00e9sente les noms des joueurs dans une nouvelle police de caract\u00e8res influenc\u00e9e par l'art et le design br\u00e9siliens.<\/p>\n<p>Conseils pour les chaussettes : le T-shirt ne comprend pas de chaussettes par d\u00e9faut. Si vous souhaitez des chaussettes, s\u00e9lectionnez les options chaussettes pour les payer.<\/p>\n<p>Conseil d'impression : si le nom et le num\u00e9ro figurant dans l'image correspondent exactement \u00e0 ce que vous souhaitez, il n'est pas n\u00e9cessaire de les saisir \u00e0 nouveau. Si ce n'est pas le cas, entrez le nom et le num\u00e9ro que vous souhaitez.<\/p>\n<p>Conseil de lavage : il est recommand\u00e9 de laver les maillots de football \u00e0 la main. Si vous souhaitez utiliser une machine \u00e0 laver, n'oubliez pas de retourner le maillot avant de le laver. Remplissez la machine avec de l'eau froide et utilisez un cycle de lavage doux pour mieux prot\u00e9ger les couleurs.<\/p>","protected":false},"excerpt":{"rendered":"<p>Brazilija Gostujo\u010di Copa America 2024 je opremljena s potiskom po vsej povr\u0161ini, ki ga navdihujeta lokalna narava in tekstil. Grb CBF je prvi\u010d po letu 2004 na sredini dresa. Na zadnji strani majice so prikazana imena igralcev v novi pisavi, na katero je vplivala brazilska umetnost in oblikovanje. Nasveti za nogavice: Majica ne vsebuje nogavic [&hellip;]<\/p>","protected":false},"featured_media":15501,"comment_status":"open","ping_status":"closed","template":"","meta":[],"product_brand":[],"product_cat":[140,82],"product_tag":[806,150,153,1122,1126,148,1121,1112,147,1115],"class_list":{"0":"post-15499","1":"product","2":"type-product","3":"status-publish","4":"has-post-thumbnail","6":"product_cat-moski","7":"product_cat-dresi-brazilija-reprezentance","8":"product_tag-brazilija-copa-america-2024-dresi","9":"product_tag-moski-nogometni-dresi","10":"product_tag-nogometni-dresi","11":"product_tag-nogometni-dresi-brazilija-z-lastnim-imenom","12":"product_tag-otroske-nogometni-dresi-vinicius-junior","13":"product_tag-poceni-nogometni-dresi","14":"product_tag-poceni-nogometni-dresi-brazilija","15":"product_tag-poceni-nogometni-dresi-vinicius-junior","16":"product_tag-slovenski-nogometni-dresi","17":"product_tag-vinicius-junior-dresi","19":"first","20":"instock","21":"shipping-taxable","22":"purchasable","23":"product-type-variable"},"_links":{"self":[{"href":"https:\/\/www.nogometnizaotroke.com\/fr\/wp-json\/wp\/v2\/product\/15499","targetHints":{"allow":["GET"]}}],"collection":[{"href":"https:\/\/www.nogometnizaotroke.com\/fr\/wp-json\/wp\/v2\/product"}],"about":[{"href":"https:\/\/www.nogometnizaotroke.com\/fr\/wp-json\/wp\/v2\/types\/product"}],"replies":[{"embeddable":true,"href":"https:\/\/www.nogometnizaotroke.com\/fr\/wp-json\/wp\/v2\/comments?post=15499"}],"wp:featuredmedia":[{"embeddable":true,"href":"https:\/\/www.nogometnizaotroke.com\/fr\/wp-json\/wp\/v2\/media\/15501"}],"wp:attachment":[{"href":"https:\/\/www.nogometnizaotroke.com\/fr\/wp-json\/wp\/v2\/media?parent=15499"}],"wp:term":[{"taxonomy":"product_brand","embeddable":true,"href":"https:\/\/www.nogometnizaotroke.com\/fr\/wp-json\/wp\/v2\/product_brand?post=15499"},{"taxonomy":"product_cat","embeddable":true,"href":"https:\/\/www.nogometnizaotroke.com\/fr\/wp-json\/wp\/v2\/product_cat?post=15499"},{"taxonomy":"product_tag","embeddable":true,"href":"https:\/\/www.nogometnizaotroke.com\/fr\/wp-json\/wp\/v2\/product_tag?post=15499"}],"curies":[{"name":"wp","href":"https:\/\/api.w.org\/{rel}","templated":true}]}}