{"id":15300,"date":"2024-08-04T03:11:48","date_gmt":"2024-08-04T03:11:48","guid":{"rendered":"https:\/\/www.nogometnionline.com\/?post_type=product&#038;p=15300"},"modified":"2024-08-04T03:11:53","modified_gmt":"2024-08-04T03:11:53","slug":"moski-nogometni-dresi-kompleti-aston-villa-domaci-2024-25-z-lastnim-imenom","status":"publish","type":"product","link":"https:\/\/www.nogometnizaotroke.com\/fr\/product\/moski-nogometni-dresi-kompleti-aston-villa-domaci-2024-25-z-lastnim-imenom\/","title":{"rendered":"Maillots de Football Hommes Aston Villa Home Kits 2024-25 avec votre propre nom"},"content":{"rendered":"<p>Dizajn Doma\u010di dresi 2024\/25 je prefinjen naklon bogati zgodovini Aston Villa. Poseben simbol \u201cAV 150\u201d je elegantno prikazan v kaligrafiji na hrbtni strani majice, s \u010dimer se pokloni stoletju in pol zapu\u0161\u010dini kluba. Ta premi\u0161ljena vklju\u010ditev doda sodobnemu dizajnu pridih dedi\u0161\u010dine, zaradi \u010desar je primeren poklon za tako pomemben mejnik.Doma\u010di dres 24\/25 dopolnjujejo enobarvne bele kratke hla\u010de in zna\u010dilne modre nogavice, ki ohranjajo tradicionalno barvno shemo Aston Villa. Novi klubski grb ponosno krasi dres in simbolizira nenehen razvoj kluba.Poleg tega ima komplet ikoni\u010dno znamko s tremi \u010drtami na ramenih in okoli ovratnika, ki brezhibno zdru\u017euje tradicijo s sodobnim stilom. Napis \u201c1874\u201d \u0161e dodatno obele\u017euje leto ustanovitve kluba in krepi globoko zakoreninjeno zgodovino, ki jo praznuje ta komplet.<\/p>\n<p>Conseils pour les chaussettes : le T-shirt ne comprend pas de chaussettes par d\u00e9faut. Si vous souhaitez des chaussettes, s\u00e9lectionnez les options chaussettes pour les payer.<\/p>\n<p>Conseil d'impression : si le nom et le num\u00e9ro figurant dans l'image correspondent exactement \u00e0 ce que vous souhaitez, il n'est pas n\u00e9cessaire de les saisir \u00e0 nouveau. Si ce n'est pas le cas, entrez le nom et le num\u00e9ro que vous souhaitez.<\/p>\n<p>Conseil de lavage : il est recommand\u00e9 de laver les maillots de football \u00e0 la main. Si vous souhaitez utiliser une machine \u00e0 laver, n'oubliez pas de retourner le maillot avant de le laver. Remplissez la machine avec de l'eau froide et utilisez un cycle de lavage doux pour mieux prot\u00e9ger les couleurs.<\/p>","protected":false},"excerpt":{"rendered":"<p>Dizajn Doma\u010di dresi 2024\/25 je prefinjen naklon bogati zgodovini Aston Villa. Poseben simbol \u201cAV 150\u201d je elegantno prikazan v kaligrafiji na hrbtni strani majice, s \u010dimer se pokloni stoletju in pol zapu\u0161\u010dini kluba. Ta premi\u0161ljena vklju\u010ditev doda sodobnemu dizajnu pridih dedi\u0161\u010dine, zaradi \u010desar je primeren poklon za tako pomemben mejnik.Doma\u010di dres 24\/25 dopolnjujejo enobarvne bele [&hellip;]<\/p>","protected":false},"featured_media":15302,"comment_status":"open","ping_status":"closed","template":"","meta":[],"product_brand":[],"product_cat":[140,66],"product_tag":[1073,150,153,693,148,1075,147],"class_list":{"0":"post-15300","1":"product","2":"type-product","3":"status-publish","4":"has-post-thumbnail","6":"product_cat-moski","7":"product_cat-nogometni-dresi-aston-villa","8":"product_tag-dresi-aston-villa-za-otroke","9":"product_tag-moski-nogometni-dresi","10":"product_tag-nogometni-dresi","11":"product_tag-nogometni-dresi-aston-villa-z-lastnim-imenom","12":"product_tag-poceni-nogometni-dresi","13":"product_tag-poceni-nogometni-dresi-aston-villa","14":"product_tag-slovenski-nogometni-dresi","16":"first","17":"instock","18":"shipping-taxable","19":"purchasable","20":"product-type-variable"},"_links":{"self":[{"href":"https:\/\/www.nogometnizaotroke.com\/fr\/wp-json\/wp\/v2\/product\/15300","targetHints":{"allow":["GET"]}}],"collection":[{"href":"https:\/\/www.nogometnizaotroke.com\/fr\/wp-json\/wp\/v2\/product"}],"about":[{"href":"https:\/\/www.nogometnizaotroke.com\/fr\/wp-json\/wp\/v2\/types\/product"}],"replies":[{"embeddable":true,"href":"https:\/\/www.nogometnizaotroke.com\/fr\/wp-json\/wp\/v2\/comments?post=15300"}],"wp:featuredmedia":[{"embeddable":true,"href":"https:\/\/www.nogometnizaotroke.com\/fr\/wp-json\/wp\/v2\/media\/15302"}],"wp:attachment":[{"href":"https:\/\/www.nogometnizaotroke.com\/fr\/wp-json\/wp\/v2\/media?parent=15300"}],"wp:term":[{"taxonomy":"product_brand","embeddable":true,"href":"https:\/\/www.nogometnizaotroke.com\/fr\/wp-json\/wp\/v2\/product_brand?post=15300"},{"taxonomy":"product_cat","embeddable":true,"href":"https:\/\/www.nogometnizaotroke.com\/fr\/wp-json\/wp\/v2\/product_cat?post=15300"},{"taxonomy":"product_tag","embeddable":true,"href":"https:\/\/www.nogometnizaotroke.com\/fr\/wp-json\/wp\/v2\/product_tag?post=15300"}],"curies":[{"name":"wp","href":"https:\/\/api.w.org\/{rel}","templated":true}]}}