{"id":15105,"date":"2024-07-30T10:12:58","date_gmt":"2024-07-30T10:12:58","guid":{"rendered":"https:\/\/www.nogometnionline.com\/?post_type=product&#038;p=15105"},"modified":"2024-07-30T10:13:03","modified_gmt":"2024-07-30T10:13:03","slug":"poceni-otroske-nogometnih-dresov-athletic-bilbao-gostujoci-2024-2025-modra-kompleti","status":"publish","type":"product","link":"https:\/\/www.nogometnizaotroke.com\/fr\/product\/poceni-otroske-nogometnih-dresov-athletic-bilbao-gostujoci-2024-2025-modra-kompleti\/","title":{"rendered":"Cheap Kids Soccer Jerseys Athletic Bilbao Away 2024 2025 Blue Kits"},"content":{"rendered":"<p>Gostujo\u010di dres Athletic Bilbao 24-25 ima kraljevsko modro glavno barvo v kombinaciji s sivim ovratnikom z rde\u010do obrobo. Stranski del srajce je prav tako siv in rde\u010d.Nazadnje je Bilbao v sezoni 2018\/19 uporabil kraljevsko modro barvo za svoj dres v gosteh.Na sprednji strani je subtilen tisk, na zadnji pa baskovska zastava v obliki levje glave.<\/p>\n<p>Conseils pour les chaussettes : le T-shirt ne comprend pas de chaussettes par d\u00e9faut. Si vous souhaitez des chaussettes, s\u00e9lectionnez les options chaussettes pour les payer.<\/p>\n<p>Conseil d'impression : si le nom et le num\u00e9ro figurant dans l'image correspondent exactement \u00e0 ce que vous souhaitez, il n'est pas n\u00e9cessaire de les saisir \u00e0 nouveau. Si ce n'est pas le cas, entrez le nom et le num\u00e9ro que vous souhaitez.<\/p>\n<p>Conseil de lavage : il est recommand\u00e9 de laver les maillots de football \u00e0 la main. Si vous souhaitez utiliser une machine \u00e0 laver, n'oubliez pas de retourner le maillot avant de le laver. Remplissez la machine avec de l'eau froide et utilisez un cycle de lavage doux pour mieux prot\u00e9ger les couleurs.<\/p>","protected":false},"excerpt":{"rendered":"<p>Gostujo\u010di dres Athletic Bilbao 24-25 ima kraljevsko modro glavno barvo v kombinaciji s sivim ovratnikom z rde\u010do obrobo. Stranski del srajce je prav tako siv in rde\u010d.Nazadnje je Bilbao v sezoni 2018\/19 uporabil kraljevsko modro barvo za svoj dres v gosteh.Na sprednji strani je subtilen tisk, na zadnji pa baskovska zastava v obliki levje glave. [&hellip;]<\/p>","protected":false},"featured_media":15108,"comment_status":"open","ping_status":"closed","template":"","meta":[],"product_brand":[],"product_cat":[73,52],"product_tag":[1025,220,1026,159,1024],"class_list":{"0":"post-15105","1":"product","2":"type-product","3":"status-publish","4":"has-post-thumbnail","6":"product_cat-otroski","7":"product_cat-nogometni-dresi-athletic-bilbao","8":"product_tag-dresi-athletic-bilbao-za-otroke","9":"product_tag-nogometni-dresi-za-otroke","10":"product_tag-otroski-dresi-athletic-bilbao-z-lastnim-imenom","11":"product_tag-otroski-nogometni-dresi","12":"product_tag-otroski-nogometni-dresi-athletic-bilbao","14":"first","15":"instock","16":"shipping-taxable","17":"purchasable","18":"product-type-variable"},"_links":{"self":[{"href":"https:\/\/www.nogometnizaotroke.com\/fr\/wp-json\/wp\/v2\/product\/15105","targetHints":{"allow":["GET"]}}],"collection":[{"href":"https:\/\/www.nogometnizaotroke.com\/fr\/wp-json\/wp\/v2\/product"}],"about":[{"href":"https:\/\/www.nogometnizaotroke.com\/fr\/wp-json\/wp\/v2\/types\/product"}],"replies":[{"embeddable":true,"href":"https:\/\/www.nogometnizaotroke.com\/fr\/wp-json\/wp\/v2\/comments?post=15105"}],"wp:featuredmedia":[{"embeddable":true,"href":"https:\/\/www.nogometnizaotroke.com\/fr\/wp-json\/wp\/v2\/media\/15108"}],"wp:attachment":[{"href":"https:\/\/www.nogometnizaotroke.com\/fr\/wp-json\/wp\/v2\/media?parent=15105"}],"wp:term":[{"taxonomy":"product_brand","embeddable":true,"href":"https:\/\/www.nogometnizaotroke.com\/fr\/wp-json\/wp\/v2\/product_brand?post=15105"},{"taxonomy":"product_cat","embeddable":true,"href":"https:\/\/www.nogometnizaotroke.com\/fr\/wp-json\/wp\/v2\/product_cat?post=15105"},{"taxonomy":"product_tag","embeddable":true,"href":"https:\/\/www.nogometnizaotroke.com\/fr\/wp-json\/wp\/v2\/product_tag?post=15105"}],"curies":[{"name":"wp","href":"https:\/\/api.w.org\/{rel}","templated":true}]}}