{"id":14840,"date":"2024-07-25T04:28:52","date_gmt":"2024-07-25T04:28:52","guid":{"rendered":"https:\/\/www.nogometnionline.com\/?post_type=product&#038;p=14840"},"modified":"2024-11-13T02:28:40","modified_gmt":"2024-11-13T02:28:40","slug":"otroski-nogometni-dresi-barcelona-domaci-2023-24-tisk-lamine-yamal-27","status":"publish","type":"product","link":"https:\/\/www.nogometnizaotroke.com\/fr\/product\/otroski-nogometni-dresi-barcelona-domaci-2023-24-tisk-lamine-yamal-27\/","title":{"rendered":"Otro\u0161ki Nogometni dresi Barcelona Doma\u010di 2023-24 tisk Lamine Yamal 27"},"content":{"rendered":"<p>Otro\u0161ki Nogometni dresi Barcelona Doma\u010di 2023-24 tisk Lamine Yamal 27<\/p>","protected":false},"excerpt":{"rendered":"<p>Otro\u0161ki Nogometni dresi Barcelona Doma\u010di 2023-24 tisk Lamine Yamal 27<\/p>","protected":false},"featured_media":14842,"comment_status":"open","ping_status":"closed","template":"","meta":[],"product_brand":[],"product_cat":[73,34],"product_tag":[843,992,932,153,191,993,159,991,148,161,147],"class_list":{"0":"post-14840","1":"product","2":"type-product","3":"status-publish","4":"has-post-thumbnail","6":"product_cat-otroski","7":"product_cat-nogometni-dresi-barcelona","8":"product_tag-2024-25-nogometni-dresi","9":"product_tag-dresi-barcelona-za-otroke","10":"product_tag-lamine-yamal-dresi","11":"product_tag-nogometni-dresi","12":"product_tag-nogometni-dresi-kompleti","13":"product_tag-otroski-dresi-barcelona-z-lastnim-imenom","14":"product_tag-otroski-nogometni-dresi","15":"product_tag-otroski-nogometni-dresi-barcelona","16":"product_tag-poceni-nogometni-dresi","17":"product_tag-poceni-nogometni-dresi-barcelona-z-lastnim-imenom-online","18":"product_tag-slovenski-nogometni-dresi","20":"first","21":"instock","22":"shipping-taxable","23":"purchasable","24":"product-type-variable"},"_links":{"self":[{"href":"https:\/\/www.nogometnizaotroke.com\/fr\/wp-json\/wp\/v2\/product\/14840","targetHints":{"allow":["GET"]}}],"collection":[{"href":"https:\/\/www.nogometnizaotroke.com\/fr\/wp-json\/wp\/v2\/product"}],"about":[{"href":"https:\/\/www.nogometnizaotroke.com\/fr\/wp-json\/wp\/v2\/types\/product"}],"replies":[{"embeddable":true,"href":"https:\/\/www.nogometnizaotroke.com\/fr\/wp-json\/wp\/v2\/comments?post=14840"}],"wp:featuredmedia":[{"embeddable":true,"href":"https:\/\/www.nogometnizaotroke.com\/fr\/wp-json\/wp\/v2\/media\/14842"}],"wp:attachment":[{"href":"https:\/\/www.nogometnizaotroke.com\/fr\/wp-json\/wp\/v2\/media?parent=14840"}],"wp:term":[{"taxonomy":"product_brand","embeddable":true,"href":"https:\/\/www.nogometnizaotroke.com\/fr\/wp-json\/wp\/v2\/product_brand?post=14840"},{"taxonomy":"product_cat","embeddable":true,"href":"https:\/\/www.nogometnizaotroke.com\/fr\/wp-json\/wp\/v2\/product_cat?post=14840"},{"taxonomy":"product_tag","embeddable":true,"href":"https:\/\/www.nogometnizaotroke.com\/fr\/wp-json\/wp\/v2\/product_tag?post=14840"}],"curies":[{"name":"wp","href":"https:\/\/api.w.org\/{rel}","templated":true}]}}