{"id":14766,"date":"2024-07-23T01:49:10","date_gmt":"2024-07-23T01:49:10","guid":{"rendered":"https:\/\/www.nogometnionline.com\/?post_type=product&#038;p=14766"},"modified":"2024-07-23T01:49:15","modified_gmt":"2024-07-23T01:49:15","slug":"moski-nogometni-dresi-nizozemska-reprezentance-gostujoci-euro-2024-z-lastnim-tiskom","status":"publish","type":"product","link":"https:\/\/www.nogometnizaotroke.com\/fr\/product\/moski-nogometni-dresi-nizozemska-reprezentance-gostujoci-euro-2024-z-lastnim-tiskom\/","title":{"rendered":"Mo\u0161ki Nogometni dresi Nizozemska Reprezentance Gostujo\u010di Euro 2024 z lastnim tiskom"},"content":{"rendered":"<p>Gostujo\u010di dres Nizozemske 2024 je ve\u010dinoma mornarsko moder, sekundarne barve pa so oran\u017ena, turkizna in bela. To je podobno barvni paleti nizozemskega doma\u010dega kompleta.Z vidika dizajna izstopa nizozemska ekipa za Euro 2024 v gosteh. Spredaj, zadaj in na rokavih ima oran\u017een in moder vzorec.<\/p>\n<p>Conseils pour les chaussettes : le T-shirt ne comprend pas de chaussettes par d\u00e9faut. Si vous souhaitez des chaussettes, s\u00e9lectionnez les options chaussettes pour les payer.<\/p>\n<p>Conseil d'impression : si le nom et le num\u00e9ro figurant dans l'image correspondent exactement \u00e0 ce que vous souhaitez, il n'est pas n\u00e9cessaire de les saisir \u00e0 nouveau. Si ce n'est pas le cas, entrez le nom et le num\u00e9ro que vous souhaitez.<\/p>\n<p>Conseil de lavage : il est recommand\u00e9 de laver les maillots de football \u00e0 la main. Si vous souhaitez utiliser une machine \u00e0 laver, n'oubliez pas de retourner le maillot avant de le laver. Remplissez la machine avec de l'eau froide et utilisez un cycle de lavage doux pour mieux prot\u00e9ger les couleurs.<\/p>","protected":false},"excerpt":{"rendered":"<p>Gostujo\u010di dres Nizozemske 2024 je ve\u010dinoma mornarsko moder, sekundarne barve pa so oran\u017ena, turkizna in bela. To je podobno barvni paleti nizozemskega doma\u010dega kompleta.Z vidika dizajna izstopa nizozemska ekipa za Euro 2024 v gosteh. Spredaj, zadaj in na rokavih ima oran\u017een in moder vzorec. Nasveti za nogavice: Majica ne vsebuje nogavic privzeto. \u010ce \u017eelite nogavice, [&hellip;]<\/p>","protected":false},"featured_media":14768,"comment_status":"open","ping_status":"closed","template":"","meta":[],"product_brand":[],"product_cat":[778,140,95],"product_tag":[782,150,781,153,148,780,147],"class_list":{"0":"post-14766","1":"product","2":"type-product","3":"status-publish","4":"has-post-thumbnail","6":"product_cat-euro-2024","7":"product_cat-moski","8":"product_cat-dresi-nizozemska-reprezentance","9":"product_tag-euro-2024-dresi","10":"product_tag-moski-nogometni-dresi","11":"product_tag-nizozemska-euro-2024-dresi","12":"product_tag-nogometni-dresi","13":"product_tag-poceni-nogometni-dresi","14":"product_tag-poceni-otroski-nogometni-dresi","15":"product_tag-slovenski-nogometni-dresi","17":"first","18":"instock","19":"shipping-taxable","20":"purchasable","21":"product-type-variable"},"_links":{"self":[{"href":"https:\/\/www.nogometnizaotroke.com\/fr\/wp-json\/wp\/v2\/product\/14766","targetHints":{"allow":["GET"]}}],"collection":[{"href":"https:\/\/www.nogometnizaotroke.com\/fr\/wp-json\/wp\/v2\/product"}],"about":[{"href":"https:\/\/www.nogometnizaotroke.com\/fr\/wp-json\/wp\/v2\/types\/product"}],"replies":[{"embeddable":true,"href":"https:\/\/www.nogometnizaotroke.com\/fr\/wp-json\/wp\/v2\/comments?post=14766"}],"wp:featuredmedia":[{"embeddable":true,"href":"https:\/\/www.nogometnizaotroke.com\/fr\/wp-json\/wp\/v2\/media\/14768"}],"wp:attachment":[{"href":"https:\/\/www.nogometnizaotroke.com\/fr\/wp-json\/wp\/v2\/media?parent=14766"}],"wp:term":[{"taxonomy":"product_brand","embeddable":true,"href":"https:\/\/www.nogometnizaotroke.com\/fr\/wp-json\/wp\/v2\/product_brand?post=14766"},{"taxonomy":"product_cat","embeddable":true,"href":"https:\/\/www.nogometnizaotroke.com\/fr\/wp-json\/wp\/v2\/product_cat?post=14766"},{"taxonomy":"product_tag","embeddable":true,"href":"https:\/\/www.nogometnizaotroke.com\/fr\/wp-json\/wp\/v2\/product_tag?post=14766"}],"curies":[{"name":"wp","href":"https:\/\/api.w.org\/{rel}","templated":true}]}}