{"id":14756,"date":"2024-07-23T01:32:24","date_gmt":"2024-07-23T01:32:24","guid":{"rendered":"https:\/\/www.nogometnionline.com\/?post_type=product&#038;p=14756"},"modified":"2024-07-23T01:32:29","modified_gmt":"2024-07-23T01:32:29","slug":"novo-moski-nogometni-dresi-hrvaska-domaci-euro-2024-bela-rdeca","status":"publish","type":"product","link":"https:\/\/www.nogometnizaotroke.com\/fr\/product\/novo-moski-nogometni-dresi-hrvaska-domaci-euro-2024-bela-rdeca\/","title":{"rendered":"Novo Mo\u0161ki Nogometni dresi Hrva\u0161ka Doma\u010di Euro 2024 bela rde\u010da"},"content":{"rendered":"<p>Doma\u010di nogometni dres Hrva\u0161ke za Euro 2024 ima v dr\u017eavi dobro znana dama, vendar v ogromni velikosti, ki popolnoma spremeni videz.Majica Hrva\u0161ka 2024 je opremljena z dvema pol in dvema polnima rde\u010dima dama ter dvema pol in dvema belima dama.Uporaba belega ovratnika. Tudi rokavi so beli.<\/p>\n<p>Conseils pour les chaussettes : le T-shirt ne comprend pas de chaussettes par d\u00e9faut. Si vous souhaitez des chaussettes, s\u00e9lectionnez les options chaussettes pour les payer.<\/p>\n<p>Conseil d'impression : si le nom et le num\u00e9ro figurant dans l'image correspondent exactement \u00e0 ce que vous souhaitez, il n'est pas n\u00e9cessaire de les saisir \u00e0 nouveau. Si ce n'est pas le cas, entrez le nom et le num\u00e9ro que vous souhaitez.<\/p>\n<p>Conseil de lavage : il est recommand\u00e9 de laver les maillots de football \u00e0 la main. Si vous souhaitez utiliser une machine \u00e0 laver, n'oubliez pas de retourner le maillot avant de le laver. Remplissez la machine avec de l'eau froide et utilisez un cycle de lavage doux pour mieux prot\u00e9ger les couleurs.<\/p>","protected":false},"excerpt":{"rendered":"<p>Doma\u010di nogometni dres Hrva\u0161ke za Euro 2024 ima v dr\u017eavi dobro znana dama, vendar v ogromni velikosti, ki popolnoma spremeni videz.Majica Hrva\u0161ka 2024 je opremljena z dvema pol in dvema polnima rde\u010dima dama ter dvema pol in dvema belima dama.Uporaba belega ovratnika. Tudi rokavi so beli. Nasveti za nogavice: Majica ne vsebuje nogavic privzeto. \u010ce [&hellip;]<\/p>","protected":false},"featured_media":14758,"comment_status":"open","ping_status":"closed","template":"","meta":[],"product_brand":[],"product_cat":[778,140,77],"product_tag":[803,150,153,851,148,147],"class_list":{"0":"post-14756","1":"product","2":"type-product","3":"status-publish","4":"has-post-thumbnail","6":"product_cat-euro-2024","7":"product_cat-moski","8":"product_cat-dresi-hrvaska-reprezentance","9":"product_tag-hrvaska-euro-2024-dresi","10":"product_tag-moski-nogometni-dresi","11":"product_tag-nogometni-dresi","12":"product_tag-poceni-moski-dresi-hrvaska-euro-2024","13":"product_tag-poceni-nogometni-dresi","14":"product_tag-slovenski-nogometni-dresi","16":"first","17":"instock","18":"shipping-taxable","19":"purchasable","20":"product-type-variable"},"_links":{"self":[{"href":"https:\/\/www.nogometnizaotroke.com\/fr\/wp-json\/wp\/v2\/product\/14756","targetHints":{"allow":["GET"]}}],"collection":[{"href":"https:\/\/www.nogometnizaotroke.com\/fr\/wp-json\/wp\/v2\/product"}],"about":[{"href":"https:\/\/www.nogometnizaotroke.com\/fr\/wp-json\/wp\/v2\/types\/product"}],"replies":[{"embeddable":true,"href":"https:\/\/www.nogometnizaotroke.com\/fr\/wp-json\/wp\/v2\/comments?post=14756"}],"wp:featuredmedia":[{"embeddable":true,"href":"https:\/\/www.nogometnizaotroke.com\/fr\/wp-json\/wp\/v2\/media\/14758"}],"wp:attachment":[{"href":"https:\/\/www.nogometnizaotroke.com\/fr\/wp-json\/wp\/v2\/media?parent=14756"}],"wp:term":[{"taxonomy":"product_brand","embeddable":true,"href":"https:\/\/www.nogometnizaotroke.com\/fr\/wp-json\/wp\/v2\/product_brand?post=14756"},{"taxonomy":"product_cat","embeddable":true,"href":"https:\/\/www.nogometnizaotroke.com\/fr\/wp-json\/wp\/v2\/product_cat?post=14756"},{"taxonomy":"product_tag","embeddable":true,"href":"https:\/\/www.nogometnizaotroke.com\/fr\/wp-json\/wp\/v2\/product_tag?post=14756"}],"curies":[{"name":"wp","href":"https:\/\/api.w.org\/{rel}","templated":true}]}}