{"id":14706,"date":"2024-07-21T08:21:39","date_gmt":"2024-07-21T08:21:39","guid":{"rendered":"https:\/\/www.nogometnionline.com\/?post_type=product&#038;p=14706"},"modified":"2024-07-21T08:21:44","modified_gmt":"2024-07-21T08:21:44","slug":"moski-nogometni-dresi-paris-saint-germain-psg-domaci-2024-25-kylian-mbappe-7","status":"publish","type":"product","link":"https:\/\/www.nogometnizaotroke.com\/fr\/product\/moski-nogometni-dresi-paris-saint-germain-psg-domaci-2024-25-kylian-mbappe-7\/","title":{"rendered":"Maillots de Foot Hommes Paris Saint-Germain PSG Home 2024-25 Kylian Mbappe 7"},"content":{"rendered":"<p>Le maillot domicile 2024-25 du PSG reprend le Hechter classique du club. Le dernier maillot du Paris Saint-Germain \u00e0 arborer le Hechter classique \u00e9tait le maillot domicile 2020-21.Le Hechter est un symbole embl\u00e9matique de l'histoire et de l'identit\u00e9 du Paris Saint-Germain. Il a \u00e9t\u00e9 dessin\u00e9 par l'ic\u00f4ne de la mode Daniel Hechter et inspir\u00e9 par la voiture Mustang et les couleurs de l'Ajax.<\/p>\n<p>Conseils pour les chaussettes : le T-shirt ne comprend pas de chaussettes par d\u00e9faut. Si vous souhaitez des chaussettes, s\u00e9lectionnez les options chaussettes pour les payer.<\/p>\n<p>Conseil d'impression : si le nom et le num\u00e9ro figurant dans l'image correspondent exactement \u00e0 ce que vous souhaitez, il n'est pas n\u00e9cessaire de les saisir \u00e0 nouveau. Si ce n'est pas le cas, entrez le nom et le num\u00e9ro que vous souhaitez.<\/p>\n<p>Conseil de lavage : il est recommand\u00e9 de laver les maillots de football \u00e0 la main. Si vous souhaitez utiliser une machine \u00e0 laver, n'oubliez pas de retourner le maillot avant de le laver. Remplissez la machine avec de l'eau froide et utilisez un cycle de lavage doux pour mieux prot\u00e9ger les couleurs.<\/p>","protected":false},"excerpt":{"rendered":"<p>Majica PSG Doma\u010di 2024-25 dresi se vra\u010da k klubskemu klasi\u010dnemu Hechterju. Zadnji dres Paris Saint-Germaina s klasi\u010dnim Hechterjem je bil doma\u010di dres 2020-21.Majica Hechter je legendarni simbol zgodovine in identitete Paris Saint-Germaina. Oblikoval ga je modna ikona Daniel Hechter, navdihnili pa so ga avto Mustang in barve Ajaxa. Nasveti za nogavice: Majica ne vsebuje nogavic [&hellip;]<\/p>","protected":false},"featured_media":14708,"comment_status":"open","ping_status":"closed","template":"","meta":[],"product_brand":[],"product_cat":[140,37],"product_tag":[1013,150,153,155,260,148,149,753],"class_list":{"0":"post-14706","1":"product","2":"type-product","3":"status-publish","4":"has-post-thumbnail","6":"product_cat-moski","7":"product_cat-nogometni-dresi-psg","8":"product_tag-kylian-mbappe-dresi","9":"product_tag-moski-nogometni-dresi","10":"product_tag-nogometni-dresi","11":"product_tag-paris-saint-germain-psg-dres","12":"product_tag-poceni-moski-nogometni-dresi-psg-z-lastnim-imenom","13":"product_tag-poceni-nogometni-dresi","14":"product_tag-poceni-nogometni-dresi-psg-z-lastnim-imenom-online","15":"product_tag-psg-dresi-2024","17":"first","18":"instock","19":"shipping-taxable","20":"purchasable","21":"product-type-variable"},"_links":{"self":[{"href":"https:\/\/www.nogometnizaotroke.com\/fr\/wp-json\/wp\/v2\/product\/14706","targetHints":{"allow":["GET"]}}],"collection":[{"href":"https:\/\/www.nogometnizaotroke.com\/fr\/wp-json\/wp\/v2\/product"}],"about":[{"href":"https:\/\/www.nogometnizaotroke.com\/fr\/wp-json\/wp\/v2\/types\/product"}],"replies":[{"embeddable":true,"href":"https:\/\/www.nogometnizaotroke.com\/fr\/wp-json\/wp\/v2\/comments?post=14706"}],"wp:featuredmedia":[{"embeddable":true,"href":"https:\/\/www.nogometnizaotroke.com\/fr\/wp-json\/wp\/v2\/media\/14708"}],"wp:attachment":[{"href":"https:\/\/www.nogometnizaotroke.com\/fr\/wp-json\/wp\/v2\/media?parent=14706"}],"wp:term":[{"taxonomy":"product_brand","embeddable":true,"href":"https:\/\/www.nogometnizaotroke.com\/fr\/wp-json\/wp\/v2\/product_brand?post=14706"},{"taxonomy":"product_cat","embeddable":true,"href":"https:\/\/www.nogometnizaotroke.com\/fr\/wp-json\/wp\/v2\/product_cat?post=14706"},{"taxonomy":"product_tag","embeddable":true,"href":"https:\/\/www.nogometnizaotroke.com\/fr\/wp-json\/wp\/v2\/product_tag?post=14706"}],"curies":[{"name":"wp","href":"https:\/\/api.w.org\/{rel}","templated":true}]}}