{"id":14664,"date":"2024-07-20T12:57:07","date_gmt":"2024-07-20T12:57:07","guid":{"rendered":"https:\/\/www.nogometnionline.com\/?post_type=product&#038;p=14664"},"modified":"2024-07-20T12:57:12","modified_gmt":"2024-07-20T12:57:12","slug":"poceni-moski-nogometni-dresi-belgija-gostujoci-euro-2024-z-lastnim-imenom","status":"publish","type":"product","link":"https:\/\/www.nogometnizaotroke.com\/fr\/product\/poceni-moski-nogometni-dresi-belgija-gostujoci-euro-2024-z-lastnim-imenom\/","title":{"rendered":"Poceni Mo\u0161ki Nogometni dresi Belgija Gostujo\u010di Euro 2024 z lastnim imenom"},"content":{"rendered":"<p>Novi Belgija Gostujo\u010di Euro 2024 dresi v gosteh je poklon Tintinu in njegovi slavni obleki. Gostujo\u010da oprema Belgije 2024 je prete\u017eno sestavljena iz modrih kovinsko srebrnih logotipov in belih aplikacij.Uporablja klasi\u010den bel Polo ovratnik, ki spominja na Tintinovega. Sprednji del novega belgijskega gostujo\u010dega dresa za Euro 2024 ima ble\u0161\u010de\u010d diamantni vzorec.<\/p>\n<p>Conseils pour les chaussettes : le T-shirt ne comprend pas de chaussettes par d\u00e9faut. Si vous souhaitez des chaussettes, s\u00e9lectionnez les options chaussettes pour les payer.<\/p>\n<p>Conseil d'impression : si le nom et le num\u00e9ro figurant dans l'image correspondent exactement \u00e0 ce que vous souhaitez, il n'est pas n\u00e9cessaire de les saisir \u00e0 nouveau. Si ce n'est pas le cas, entrez le nom et le num\u00e9ro que vous souhaitez.<\/p>\n<p>Conseil de lavage : il est recommand\u00e9 de laver les maillots de football \u00e0 la main. Si vous souhaitez utiliser une machine \u00e0 laver, n'oubliez pas de retourner le maillot avant de le laver. Remplissez la machine avec de l'eau froide et utilisez un cycle de lavage doux pour mieux prot\u00e9ger les couleurs.<\/p>","protected":false},"excerpt":{"rendered":"<p>Novi Belgija Gostujo\u010di Euro 2024 dresi v gosteh je poklon Tintinu in njegovi slavni obleki. Gostujo\u010da oprema Belgije 2024 je prete\u017eno sestavljena iz modrih kovinsko srebrnih logotipov in belih aplikacij.Uporablja klasi\u010den bel Polo ovratnik, ki spominja na Tintinovega. Sprednji del novega belgijskega gostujo\u010dega dresa za Euro 2024 ima ble\u0161\u010de\u010d diamantni vzorec. Nasveti za nogavice: Majica [&hellip;]<\/p>","protected":false},"featured_media":14666,"comment_status":"open","ping_status":"closed","template":"","meta":[],"product_brand":[],"product_cat":[778,140,78],"product_tag":[788,150,153,148,147],"class_list":{"0":"post-14664","1":"product","2":"type-product","3":"status-publish","4":"has-post-thumbnail","6":"product_cat-euro-2024","7":"product_cat-moski","8":"product_cat-dresi-belgija-reprezentance","9":"product_tag-belgija-euro-2024-dresi","10":"product_tag-moski-nogometni-dresi","11":"product_tag-nogometni-dresi","12":"product_tag-poceni-nogometni-dresi","13":"product_tag-slovenski-nogometni-dresi","15":"first","16":"instock","17":"shipping-taxable","18":"purchasable","19":"product-type-variable"},"_links":{"self":[{"href":"https:\/\/www.nogometnizaotroke.com\/fr\/wp-json\/wp\/v2\/product\/14664","targetHints":{"allow":["GET"]}}],"collection":[{"href":"https:\/\/www.nogometnizaotroke.com\/fr\/wp-json\/wp\/v2\/product"}],"about":[{"href":"https:\/\/www.nogometnizaotroke.com\/fr\/wp-json\/wp\/v2\/types\/product"}],"replies":[{"embeddable":true,"href":"https:\/\/www.nogometnizaotroke.com\/fr\/wp-json\/wp\/v2\/comments?post=14664"}],"wp:featuredmedia":[{"embeddable":true,"href":"https:\/\/www.nogometnizaotroke.com\/fr\/wp-json\/wp\/v2\/media\/14666"}],"wp:attachment":[{"href":"https:\/\/www.nogometnizaotroke.com\/fr\/wp-json\/wp\/v2\/media?parent=14664"}],"wp:term":[{"taxonomy":"product_brand","embeddable":true,"href":"https:\/\/www.nogometnizaotroke.com\/fr\/wp-json\/wp\/v2\/product_brand?post=14664"},{"taxonomy":"product_cat","embeddable":true,"href":"https:\/\/www.nogometnizaotroke.com\/fr\/wp-json\/wp\/v2\/product_cat?post=14664"},{"taxonomy":"product_tag","embeddable":true,"href":"https:\/\/www.nogometnizaotroke.com\/fr\/wp-json\/wp\/v2\/product_tag?post=14664"}],"curies":[{"name":"wp","href":"https:\/\/api.w.org\/{rel}","templated":true}]}}