{"id":14656,"date":"2024-07-20T12:35:12","date_gmt":"2024-07-20T12:35:12","guid":{"rendered":"https:\/\/www.nogometnionline.com\/?post_type=product&#038;p=14656"},"modified":"2024-07-20T12:35:16","modified_gmt":"2024-07-20T12:35:16","slug":"poceni-moski-nogometni-dresi-kompleti-reprezentance-nemcija-gostujoci-euro-2024","status":"publish","type":"product","link":"https:\/\/www.nogometnizaotroke.com\/fr\/product\/poceni-moski-nogometni-dresi-kompleti-reprezentance-nemcija-gostujoci-euro-2024\/","title":{"rendered":"Cheap Men's Soccer Jerseys Kits Germany National Team Germany Away Euro 2024"},"content":{"rendered":"<p>Nem\u010dija Gostujo\u010di Euro 2024 dresi ima drzno in novo barvno kombinacijo za nem\u0161ko reprezentanco. Nogometni dres DFB 2024 zdru\u017euje roza in vijoli\u010dno. Uradno sta barvi Semi Lucid Fuchsia \/ Team College Purple.Barva res obuja nekaj spominov na majico nem\u0161kega vratarja na svetovnem prvenstvu leta 1990.<\/p>\n<p>Conseils pour les chaussettes : le T-shirt ne comprend pas de chaussettes par d\u00e9faut. Si vous souhaitez des chaussettes, s\u00e9lectionnez les options chaussettes pour les payer.<\/p>\n<p>Conseil d'impression : si le nom et le num\u00e9ro figurant dans l'image correspondent exactement \u00e0 ce que vous souhaitez, il n'est pas n\u00e9cessaire de les saisir \u00e0 nouveau. Si ce n'est pas le cas, entrez le nom et le num\u00e9ro que vous souhaitez.<\/p>\n<p>Conseil de lavage : il est recommand\u00e9 de laver les maillots de football \u00e0 la main. Si vous souhaitez utiliser une machine \u00e0 laver, n'oubliez pas de retourner le maillot avant de le laver. Remplissez la machine avec de l'eau froide et utilisez un cycle de lavage doux pour mieux prot\u00e9ger les couleurs.<\/p>","protected":false},"excerpt":{"rendered":"<p>Nem\u010dija Gostujo\u010di Euro 2024 dresi ima drzno in novo barvno kombinacijo za nem\u0161ko reprezentanco. Nogometni dres DFB 2024 zdru\u017euje roza in vijoli\u010dno. Uradno sta barvi Semi Lucid Fuchsia \/ Team College Purple.Barva res obuja nekaj spominov na majico nem\u0161kega vratarja na svetovnem prvenstvu leta 1990. Nasveti za nogavice: Majica ne vsebuje nogavic privzeto. \u010ce \u017eelite [&hellip;]<\/p>","protected":false},"featured_media":14658,"comment_status":"open","ping_status":"closed","template":"","meta":[],"product_brand":[],"product_cat":[778,140,80],"product_tag":[150,779,153,148,147],"class_list":{"0":"post-14656","1":"product","2":"type-product","3":"status-publish","4":"has-post-thumbnail","6":"product_cat-euro-2024","7":"product_cat-moski","8":"product_cat-dresi-nemcija-reprezentance","9":"product_tag-moski-nogometni-dresi","10":"product_tag-nemcija-euro-2024-dresi","11":"product_tag-nogometni-dresi","12":"product_tag-poceni-nogometni-dresi","13":"product_tag-slovenski-nogometni-dresi","15":"first","16":"instock","17":"shipping-taxable","18":"purchasable","19":"product-type-variable"},"_links":{"self":[{"href":"https:\/\/www.nogometnizaotroke.com\/fr\/wp-json\/wp\/v2\/product\/14656","targetHints":{"allow":["GET"]}}],"collection":[{"href":"https:\/\/www.nogometnizaotroke.com\/fr\/wp-json\/wp\/v2\/product"}],"about":[{"href":"https:\/\/www.nogometnizaotroke.com\/fr\/wp-json\/wp\/v2\/types\/product"}],"replies":[{"embeddable":true,"href":"https:\/\/www.nogometnizaotroke.com\/fr\/wp-json\/wp\/v2\/comments?post=14656"}],"wp:featuredmedia":[{"embeddable":true,"href":"https:\/\/www.nogometnizaotroke.com\/fr\/wp-json\/wp\/v2\/media\/14658"}],"wp:attachment":[{"href":"https:\/\/www.nogometnizaotroke.com\/fr\/wp-json\/wp\/v2\/media?parent=14656"}],"wp:term":[{"taxonomy":"product_brand","embeddable":true,"href":"https:\/\/www.nogometnizaotroke.com\/fr\/wp-json\/wp\/v2\/product_brand?post=14656"},{"taxonomy":"product_cat","embeddable":true,"href":"https:\/\/www.nogometnizaotroke.com\/fr\/wp-json\/wp\/v2\/product_cat?post=14656"},{"taxonomy":"product_tag","embeddable":true,"href":"https:\/\/www.nogometnizaotroke.com\/fr\/wp-json\/wp\/v2\/product_tag?post=14656"}],"curies":[{"name":"wp","href":"https:\/\/api.w.org\/{rel}","templated":true}]}}