{"id":14547,"date":"2024-07-17T13:59:03","date_gmt":"2024-07-17T13:59:03","guid":{"rendered":"https:\/\/www.nogometnionline.com\/?post_type=product&#038;p=14547"},"modified":"2024-07-17T13:59:09","modified_gmt":"2024-07-17T13:59:09","slug":"otroski-nogometni-dresi-za-otroke-anglija-domaci-euro-2024-alexander-arnold-8","status":"publish","type":"product","link":"https:\/\/www.nogometnizaotroke.com\/fr\/product\/otroski-nogometni-dresi-za-otroke-anglija-domaci-euro-2024-alexander-arnold-8\/","title":{"rendered":"Kids Soccer Jerseys for Kids England Home Euro 2024 Alexander-Arnold 8"},"content":{"rendered":"<p>Le maillot de l'Angleterre pour l'Euro 2024 est un grand changement par rapport aux pr\u00e9c\u00e9dents maillots de l'Angleterre. Le maillot de football de l'Angleterre 2024 combine le blanc classique de la campagne avec des d\u00e9tails bleu marine fonc\u00e9 et bordeaux\/rouge clair.Avec un col sp\u00e9cialement con\u00e7u qui est une combinaison du col V classique avec un col Polo. Les bords des manches du maillot de l'Angleterre 2024 pr\u00e9sentent d'\u00e9l\u00e9gantes rayures bleu marine\/rouge clair\/marron.<\/p>\n<p>Conseils pour les chaussettes : le T-shirt ne comprend pas de chaussettes par d\u00e9faut. Si vous souhaitez des chaussettes, s\u00e9lectionnez les options chaussettes pour les payer.<\/p>\n<p>Conseil d'impression : si le nom et le num\u00e9ro figurant dans l'image correspondent exactement \u00e0 ce que vous souhaitez, il n'est pas n\u00e9cessaire de les saisir \u00e0 nouveau. Si ce n'est pas le cas, entrez le nom et le num\u00e9ro que vous souhaitez.<\/p>\n<p>Conseil de lavage : il est recommand\u00e9 de laver les maillots de football \u00e0 la main. Si vous souhaitez utiliser une machine \u00e0 laver, n'oubliez pas de retourner le maillot avant de le laver. Remplissez la machine avec de l'eau froide et utilisez un cycle de lavage doux pour mieux prot\u00e9ger les couleurs.<\/p>","protected":false},"excerpt":{"rendered":"<p>Anglija Doma\u010di Euro 2024 dresi je velika sprememba prej\u0161njih doma\u010dih majic Anglija. Nogometni dres Anglije 2024 zdru\u017euje klasi\u010dno belo dr\u017eavo s temno mornarsko modro barvo in kostanjevimi\/svetlo rde\u010dimi detajli.S posebno izdelanim ovratnikom, ki je kombinacija klasi\u010dnega V ovratnika s Polo ovratnikom. Man\u0161ete rokavov doma\u010dega kompleta za Anglijo 2024 so opremljene z elegantnimi detajli mornarsko-modro-svetlo rde\u010de\/kostanjeve [&hellip;]<\/p>","protected":false},"featured_media":14549,"comment_status":"open","ping_status":"closed","template":"","meta":[],"product_brand":[],"product_cat":[778,73,79],"product_tag":[971,964,785,961,153,220,972,159,960,148,973,147],"class_list":{"0":"post-14547","1":"product","2":"type-product","3":"status-publish","4":"has-post-thumbnail","6":"product_cat-euro-2024","7":"product_cat-otroski","8":"product_cat-dresi-anglija-reprezentance","9":"product_tag-alexander-arnold-dresi","10":"product_tag-anglija-ep-2024-nogometni-dresi-za-otroske","11":"product_tag-anglija-euro-2024-dresi","12":"product_tag-dresi-anglija-za-otroke","13":"product_tag-nogometni-dresi","14":"product_tag-nogometni-dresi-za-otroke","15":"product_tag-otroske-nogometni-dresi-alexander-arnold","16":"product_tag-otroski-nogometni-dresi","17":"product_tag-otroski-nogometni-dresi-anglija","18":"product_tag-poceni-nogometni-dresi","19":"product_tag-poceni-nogometni-dresi-alexander-arnold","20":"product_tag-slovenski-nogometni-dresi","22":"first","23":"instock","24":"shipping-taxable","25":"purchasable","26":"product-type-variable"},"_links":{"self":[{"href":"https:\/\/www.nogometnizaotroke.com\/fr\/wp-json\/wp\/v2\/product\/14547","targetHints":{"allow":["GET"]}}],"collection":[{"href":"https:\/\/www.nogometnizaotroke.com\/fr\/wp-json\/wp\/v2\/product"}],"about":[{"href":"https:\/\/www.nogometnizaotroke.com\/fr\/wp-json\/wp\/v2\/types\/product"}],"replies":[{"embeddable":true,"href":"https:\/\/www.nogometnizaotroke.com\/fr\/wp-json\/wp\/v2\/comments?post=14547"}],"wp:featuredmedia":[{"embeddable":true,"href":"https:\/\/www.nogometnizaotroke.com\/fr\/wp-json\/wp\/v2\/media\/14549"}],"wp:attachment":[{"href":"https:\/\/www.nogometnizaotroke.com\/fr\/wp-json\/wp\/v2\/media?parent=14547"}],"wp:term":[{"taxonomy":"product_brand","embeddable":true,"href":"https:\/\/www.nogometnizaotroke.com\/fr\/wp-json\/wp\/v2\/product_brand?post=14547"},{"taxonomy":"product_cat","embeddable":true,"href":"https:\/\/www.nogometnizaotroke.com\/fr\/wp-json\/wp\/v2\/product_cat?post=14547"},{"taxonomy":"product_tag","embeddable":true,"href":"https:\/\/www.nogometnizaotroke.com\/fr\/wp-json\/wp\/v2\/product_tag?post=14547"}],"curies":[{"name":"wp","href":"https:\/\/api.w.org\/{rel}","templated":true}]}}