{"id":14464,"date":"2024-07-14T13:14:03","date_gmt":"2024-07-14T13:14:03","guid":{"rendered":"https:\/\/www.nogometnionline.com\/?post_type=product&#038;p=14464"},"modified":"2024-07-14T13:14:08","modified_gmt":"2024-07-14T13:14:08","slug":"nogometni-dresi-fc-bayern-munich-domaci-2024-25-rdeca-tiskom-leroy-sane-10","status":"publish","type":"product","link":"https:\/\/www.nogometnizaotroke.com\/fr\/product\/nogometni-dresi-fc-bayern-munich-domaci-2024-25-rdeca-tiskom-leroy-sane-10\/","title":{"rendered":"Nogometni dresi FC Bayern Munich Doma\u010di 2024-25 rde\u010da tiskom Leroy Sane 10"},"content":{"rendered":"<p>FC Bayern Munich Les maillots domicile 2024-25 sont un hommage \u00e0 l'identit\u00e9, \u00e0 l'\u00e9motion et \u00e0 la dramaturgie du jeu que nous aimons. Trois nuances de rouge couvrent le maillot, avec un rouge plus profond sur l'\u00e9cusson et les sponsors. Dans la continuit\u00e9 de ces trois th\u00e8mes, le kit de cette saison rend subtilement hommage \u00e0 la triple victoire du club, qui a remport\u00e9 la Bundesliga, le DFB-Pokal et la Ligue des champions de l'UEFA, un exploit qu'aucun autre club n'a jamais r\u00e9alis\u00e9.<\/p>\n<p>Conseils pour les chaussettes : le T-shirt ne comprend pas de chaussettes par d\u00e9faut. Si vous souhaitez des chaussettes, s\u00e9lectionnez les options chaussettes pour les payer.<\/p>\n<p>Conseil d'impression : si le nom et le num\u00e9ro figurant dans l'image correspondent exactement \u00e0 ce que vous souhaitez, il n'est pas n\u00e9cessaire de les saisir \u00e0 nouveau. Si ce n'est pas le cas, entrez le nom et le num\u00e9ro que vous souhaitez.<\/p>\n<p>Conseil de lavage : il est recommand\u00e9 de laver les maillots de football \u00e0 la main. Si vous souhaitez utiliser une machine \u00e0 laver, n'oubliez pas de retourner le maillot avant de le laver. Remplissez la machine avec de l'eau froide et utilisez un cycle de lavage doux pour mieux prot\u00e9ger les couleurs.<\/p>","protected":false},"excerpt":{"rendered":"<p>FC Bayern Munich Doma\u010di 2024-25 dresi so poklon identiteti, \u010dustvom in drami igre, ki jo imamo radi. Trije odtenki rde\u010de prekrivajo dres, z globljo rde\u010do na grbu in sponzorjih. V nadaljevanju treh tem komplet to sezono prevzame subtilen poklon klubskim na\u010dinom osvajanja trojnih zmagovalk \u2013 osvojil je Bundesligo, DFB-Pokal in UEFA Ligo prvakov \u2013 podvig, [&hellip;]<\/p>","protected":false},"featured_media":14466,"comment_status":"open","ping_status":"closed","template":"","meta":[],"product_brand":[],"product_cat":[140,40],"product_tag":[377,950,150,153,378,194,148,374,147],"class_list":{"0":"post-14464","1":"product","2":"type-product","3":"status-publish","4":"has-post-thumbnail","6":"product_cat-moski","7":"product_cat-nogometni-dresi-bayern-munich","8":"product_tag-dresi-bayern-munich-za-moski","9":"product_tag-leroy-sane-dresi","10":"product_tag-moski-nogometni-dresi","11":"product_tag-nogometni-dresi","12":"product_tag-nogometni-dresi-bayern-munich-za-moski-z-lastnim-tiskom","13":"product_tag-poceni-moski-nogometni-dresi-bayern-munich-z-lastnim-imenom","14":"product_tag-poceni-nogometni-dresi","15":"product_tag-poceni-nogometni-dresi-bayern-munich-z-lastnim-imenom-online","16":"product_tag-slovenski-nogometni-dresi","18":"first","19":"instock","20":"shipping-taxable","21":"purchasable","22":"product-type-variable"},"_links":{"self":[{"href":"https:\/\/www.nogometnizaotroke.com\/fr\/wp-json\/wp\/v2\/product\/14464","targetHints":{"allow":["GET"]}}],"collection":[{"href":"https:\/\/www.nogometnizaotroke.com\/fr\/wp-json\/wp\/v2\/product"}],"about":[{"href":"https:\/\/www.nogometnizaotroke.com\/fr\/wp-json\/wp\/v2\/types\/product"}],"replies":[{"embeddable":true,"href":"https:\/\/www.nogometnizaotroke.com\/fr\/wp-json\/wp\/v2\/comments?post=14464"}],"wp:featuredmedia":[{"embeddable":true,"href":"https:\/\/www.nogometnizaotroke.com\/fr\/wp-json\/wp\/v2\/media\/14466"}],"wp:attachment":[{"href":"https:\/\/www.nogometnizaotroke.com\/fr\/wp-json\/wp\/v2\/media?parent=14464"}],"wp:term":[{"taxonomy":"product_brand","embeddable":true,"href":"https:\/\/www.nogometnizaotroke.com\/fr\/wp-json\/wp\/v2\/product_brand?post=14464"},{"taxonomy":"product_cat","embeddable":true,"href":"https:\/\/www.nogometnizaotroke.com\/fr\/wp-json\/wp\/v2\/product_cat?post=14464"},{"taxonomy":"product_tag","embeddable":true,"href":"https:\/\/www.nogometnizaotroke.com\/fr\/wp-json\/wp\/v2\/product_tag?post=14464"}],"curies":[{"name":"wp","href":"https:\/\/api.w.org\/{rel}","templated":true}]}}