{"id":14305,"date":"2024-07-09T09:32:10","date_gmt":"2024-07-09T09:32:10","guid":{"rendered":"https:\/\/www.nogometnionline.com\/?post_type=product&#038;p=14305"},"modified":"2024-11-11T13:57:29","modified_gmt":"2024-11-11T13:57:29","slug":"otroski-nogometni-dresi-za-otroke-manchester-city-domaci-2024-25-phil-foden-47","status":"publish","type":"product","link":"https:\/\/www.nogometnizaotroke.com\/fr\/product\/otroski-nogometni-dresi-za-otroke-manchester-city-domaci-2024-25-phil-foden-47\/","title":{"rendered":"Otro\u0161ki Nogometni dresi za otroke Manchester City Doma\u010di 2024-25 Phil Foden 47"},"content":{"rendered":"<p><strong>Otro\u0161ki Nogometni dresi za otroke Manchester City Doma\u010di 2024-25 Phil Foden 47<\/strong><\/p>\n<p>Con\u00e7u en bleu ciel, ironiquement bas\u00e9 sur les couleurs de Man City, ce maillot pr\u00e9sente un nouveau design inspir\u00e9 par l'indicatif t\u00e9l\u00e9phonique \"0161\" qui couvre le centre ville de Manchester City. Le maillot bleu ciel est rehauss\u00e9 d'empi\u00e8cements bleu marine et d'un graphisme camouflage unique de style graffiti qui reprend les chiffres \"0161\" autour du col et des poignets des manches. L'insigne de Manchester City et le logo Puma sont brod\u00e9s sur le devant du maillot, et le logo du sponsor est \u00e9galement imprim\u00e9.<\/p>\n<p>Parfait pour tous les jeunes fans de Man City, ce maillot domicile est id\u00e9al pour montrer votre loyaut\u00e9 envers l'\u00e9quipe. Il est dot\u00e9 de manches courtes, d'un col c\u00f4tel\u00e9 et d'une coupe standard pour un confort optimal. Dans la jeunesse de Dean le footballeur, ce maillot est fabriqu\u00e9 \u00e0 partir d'au moins 95 % de polyester recycl\u00e9 %, comporte des canaux d'a\u00e9ration en maille et un agent de gestion de la transpiration Duracell distinctif pour garder les jeunes joueurs au frais et au sec.<\/p>","protected":false},"excerpt":{"rendered":"<p>Otro\u0161ki Nogometni dresi za otroke Manchester City Doma\u010di 2024-25 Phil Foden 47 Ta majica, oblikovana v nebesno modri barvi po ironi\u010dni doma\u010di barvni shemi Man City, ima nov dizajn, ki ga je navdihnila klicna koda \u20180161\u2019, ki pokriva sredi\u0161\u010de Manchester City. Nebe\u0161ko moder dres je poudarjen z mornarskimi vstavki in edinstveno maskirno grafiko v slogu [&hellip;]<\/p>","protected":false},"featured_media":14307,"comment_status":"open","ping_status":"closed","template":"","meta":[],"product_brand":[],"product_cat":[73,44],"product_tag":[821,883,938,153,159,898,148,147],"class_list":{"0":"post-14305","1":"product","2":"type-product","3":"status-publish","4":"has-post-thumbnail","6":"product_cat-otroski","7":"product_cat-nogometni-dresi-manchester-city","8":"product_tag-manchester-city-dres","9":"product_tag-manchester-city-dresi-2024","10":"product_tag-manchester-city-z-lastnim-imenom-online","11":"product_tag-nogometni-dresi","12":"product_tag-otroski-nogometni-dresi","13":"product_tag-phil-foden-dresi","14":"product_tag-poceni-nogometni-dresi","15":"product_tag-slovenski-nogometni-dresi","17":"first","18":"instock","19":"shipping-taxable","20":"purchasable","21":"product-type-variable"},"_links":{"self":[{"href":"https:\/\/www.nogometnizaotroke.com\/fr\/wp-json\/wp\/v2\/product\/14305","targetHints":{"allow":["GET"]}}],"collection":[{"href":"https:\/\/www.nogometnizaotroke.com\/fr\/wp-json\/wp\/v2\/product"}],"about":[{"href":"https:\/\/www.nogometnizaotroke.com\/fr\/wp-json\/wp\/v2\/types\/product"}],"replies":[{"embeddable":true,"href":"https:\/\/www.nogometnizaotroke.com\/fr\/wp-json\/wp\/v2\/comments?post=14305"}],"wp:featuredmedia":[{"embeddable":true,"href":"https:\/\/www.nogometnizaotroke.com\/fr\/wp-json\/wp\/v2\/media\/14307"}],"wp:attachment":[{"href":"https:\/\/www.nogometnizaotroke.com\/fr\/wp-json\/wp\/v2\/media?parent=14305"}],"wp:term":[{"taxonomy":"product_brand","embeddable":true,"href":"https:\/\/www.nogometnizaotroke.com\/fr\/wp-json\/wp\/v2\/product_brand?post=14305"},{"taxonomy":"product_cat","embeddable":true,"href":"https:\/\/www.nogometnizaotroke.com\/fr\/wp-json\/wp\/v2\/product_cat?post=14305"},{"taxonomy":"product_tag","embeddable":true,"href":"https:\/\/www.nogometnizaotroke.com\/fr\/wp-json\/wp\/v2\/product_tag?post=14305"}],"curies":[{"name":"wp","href":"https:\/\/api.w.org\/{rel}","templated":true}]}}