{"id":14093,"date":"2024-07-04T02:55:33","date_gmt":"2024-07-04T02:55:33","guid":{"rendered":"https:\/\/www.nogometnionline.com\/?post_type=product&#038;p=14093"},"modified":"2024-07-04T02:55:38","modified_gmt":"2024-07-04T02:55:38","slug":"zenski-nogometni-dresi-za-nizko-ceno-francija-reprezentance-domaci-em-2024-ibrahima-konate-24","status":"publish","type":"product","link":"https:\/\/www.nogometnizaotroke.com\/fr\/product\/zenski-nogometni-dresi-za-nizko-ceno-francija-reprezentance-domaci-em-2024-ibrahima-konate-24\/","title":{"rendered":"Maillots de football femme \u00e0 bas prix \u00c9quipe nationale de France domicile EM 2024 Ibrahima Konate 24"},"content":{"rendered":"<p>Francija Reprezentance Doma\u010di EM 2024\u00a0 dresi ima klasi\u010den, a eleganten dizajn. V glavnem je &#8220;svetlo modra&#8221;, ki se odmika od mornarske barvne sheme leta 2022. V kombinaciji s tem modrim odtenkom sta &#8220;univerzitetna rde\u010da&#8221; in bela.<br \/>\nL'\u00e9l\u00e9ment le plus frappant du maillot de France 2024 est l'\u00e9cusson. Le Swoosh a lanc\u00e9 une nouvelle palette de couleurs classiques du c\u00e9l\u00e8bre logo de la FFF. L'\u00e9cusson est \u00e9galement d'une taille gigantesque. Le col est dot\u00e9 d'une trompette et d'une construction en V d\u00e9cal\u00e9e unique.<\/p>\n<p>Conseils pour les chaussettes : le T-shirt ne comprend pas de chaussettes par d\u00e9faut. Si vous souhaitez des chaussettes, s\u00e9lectionnez les options chaussettes pour les payer.<\/p>\n<p>Conseil d'impression : si le nom et le num\u00e9ro figurant dans l'image correspondent exactement \u00e0 ce que vous souhaitez, il n'est pas n\u00e9cessaire de les saisir \u00e0 nouveau. Si ce n'est pas le cas, entrez le nom et le num\u00e9ro que vous souhaitez.<\/p>\n<p>Conseil de lavage : il est recommand\u00e9 de laver les maillots de football \u00e0 la main. Si vous souhaitez utiliser une machine \u00e0 laver, n'oubliez pas de retourner le maillot avant de le laver. Remplissez la machine avec de l'eau froide et utilisez un cycle de lavage doux pour mieux prot\u00e9ger les couleurs.<\/p>","protected":false},"excerpt":{"rendered":"<p>Francija Reprezentance Doma\u010di EM 2024\u00a0 dresi ima klasi\u010den, a eleganten dizajn. V glavnem je &#8220;svetlo modra&#8221;, ki se odmika od mornarske barvne sheme leta 2022. V kombinaciji s tem modrim odtenkom sta &#8220;univerzitetna rde\u010da&#8221; in bela. Kar je najbolj presenetljivo pri dresu Francije 2024, je grb. Swoosh se je za\u010del novo klasi\u010dno barvno shemo slavnega [&hellip;]<\/p>","protected":false},"featured_media":14097,"comment_status":"open","ping_status":"closed","template":"","meta":[],"product_brand":[],"product_cat":[778,74,76],"product_tag":[831,832,916,153,148,147,320,917],"class_list":{"0":"post-14093","1":"product","2":"type-product","3":"status-publish","4":"has-post-thumbnail","6":"product_cat-euro-2024","7":"product_cat-zenski","8":"product_cat-dresi-francija-reprezentance","9":"product_tag-dresi-francija-reprezentance","10":"product_tag-euro-2024","11":"product_tag-francija-em-2024-ibrahima-konate-dresi","12":"product_tag-nogometni-dresi","13":"product_tag-poceni-nogometni-dresi","14":"product_tag-slovenski-nogometni-dresi","15":"product_tag-zenski-nogometni-dresi","16":"product_tag-zenski-nogometni-dresi-trgovine","18":"first","19":"instock","20":"shipping-taxable","21":"purchasable","22":"product-type-variable"},"_links":{"self":[{"href":"https:\/\/www.nogometnizaotroke.com\/fr\/wp-json\/wp\/v2\/product\/14093","targetHints":{"allow":["GET"]}}],"collection":[{"href":"https:\/\/www.nogometnizaotroke.com\/fr\/wp-json\/wp\/v2\/product"}],"about":[{"href":"https:\/\/www.nogometnizaotroke.com\/fr\/wp-json\/wp\/v2\/types\/product"}],"replies":[{"embeddable":true,"href":"https:\/\/www.nogometnizaotroke.com\/fr\/wp-json\/wp\/v2\/comments?post=14093"}],"wp:featuredmedia":[{"embeddable":true,"href":"https:\/\/www.nogometnizaotroke.com\/fr\/wp-json\/wp\/v2\/media\/14097"}],"wp:attachment":[{"href":"https:\/\/www.nogometnizaotroke.com\/fr\/wp-json\/wp\/v2\/media?parent=14093"}],"wp:term":[{"taxonomy":"product_brand","embeddable":true,"href":"https:\/\/www.nogometnizaotroke.com\/fr\/wp-json\/wp\/v2\/product_brand?post=14093"},{"taxonomy":"product_cat","embeddable":true,"href":"https:\/\/www.nogometnizaotroke.com\/fr\/wp-json\/wp\/v2\/product_cat?post=14093"},{"taxonomy":"product_tag","embeddable":true,"href":"https:\/\/www.nogometnizaotroke.com\/fr\/wp-json\/wp\/v2\/product_tag?post=14093"}],"curies":[{"name":"wp","href":"https:\/\/api.w.org\/{rel}","templated":true}]}}