{"id":13316,"date":"2024-06-13T02:16:45","date_gmt":"2024-06-13T02:16:45","guid":{"rendered":"https:\/\/www.nogometnionline.com\/?post_type=product&#038;p=13316"},"modified":"2024-06-13T02:16:52","modified_gmt":"2024-06-13T02:16:52","slug":"poceni-nogometni-dresi-fc-bayern-munich-domaci-2024-25-rdeca-tiskom-coman-11","status":"publish","type":"product","link":"https:\/\/www.nogometnizaotroke.com\/fr\/product\/poceni-nogometni-dresi-fc-bayern-munich-domaci-2024-25-rdeca-tiskom-coman-11\/","title":{"rendered":"Poceni Nogometni dresi FC Bayern Munich Doma\u010di 2024-25 rde\u010da tiskom Coman 11"},"content":{"rendered":"<p>Poceni Nogometni dresi FC Bayern Munich Doma\u010di 2024-25 rde\u010da tiskom Coman 11<\/p>","protected":false},"excerpt":{"rendered":"<p>Poceni Nogometni dresi FC Bayern Munich Doma\u010di 2024-25 rde\u010da tiskom Coman 11<\/p>","protected":false},"featured_media":13318,"comment_status":"open","ping_status":"closed","template":"","meta":[],"product_brand":[],"product_cat":[140,40],"product_tag":[878,377,150,379,153,378,194,148,374,147],"class_list":{"0":"post-13316","1":"product","2":"type-product","3":"status-publish","4":"has-post-thumbnail","6":"product_cat-moski","7":"product_cat-nogometni-dresi-bayern-munich","8":"product_tag-coman-11-dresi","9":"product_tag-dresi-bayern-munich-za-moski","10":"product_tag-moski-nogometni-dresi","11":"product_tag-moski-nogometni-dresi-bayern-munich-z-lastnim-imenom","12":"product_tag-nogometni-dresi","13":"product_tag-nogometni-dresi-bayern-munich-za-moski-z-lastnim-tiskom","14":"product_tag-poceni-moski-nogometni-dresi-bayern-munich-z-lastnim-imenom","15":"product_tag-poceni-nogometni-dresi","16":"product_tag-poceni-nogometni-dresi-bayern-munich-z-lastnim-imenom-online","17":"product_tag-slovenski-nogometni-dresi","19":"first","20":"instock","21":"shipping-taxable","22":"purchasable","23":"product-type-variable"},"_links":{"self":[{"href":"https:\/\/www.nogometnizaotroke.com\/fr\/wp-json\/wp\/v2\/product\/13316","targetHints":{"allow":["GET"]}}],"collection":[{"href":"https:\/\/www.nogometnizaotroke.com\/fr\/wp-json\/wp\/v2\/product"}],"about":[{"href":"https:\/\/www.nogometnizaotroke.com\/fr\/wp-json\/wp\/v2\/types\/product"}],"replies":[{"embeddable":true,"href":"https:\/\/www.nogometnizaotroke.com\/fr\/wp-json\/wp\/v2\/comments?post=13316"}],"wp:featuredmedia":[{"embeddable":true,"href":"https:\/\/www.nogometnizaotroke.com\/fr\/wp-json\/wp\/v2\/media\/13318"}],"wp:attachment":[{"href":"https:\/\/www.nogometnizaotroke.com\/fr\/wp-json\/wp\/v2\/media?parent=13316"}],"wp:term":[{"taxonomy":"product_brand","embeddable":true,"href":"https:\/\/www.nogometnizaotroke.com\/fr\/wp-json\/wp\/v2\/product_brand?post=13316"},{"taxonomy":"product_cat","embeddable":true,"href":"https:\/\/www.nogometnizaotroke.com\/fr\/wp-json\/wp\/v2\/product_cat?post=13316"},{"taxonomy":"product_tag","embeddable":true,"href":"https:\/\/www.nogometnizaotroke.com\/fr\/wp-json\/wp\/v2\/product_tag?post=13316"}],"curies":[{"name":"wp","href":"https:\/\/api.w.org\/{rel}","templated":true}]}}