{"id":12834,"date":"2024-05-22T08:55:05","date_gmt":"2024-05-22T08:55:05","guid":{"rendered":"https:\/\/www.nogometnionline.com\/?post_type=product&#038;p=12834"},"modified":"2024-05-22T08:55:12","modified_gmt":"2024-05-22T08:55:12","slug":"moski-nogometni-dresi-spanija-domaci-euro-2024-rdeca-kratek-rokav-modra-kratke-hlace","status":"publish","type":"product","link":"https:\/\/www.nogometnizaotroke.com\/fr\/product\/moski-nogometni-dresi-spanija-domaci-euro-2024-rdeca-kratek-rokav-modra-kratke-hlace\/","title":{"rendered":"Mo\u0161ki Nogometni dresi \u0160panija Doma\u010di Euro 2024 rde\u010da Kratek Rokav + modra Kratke hla\u010de"},"content":{"rendered":"<p>Mo\u0161ki Nogometni dresi \u0160panija Doma\u010di Euro 2024 rde\u010da Kratek Rokav + modra Kratke hla\u010de<\/p>","protected":false},"excerpt":{"rendered":"<p>Mo\u0161ki Nogometni dresi \u0160panija Doma\u010di Euro 2024 rde\u010da Kratek Rokav + modra Kratke hla\u010de<\/p>","protected":false},"featured_media":12836,"comment_status":"open","ping_status":"closed","template":"","meta":[],"product_brand":[],"product_cat":[778,140,85],"product_tag":[150,153,148,147,784],"class_list":{"0":"post-12834","1":"product","2":"type-product","3":"status-publish","4":"has-post-thumbnail","6":"product_cat-euro-2024","7":"product_cat-moski","8":"product_cat-dresi-spanija-reprezentance","9":"product_tag-moski-nogometni-dresi","10":"product_tag-nogometni-dresi","11":"product_tag-poceni-nogometni-dresi","12":"product_tag-slovenski-nogometni-dresi","13":"product_tag-spanija-euro-2024-dresi","15":"first","16":"instock","17":"shipping-taxable","18":"purchasable","19":"product-type-variable"},"_links":{"self":[{"href":"https:\/\/www.nogometnizaotroke.com\/fr\/wp-json\/wp\/v2\/product\/12834","targetHints":{"allow":["GET"]}}],"collection":[{"href":"https:\/\/www.nogometnizaotroke.com\/fr\/wp-json\/wp\/v2\/product"}],"about":[{"href":"https:\/\/www.nogometnizaotroke.com\/fr\/wp-json\/wp\/v2\/types\/product"}],"replies":[{"embeddable":true,"href":"https:\/\/www.nogometnizaotroke.com\/fr\/wp-json\/wp\/v2\/comments?post=12834"}],"wp:featuredmedia":[{"embeddable":true,"href":"https:\/\/www.nogometnizaotroke.com\/fr\/wp-json\/wp\/v2\/media\/12836"}],"wp:attachment":[{"href":"https:\/\/www.nogometnizaotroke.com\/fr\/wp-json\/wp\/v2\/media?parent=12834"}],"wp:term":[{"taxonomy":"product_brand","embeddable":true,"href":"https:\/\/www.nogometnizaotroke.com\/fr\/wp-json\/wp\/v2\/product_brand?post=12834"},{"taxonomy":"product_cat","embeddable":true,"href":"https:\/\/www.nogometnizaotroke.com\/fr\/wp-json\/wp\/v2\/product_cat?post=12834"},{"taxonomy":"product_tag","embeddable":true,"href":"https:\/\/www.nogometnizaotroke.com\/fr\/wp-json\/wp\/v2\/product_tag?post=12834"}],"curies":[{"name":"wp","href":"https:\/\/api.w.org\/{rel}","templated":true}]}}