{"id":12646,"date":"2024-05-14T03:32:31","date_gmt":"2024-05-14T03:32:31","guid":{"rendered":"https:\/\/www.nogometnionline.com\/?post_type=product&#038;p=12646"},"modified":"2024-05-14T03:32:36","modified_gmt":"2024-05-14T03:32:36","slug":"moski-nogometni-dresi-bvb-borussia-dortmund-vratar-domaci-2023-24-vijolicna-dolgi-rokav-kobel-1","status":"publish","type":"product","link":"https:\/\/www.nogometnizaotroke.com\/fr\/product\/moski-nogometni-dresi-bvb-borussia-dortmund-vratar-domaci-2023-24-vijolicna-dolgi-rokav-kobel-1\/","title":{"rendered":"Mo\u0161ki Nogometni dresi BVB Borussia Dortmund Vratar Doma\u010di 2023-24 vijoli\u010dna Dolgi Rokav Kobel 1"},"content":{"rendered":"<p>Mo\u0161ki Nogometni dresi BVB Borussia Dortmund Vratar Doma\u010di 2023-24 vijoli\u010dna Dolgi Rokav Kobel 1<\/p>","protected":false},"excerpt":{"rendered":"<p>Mo\u0161ki Nogometni dresi BVB Borussia Dortmund Vratar Doma\u010di 2023-24 vijoli\u010dna Dolgi Rokav Kobel 1<\/p>","protected":false},"featured_media":12649,"comment_status":"open","ping_status":"closed","template":"","meta":[],"product_brand":[],"product_cat":[140,45],"product_tag":[150,153,196,148,147],"class_list":{"0":"post-12646","1":"product","2":"type-product","3":"status-publish","4":"has-post-thumbnail","6":"product_cat-moski","7":"product_cat-nogometni-dresi-dortmund","8":"product_tag-moski-nogometni-dresi","9":"product_tag-nogometni-dresi","10":"product_tag-poceni-moski-nogometni-dresi-dortmund-z-lastnim-imenom","11":"product_tag-poceni-nogometni-dresi","12":"product_tag-slovenski-nogometni-dresi","14":"first","15":"instock","16":"shipping-taxable","17":"purchasable","18":"product-type-variable"},"_links":{"self":[{"href":"https:\/\/www.nogometnizaotroke.com\/fr\/wp-json\/wp\/v2\/product\/12646","targetHints":{"allow":["GET"]}}],"collection":[{"href":"https:\/\/www.nogometnizaotroke.com\/fr\/wp-json\/wp\/v2\/product"}],"about":[{"href":"https:\/\/www.nogometnizaotroke.com\/fr\/wp-json\/wp\/v2\/types\/product"}],"replies":[{"embeddable":true,"href":"https:\/\/www.nogometnizaotroke.com\/fr\/wp-json\/wp\/v2\/comments?post=12646"}],"wp:featuredmedia":[{"embeddable":true,"href":"https:\/\/www.nogometnizaotroke.com\/fr\/wp-json\/wp\/v2\/media\/12649"}],"wp:attachment":[{"href":"https:\/\/www.nogometnizaotroke.com\/fr\/wp-json\/wp\/v2\/media?parent=12646"}],"wp:term":[{"taxonomy":"product_brand","embeddable":true,"href":"https:\/\/www.nogometnizaotroke.com\/fr\/wp-json\/wp\/v2\/product_brand?post=12646"},{"taxonomy":"product_cat","embeddable":true,"href":"https:\/\/www.nogometnizaotroke.com\/fr\/wp-json\/wp\/v2\/product_cat?post=12646"},{"taxonomy":"product_tag","embeddable":true,"href":"https:\/\/www.nogometnizaotroke.com\/fr\/wp-json\/wp\/v2\/product_tag?post=12646"}],"curies":[{"name":"wp","href":"https:\/\/api.w.org\/{rel}","templated":true}]}}