{"id":12541,"date":"2024-05-08T08:20:57","date_gmt":"2024-05-08T08:20:57","guid":{"rendered":"https:\/\/www.nogometnionline.com\/?post_type=product&#038;p=12541"},"modified":"2024-05-08T08:21:01","modified_gmt":"2024-05-08T08:21:01","slug":"nogometni-dresi-trgovina-zdruzene-drzave-domaci-copa-america-2024-bela-dolgi-rokav","status":"publish","type":"product","link":"https:\/\/www.nogometnizaotroke.com\/fr\/product\/nogometni-dresi-trgovina-zdruzene-drzave-domaci-copa-america-2024-bela-dolgi-rokav\/","title":{"rendered":"Nogometni dresi trgovina Zdru\u017eene dr\u017eave Doma\u010di Copa America 2024 bela Dolgi Rokav"},"content":{"rendered":"<p>Nogometni dresi trgovina Zdru\u017eene dr\u017eave Doma\u010di Copa America 2024 bela Dolgi Rokav<\/p>","protected":false},"excerpt":{"rendered":"<p>Nogometni dresi trgovina Zdru\u017eene dr\u017eave Doma\u010di Copa America 2024 bela Dolgi Rokav<\/p>","protected":false},"featured_media":12531,"comment_status":"open","ping_status":"closed","template":"","meta":[],"product_brand":[],"product_cat":[140,109],"product_tag":[150,153,148,147,813],"class_list":{"0":"post-12541","1":"product","2":"type-product","3":"status-publish","4":"has-post-thumbnail","6":"product_cat-moski","7":"product_cat-dresi-zdruzene-drzave-reprezentance","8":"product_tag-moski-nogometni-dresi","9":"product_tag-nogometni-dresi","10":"product_tag-poceni-nogometni-dresi","11":"product_tag-slovenski-nogometni-dresi","12":"product_tag-zdruzene-drzave-copa-america-2024-dresi","14":"first","15":"instock","16":"shipping-taxable","17":"purchasable","18":"product-type-variable"},"_links":{"self":[{"href":"https:\/\/www.nogometnizaotroke.com\/fr\/wp-json\/wp\/v2\/product\/12541","targetHints":{"allow":["GET"]}}],"collection":[{"href":"https:\/\/www.nogometnizaotroke.com\/fr\/wp-json\/wp\/v2\/product"}],"about":[{"href":"https:\/\/www.nogometnizaotroke.com\/fr\/wp-json\/wp\/v2\/types\/product"}],"replies":[{"embeddable":true,"href":"https:\/\/www.nogometnizaotroke.com\/fr\/wp-json\/wp\/v2\/comments?post=12541"}],"wp:featuredmedia":[{"embeddable":true,"href":"https:\/\/www.nogometnizaotroke.com\/fr\/wp-json\/wp\/v2\/media\/12531"}],"wp:attachment":[{"href":"https:\/\/www.nogometnizaotroke.com\/fr\/wp-json\/wp\/v2\/media?parent=12541"}],"wp:term":[{"taxonomy":"product_brand","embeddable":true,"href":"https:\/\/www.nogometnizaotroke.com\/fr\/wp-json\/wp\/v2\/product_brand?post=12541"},{"taxonomy":"product_cat","embeddable":true,"href":"https:\/\/www.nogometnizaotroke.com\/fr\/wp-json\/wp\/v2\/product_cat?post=12541"},{"taxonomy":"product_tag","embeddable":true,"href":"https:\/\/www.nogometnizaotroke.com\/fr\/wp-json\/wp\/v2\/product_tag?post=12541"}],"curies":[{"name":"wp","href":"https:\/\/api.w.org\/{rel}","templated":true}]}}