{"id":12196,"date":"2024-04-25T02:46:24","date_gmt":"2024-04-25T02:46:24","guid":{"rendered":"https:\/\/www.nogometnionline.com\/?post_type=product&#038;p=12196"},"modified":"2024-04-25T02:46:28","modified_gmt":"2024-04-25T02:46:28","slug":"kje-kupiti-nogometni-dresi-argentina-gostujoci-copa-america-2024-po-narocilu","status":"publish","type":"product","link":"https:\/\/www.nogometnizaotroke.com\/fr\/product\/kje-kupiti-nogometni-dresi-argentina-gostujoci-copa-america-2024-po-narocilu\/","title":{"rendered":"O\u00f9 acheter des maillots de football personnalis\u00e9s L'Argentine accueille la Copa America 2024"},"content":{"rendered":"<p>O\u00f9 acheter des maillots de football personnalis\u00e9s L'Argentine accueille la Copa America 2024<\/p>","protected":false},"excerpt":{"rendered":"<p>O\u00f9 acheter des maillots de football personnalis\u00e9s L'Argentine accueille la Copa America 2024<\/p>","protected":false},"featured_media":12198,"comment_status":"open","ping_status":"closed","template":"","meta":[],"product_brand":[],"product_cat":[140,81],"product_tag":[816,817,153,148,147],"class_list":{"0":"post-12196","1":"product","2":"type-product","3":"status-publish","4":"has-post-thumbnail","6":"product_cat-moski","7":"product_cat-dresi-argentina-reprezentance","8":"product_tag-argentina-copa-america-2024-dresi","9":"product_tag-kje-kupiti-nogometni-dresi","10":"product_tag-nogometni-dresi","11":"product_tag-poceni-nogometni-dresi","12":"product_tag-slovenski-nogometni-dresi","14":"first","15":"instock","16":"shipping-taxable","17":"purchasable","18":"product-type-variable"},"_links":{"self":[{"href":"https:\/\/www.nogometnizaotroke.com\/fr\/wp-json\/wp\/v2\/product\/12196","targetHints":{"allow":["GET"]}}],"collection":[{"href":"https:\/\/www.nogometnizaotroke.com\/fr\/wp-json\/wp\/v2\/product"}],"about":[{"href":"https:\/\/www.nogometnizaotroke.com\/fr\/wp-json\/wp\/v2\/types\/product"}],"replies":[{"embeddable":true,"href":"https:\/\/www.nogometnizaotroke.com\/fr\/wp-json\/wp\/v2\/comments?post=12196"}],"wp:featuredmedia":[{"embeddable":true,"href":"https:\/\/www.nogometnizaotroke.com\/fr\/wp-json\/wp\/v2\/media\/12198"}],"wp:attachment":[{"href":"https:\/\/www.nogometnizaotroke.com\/fr\/wp-json\/wp\/v2\/media?parent=12196"}],"wp:term":[{"taxonomy":"product_brand","embeddable":true,"href":"https:\/\/www.nogometnizaotroke.com\/fr\/wp-json\/wp\/v2\/product_brand?post=12196"},{"taxonomy":"product_cat","embeddable":true,"href":"https:\/\/www.nogometnizaotroke.com\/fr\/wp-json\/wp\/v2\/product_cat?post=12196"},{"taxonomy":"product_tag","embeddable":true,"href":"https:\/\/www.nogometnizaotroke.com\/fr\/wp-json\/wp\/v2\/product_tag?post=12196"}],"curies":[{"name":"wp","href":"https:\/\/api.w.org\/{rel}","templated":true}]}}