{"id":11749,"date":"2024-04-18T04:11:03","date_gmt":"2024-04-18T04:11:03","guid":{"rendered":"https:\/\/www.nogometnionline.com\/?post_type=product&#038;p=11749"},"modified":"2024-04-18T04:11:08","modified_gmt":"2024-04-18T04:11:08","slug":"otroski-nogometni-dresi-za-otroke-francija-domaci-euro-2024-z-lastnim-imenom-online","status":"publish","type":"product","link":"https:\/\/www.nogometnizaotroke.com\/fr\/product\/otroski-nogometni-dresi-za-otroke-francija-domaci-euro-2024-z-lastnim-imenom-online\/","title":{"rendered":"Otro\u0161ki Nogometni dresi za otroke Francija Doma\u010di Euro 2024 z lastnim imenom online"},"content":{"rendered":"<p>Otro\u0161ki Nogometni dresi za otroke Francija Doma\u010di Euro 2024 z lastnim imenom online<\/p>","protected":false},"excerpt":{"rendered":"<p>Otro\u0161ki Nogometni dresi za otroke Francija Doma\u010di Euro 2024 z lastnim imenom online<\/p>","protected":false},"featured_media":11751,"comment_status":"open","ping_status":"closed","template":"","meta":[],"product_brand":[],"product_cat":[778,73,76],"product_tag":[786,153,159,148,147],"class_list":{"0":"post-11749","1":"product","2":"type-product","3":"status-publish","4":"has-post-thumbnail","6":"product_cat-euro-2024","7":"product_cat-otroski","8":"product_cat-dresi-francija-reprezentance","9":"product_tag-francija-euro-2024-dresi","10":"product_tag-nogometni-dresi","11":"product_tag-otroski-nogometni-dresi","12":"product_tag-poceni-nogometni-dresi","13":"product_tag-slovenski-nogometni-dresi","15":"first","16":"instock","17":"shipping-taxable","18":"purchasable","19":"product-type-variable"},"_links":{"self":[{"href":"https:\/\/www.nogometnizaotroke.com\/fr\/wp-json\/wp\/v2\/product\/11749","targetHints":{"allow":["GET"]}}],"collection":[{"href":"https:\/\/www.nogometnizaotroke.com\/fr\/wp-json\/wp\/v2\/product"}],"about":[{"href":"https:\/\/www.nogometnizaotroke.com\/fr\/wp-json\/wp\/v2\/types\/product"}],"replies":[{"embeddable":true,"href":"https:\/\/www.nogometnizaotroke.com\/fr\/wp-json\/wp\/v2\/comments?post=11749"}],"wp:featuredmedia":[{"embeddable":true,"href":"https:\/\/www.nogometnizaotroke.com\/fr\/wp-json\/wp\/v2\/media\/11751"}],"wp:attachment":[{"href":"https:\/\/www.nogometnizaotroke.com\/fr\/wp-json\/wp\/v2\/media?parent=11749"}],"wp:term":[{"taxonomy":"product_brand","embeddable":true,"href":"https:\/\/www.nogometnizaotroke.com\/fr\/wp-json\/wp\/v2\/product_brand?post=11749"},{"taxonomy":"product_cat","embeddable":true,"href":"https:\/\/www.nogometnizaotroke.com\/fr\/wp-json\/wp\/v2\/product_cat?post=11749"},{"taxonomy":"product_tag","embeddable":true,"href":"https:\/\/www.nogometnizaotroke.com\/fr\/wp-json\/wp\/v2\/product_tag?post=11749"}],"curies":[{"name":"wp","href":"https:\/\/api.w.org\/{rel}","templated":true}]}}