{"id":11531,"date":"2024-04-12T14:23:31","date_gmt":"2024-04-12T14:23:31","guid":{"rendered":"https:\/\/www.nogometnionline.com\/?post_type=product&#038;p=11531"},"modified":"2024-04-12T14:23:35","modified_gmt":"2024-04-12T14:23:35","slug":"moski-nogometni-dresi-nemcija-domaci-euro-2024-kratek-rokav-kai-havertz-7","status":"publish","type":"product","link":"https:\/\/www.nogometnizaotroke.com\/fr\/product\/moski-nogometni-dresi-nemcija-domaci-euro-2024-kratek-rokav-kai-havertz-7\/","title":{"rendered":"Mo\u0161ki Nogometni dresi Nem\u010dija Doma\u010di Euro 2024 Kratek Rokav Kai Havertz 7"},"content":{"rendered":"<p>Mo\u0161ki Nogometni dresi Nem\u010dija Doma\u010di Euro 2024 Kratek Rokav Kai Havertz 7<\/p>","protected":false},"excerpt":{"rendered":"<p>Mo\u0161ki Nogometni dresi Nem\u010dija Doma\u010di Euro 2024 Kratek Rokav Kai Havertz 7<\/p>","protected":false},"featured_media":11533,"comment_status":"open","ping_status":"closed","template":"","meta":[],"product_brand":[],"product_cat":[778,140,80],"product_tag":[150,779,153,148,147],"class_list":{"0":"post-11531","1":"product","2":"type-product","3":"status-publish","4":"has-post-thumbnail","6":"product_cat-euro-2024","7":"product_cat-moski","8":"product_cat-dresi-nemcija-reprezentance","9":"product_tag-moski-nogometni-dresi","10":"product_tag-nemcija-euro-2024-dresi","11":"product_tag-nogometni-dresi","12":"product_tag-poceni-nogometni-dresi","13":"product_tag-slovenski-nogometni-dresi","15":"first","16":"instock","17":"shipping-taxable","18":"purchasable","19":"product-type-variable"},"_links":{"self":[{"href":"https:\/\/www.nogometnizaotroke.com\/fr\/wp-json\/wp\/v2\/product\/11531","targetHints":{"allow":["GET"]}}],"collection":[{"href":"https:\/\/www.nogometnizaotroke.com\/fr\/wp-json\/wp\/v2\/product"}],"about":[{"href":"https:\/\/www.nogometnizaotroke.com\/fr\/wp-json\/wp\/v2\/types\/product"}],"replies":[{"embeddable":true,"href":"https:\/\/www.nogometnizaotroke.com\/fr\/wp-json\/wp\/v2\/comments?post=11531"}],"wp:featuredmedia":[{"embeddable":true,"href":"https:\/\/www.nogometnizaotroke.com\/fr\/wp-json\/wp\/v2\/media\/11533"}],"wp:attachment":[{"href":"https:\/\/www.nogometnizaotroke.com\/fr\/wp-json\/wp\/v2\/media?parent=11531"}],"wp:term":[{"taxonomy":"product_brand","embeddable":true,"href":"https:\/\/www.nogometnizaotroke.com\/fr\/wp-json\/wp\/v2\/product_brand?post=11531"},{"taxonomy":"product_cat","embeddable":true,"href":"https:\/\/www.nogometnizaotroke.com\/fr\/wp-json\/wp\/v2\/product_cat?post=11531"},{"taxonomy":"product_tag","embeddable":true,"href":"https:\/\/www.nogometnizaotroke.com\/fr\/wp-json\/wp\/v2\/product_tag?post=11531"}],"curies":[{"name":"wp","href":"https:\/\/api.w.org\/{rel}","templated":true}]}}